{"id":1136,"date":"2018-09-01T12:38:59","date_gmt":"2018-09-01T11:38:59","guid":{"rendered":"http:\/\/gauthierlift.com\/wordpress\/?page_id=1136"},"modified":"2026-01-06T21:11:09","modified_gmt":"2026-01-06T20:11:09","slug":"carriere","status":"publish","type":"page","link":"https:\/\/gauthierlift.com\/wordpress\/carriere\/","title":{"rendered":"CARRI\u00c8RE"},"content":{"rendered":"<h2><span style=\"font-size: 21px;\">Se r\u00e9aliser chez Gauthier Chariots \u00c9l\u00e9vateurs, c&rsquo;est possible!<\/span><\/h2>\n<p>&nbsp;<\/p>\n<p>L\u2019\u00e9quipe de Gauthier Chariots \u00c9l\u00e9vateurs s\u2019implique activement dans la recherche et la mise en place de solutions. Nos r\u00e9alisations reposent sur des gens comp\u00e9tents et passionn\u00e9s qui ont \u00e0 c\u0153ur de desservir leur client et leur coll\u00e8gue. Nos efforts soutenus, notre expertise et notre service sont reconnus \u00e0 travers le Centre-du-Qu\u00e9bec.<\/p>\n<p>L\u2019\u00e9quipe Gauthier, c\u2019est aussi la <strong>conciliation travail\/famille<\/strong>, <strong>les possibilit\u00e9s d\u2019avancement<\/strong>, <strong>le fonds de pension<\/strong>, <strong>les assurances collectives<\/strong> et plus encore!<\/p>\n<p>\u00c7a t&rsquo;int\u00e9resse?<\/p>\n<p>Contacte-nous et joint toi \u00e0 l&rsquo;\u00e9quipe!<\/p>\n<p>&nbsp;<\/p>\n<p><strong><span style=\"font-size: 24px;\">TECHNICIEN DE ROUTE &#8211; PLUSIEURS OPPORTUNIT\u00c9S<\/span><\/strong><\/p>\n<div class=\"xdj266r x11i5rnm xat24cr x1mh8g0r x1vvkbs x126k92a\">\n<div dir=\"auto\">Tu trippes m\u00e9canique? On va t&rsquo;\u00e9quiper avec des bons outils et des beaux d\u00e9fis!<\/div>\n<div dir=\"auto\"><\/div>\n<\/div>\n<div class=\"x11i5rnm xat24cr x1mh8g0r x1vvkbs xtlvy1s x126k92a\">\n<div dir=\"auto\">Amateur des beaux paysages et de kilom\u00e8tres? Tu vas faire de la route dans ton super camion-atelier! <span class=\"html-span xexx8yu x4uap5 x18d9i69 xkhd6sd x1hl2dhg x16tdsg8 x1vvkbs x3nfvp2 x1j61x8r x1fcty0u xdj266r xat24cr xgzva0m xhhsvwb xxymvpz xlup9mm x1kky2od\"><img decoding=\"async\" class=\"xz74otr\" src=\"https:\/\/static.xx.fbcdn.net\/images\/emoji.php\/v9\/t16\/1\/16\/1f69a.png\" alt=\"\" width=\"16\" height=\"16\" \/><\/span><\/div>\n<div dir=\"auto\"><\/div>\n<\/div>\n<div class=\"x11i5rnm xat24cr x1mh8g0r x1vvkbs xtlvy1s x126k92a\">\n<div dir=\"auto\">Sympathique, consciencieux et fiable? <span class=\"html-span xexx8yu x4uap5 x18d9i69 xkhd6sd x1hl2dhg x16tdsg8 x1vvkbs x3nfvp2 x1j61x8r x1fcty0u xdj266r xat24cr xgzva0m xhhsvwb xxymvpz xlup9mm x1kky2od\"><img decoding=\"async\" class=\"xz74otr\" src=\"https:\/\/static.xx.fbcdn.net\/images\/emoji.php\/v9\/t83\/1\/16\/1f60e.png\" alt=\"\" width=\"16\" height=\"16\" \/><\/span> On a une super \u00e9quipe et d&rsquo;excellentes conditions pour toi!<\/div>\n<\/div>\n<div dir=\"auto\"><\/div>\n<div dir=\"auto\">PLUSIEURS POSTES DISPONIBLES<\/div>\n<div dir=\"auto\">&#8211; Montr\u00e9al et environs<\/div>\n<div dir=\"auto\">&#8211; Capitale-Nationale<\/div>\n<div dir=\"auto\">&#8211; Estrie\/Mauricie\/Centre-du-Qu\u00e9bec<\/div>\n<p><a href=\"https:\/\/gauthierlift.com\/wordpress\/wp-content\/uploads\/2025\/03\/480119918_1162875708926939_6776936840369663852_n.jpg\"><img decoding=\"async\" width=\"500\" height=\"419\" class=\"alignnone size-medium wp-image-6139\" src=\"https:\/\/gauthierlift.com\/wordpress\/wp-content\/uploads\/2025\/03\/480119918_1162875708926939_6776936840369663852_n-500x419.jpg\" alt=\"\" srcset=\"https:\/\/gauthierlift.com\/wordpress\/wp-content\/uploads\/2025\/03\/480119918_1162875708926939_6776936840369663852_n-500x419.jpg 500w, https:\/\/gauthierlift.com\/wordpress\/wp-content\/uploads\/2025\/03\/480119918_1162875708926939_6776936840369663852_n-800x671.jpg 800w, https:\/\/gauthierlift.com\/wordpress\/wp-content\/uploads\/2025\/03\/480119918_1162875708926939_6776936840369663852_n-768x644.jpg 768w, https:\/\/gauthierlift.com\/wordpress\/wp-content\/uploads\/2025\/03\/480119918_1162875708926939_6776936840369663852_n-250x210.jpg 250w, https:\/\/gauthierlift.com\/wordpress\/wp-content\/uploads\/2025\/03\/480119918_1162875708926939_6776936840369663852_n.jpg 940w\" sizes=\"(max-width: 500px) 100vw, 500px\" \/><\/a><\/p>\n<p>Pour postuler, clique sur ce lien:<\/p>\n<p><a href=\"https:\/\/ca.indeed.com\/jobs?q=gauthier+chariots+%C3%A9l%C3%A9vateurs&amp;l=&amp;from=searchOnHP&amp;vjk=36575f696e635995&amp;advn=9371116366507487\">https:\/\/ca.indeed.com\/jobs?q=gauthier+chariots+%C3%A9l%C3%A9vateurs&amp;l=&amp;from=searchOnHP&amp;vjk=36575f696e635995&amp;advn=9371116366507487<\/a><\/p>\n<p>&nbsp;<\/p>\n","protected":false},"excerpt":{"rendered":"Se r\u00e9aliser chez Gauthier Chariots \u00c9l\u00e9vateurs, c&rsquo;est possible! &nbsp; L\u2019\u00e9quipe de Gauthier Chariots \u00c9l\u00e9vateurs s\u2019implique activement dans la recherche et la mise en place de solutions. Nos r\u00e9alisations reposent sur des gens comp\u00e9tents et passionn\u00e9s qui ont \u00e0 c\u0153ur de desservir leur client et leur coll\u00e8gue. Nos efforts soutenus, notre expertise et notre service sont&#8230;<br><br><a class=\"view-article\" href=\"https:\/\/gauthierlift.com\/wordpress\/carriere\/\">Voir l&rsquo;article<\/a>","protected":false},"author":3,"featured_media":0,"parent":0,"menu_order":0,"comment_status":"closed","ping_status":"closed","template":"template_carriere.php","meta":{"footnotes":""},"class_list":["post-1136","page","type-page","status-publish","hentry"],"yoast_head":"<!-- This site is optimized with the Yoast SEO plugin v26.6 - https:\/\/yoast.com\/wordpress\/plugins\/seo\/ -->\n<title>Offre d&#039;emploi comme m\u00e9canicien chez Gauthier Chariots \u00c9l\u00e9vateurs<\/title>\n<meta name=\"description\" content=\"Appliquez pour le poste de M\u00e9canicien chez Gauthier Chariots \u00c9l\u00e9vateurs. Acc\u00e9dez \u00e0 la page pour tous les d\u00e9tails du poste.\" \/>\n<meta name=\"robots\" content=\"index, follow, max-snippet:-1, max-image-preview:large, max-video-preview:-1\" \/>\n<link rel=\"canonical\" href=\"https:\/\/gauthierlift.com\/wordpress\/carriere\/\" \/>\n<meta property=\"og:locale\" content=\"fr_FR\" \/>\n<meta property=\"og:type\" content=\"article\" \/>\n<meta property=\"og:title\" content=\"Offre d&#039;emploi comme m\u00e9canicien chez Gauthier Chariots \u00c9l\u00e9vateurs\" \/>\n<meta property=\"og:description\" content=\"Appliquez pour le poste de M\u00e9canicien chez Gauthier Chariots \u00c9l\u00e9vateurs. Acc\u00e9dez \u00e0 la page pour tous les d\u00e9tails du poste.\" \/>\n<meta property=\"og:url\" content=\"https:\/\/gauthierlift.com\/wordpress\/carriere\/\" \/>\n<meta property=\"og:site_name\" content=\"Gauthier Chariots \u00c9l\u00e9vateurs\" \/>\n<meta property=\"article:modified_time\" content=\"2026-01-06T20:11:09+00:00\" \/>\n<meta property=\"og:image\" content=\"https:\/\/static.xx.fbcdn.net\/images\/emoji.php\/v9\/t16\/1\/16\/1f69a.png\" \/>\n<meta name=\"twitter:card\" content=\"summary_large_image\" \/>\n<meta name=\"twitter:label1\" content=\"Dur\u00e9e de lecture estim\u00e9e\" \/>\n\t<meta name=\"twitter:data1\" content=\"2 minutes\" \/>\n<script type=\"application\/ld+json\" class=\"yoast-schema-graph\">{\"@context\":\"https:\/\/schema.org\",\"@graph\":[{\"@type\":\"WebPage\",\"@id\":\"https:\/\/gauthierlift.com\/wordpress\/carriere\/\",\"url\":\"https:\/\/gauthierlift.com\/wordpress\/carriere\/\",\"name\":\"Offre d'emploi comme m\u00e9canicien chez Gauthier Chariots \u00c9l\u00e9vateurs\",\"isPartOf\":{\"@id\":\"https:\/\/gauthierlift.com\/wordpress\/#website\"},\"primaryImageOfPage\":{\"@id\":\"https:\/\/gauthierlift.com\/wordpress\/carriere\/#primaryimage\"},\"image\":{\"@id\":\"https:\/\/gauthierlift.com\/wordpress\/carriere\/#primaryimage\"},\"thumbnailUrl\":\"https:\/\/static.xx.fbcdn.net\/images\/emoji.php\/v9\/t16\/1\/16\/1f69a.png\",\"datePublished\":\"2018-09-01T11:38:59+00:00\",\"dateModified\":\"2026-01-06T20:11:09+00:00\",\"description\":\"Appliquez pour le poste de M\u00e9canicien chez Gauthier Chariots \u00c9l\u00e9vateurs. Acc\u00e9dez \u00e0 la page pour tous les d\u00e9tails du poste.\",\"breadcrumb\":{\"@id\":\"https:\/\/gauthierlift.com\/wordpress\/carriere\/#breadcrumb\"},\"inLanguage\":\"fr-FR\",\"potentialAction\":[{\"@type\":\"ReadAction\",\"target\":[\"https:\/\/gauthierlift.com\/wordpress\/carriere\/\"]}]},{\"@type\":\"ImageObject\",\"inLanguage\":\"fr-FR\",\"@id\":\"https:\/\/gauthierlift.com\/wordpress\/carriere\/#primaryimage\",\"url\":\"https:\/\/static.xx.fbcdn.net\/images\/emoji.php\/v9\/t16\/1\/16\/1f69a.png\",\"contentUrl\":\"https:\/\/static.xx.fbcdn.net\/images\/emoji.php\/v9\/t16\/1\/16\/1f69a.png\"},{\"@type\":\"BreadcrumbList\",\"@id\":\"https:\/\/gauthierlift.com\/wordpress\/carriere\/#breadcrumb\",\"itemListElement\":[{\"@type\":\"ListItem\",\"position\":1,\"name\":\"Accueil\",\"item\":\"https:\/\/gauthierlift.com\/wordpress\/\"},{\"@type\":\"ListItem\",\"position\":2,\"name\":\"CARRI\u00c8RE\"}]},{\"@type\":\"WebSite\",\"@id\":\"https:\/\/gauthierlift.com\/wordpress\/#website\",\"url\":\"https:\/\/gauthierlift.com\/wordpress\/\",\"name\":\"Gauthier Chariots \u00c9l\u00e9vateurs\",\"description\":\"Achat, location et r\u00e9paration de chariots Hyundai, Clark et Load Lifter\",\"publisher\":{\"@id\":\"https:\/\/gauthierlift.com\/wordpress\/#organization\"},\"potentialAction\":[{\"@type\":\"SearchAction\",\"target\":{\"@type\":\"EntryPoint\",\"urlTemplate\":\"https:\/\/gauthierlift.com\/wordpress\/?s={search_term_string}\"},\"query-input\":{\"@type\":\"PropertyValueSpecification\",\"valueRequired\":true,\"valueName\":\"search_term_string\"}}],\"inLanguage\":\"fr-FR\"},{\"@type\":\"Organization\",\"@id\":\"https:\/\/gauthierlift.com\/wordpress\/#organization\",\"name\":\"Deval Chariots \u00c9l\u00e9vateurs\",\"url\":\"https:\/\/gauthierlift.com\/wordpress\/\",\"logo\":{\"@type\":\"ImageObject\",\"inLanguage\":\"fr-FR\",\"@id\":\"https:\/\/gauthierlift.com\/wordpress\/#\/schema\/logo\/image\/\",\"url\":\"https:\/\/gauthierlift.com\/wordpress\/wp-content\/uploads\/2015\/08\/deval-logo-inverted1.png\",\"contentUrl\":\"https:\/\/gauthierlift.com\/wordpress\/wp-content\/uploads\/2015\/08\/deval-logo-inverted1.png\",\"width\":268,\"height\":76,\"caption\":\"Deval Chariots \u00c9l\u00e9vateurs\"},\"image\":{\"@id\":\"https:\/\/gauthierlift.com\/wordpress\/#\/schema\/logo\/image\/\"}}]}<\/script>\n<!-- \/ Yoast SEO plugin. -->","yoast_head_json":{"title":"Offre d'emploi comme m\u00e9canicien chez Gauthier Chariots \u00c9l\u00e9vateurs","description":"Appliquez pour le poste de M\u00e9canicien chez Gauthier Chariots \u00c9l\u00e9vateurs. Acc\u00e9dez \u00e0 la page pour tous les d\u00e9tails du poste.","robots":{"index":"index","follow":"follow","max-snippet":"max-snippet:-1","max-image-preview":"max-image-preview:large","max-video-preview":"max-video-preview:-1"},"canonical":"https:\/\/gauthierlift.com\/wordpress\/carriere\/","og_locale":"fr_FR","og_type":"article","og_title":"Offre d'emploi comme m\u00e9canicien chez Gauthier Chariots \u00c9l\u00e9vateurs","og_description":"Appliquez pour le poste de M\u00e9canicien chez Gauthier Chariots \u00c9l\u00e9vateurs. Acc\u00e9dez \u00e0 la page pour tous les d\u00e9tails du poste.","og_url":"https:\/\/gauthierlift.com\/wordpress\/carriere\/","og_site_name":"Gauthier Chariots \u00c9l\u00e9vateurs","article_modified_time":"2026-01-06T20:11:09+00:00","og_image":[{"url":"https:\/\/static.xx.fbcdn.net\/images\/emoji.php\/v9\/t16\/1\/16\/1f69a.png","type":"","width":"","height":""}],"twitter_card":"summary_large_image","twitter_misc":{"Dur\u00e9e de lecture estim\u00e9e":"2 minutes"},"schema":{"@context":"https:\/\/schema.org","@graph":[{"@type":"WebPage","@id":"https:\/\/gauthierlift.com\/wordpress\/carriere\/","url":"https:\/\/gauthierlift.com\/wordpress\/carriere\/","name":"Offre d'emploi comme m\u00e9canicien chez Gauthier Chariots \u00c9l\u00e9vateurs","isPartOf":{"@id":"https:\/\/gauthierlift.com\/wordpress\/#website"},"primaryImageOfPage":{"@id":"https:\/\/gauthierlift.com\/wordpress\/carriere\/#primaryimage"},"image":{"@id":"https:\/\/gauthierlift.com\/wordpress\/carriere\/#primaryimage"},"thumbnailUrl":"https:\/\/static.xx.fbcdn.net\/images\/emoji.php\/v9\/t16\/1\/16\/1f69a.png","datePublished":"2018-09-01T11:38:59+00:00","dateModified":"2026-01-06T20:11:09+00:00","description":"Appliquez pour le poste de M\u00e9canicien chez Gauthier Chariots \u00c9l\u00e9vateurs. Acc\u00e9dez \u00e0 la page pour tous les d\u00e9tails du poste.","breadcrumb":{"@id":"https:\/\/gauthierlift.com\/wordpress\/carriere\/#breadcrumb"},"inLanguage":"fr-FR","potentialAction":[{"@type":"ReadAction","target":["https:\/\/gauthierlift.com\/wordpress\/carriere\/"]}]},{"@type":"ImageObject","inLanguage":"fr-FR","@id":"https:\/\/gauthierlift.com\/wordpress\/carriere\/#primaryimage","url":"https:\/\/static.xx.fbcdn.net\/images\/emoji.php\/v9\/t16\/1\/16\/1f69a.png","contentUrl":"https:\/\/static.xx.fbcdn.net\/images\/emoji.php\/v9\/t16\/1\/16\/1f69a.png"},{"@type":"BreadcrumbList","@id":"https:\/\/gauthierlift.com\/wordpress\/carriere\/#breadcrumb","itemListElement":[{"@type":"ListItem","position":1,"name":"Accueil","item":"https:\/\/gauthierlift.com\/wordpress\/"},{"@type":"ListItem","position":2,"name":"CARRI\u00c8RE"}]},{"@type":"WebSite","@id":"https:\/\/gauthierlift.com\/wordpress\/#website","url":"https:\/\/gauthierlift.com\/wordpress\/","name":"Gauthier Chariots \u00c9l\u00e9vateurs","description":"Achat, location et r\u00e9paration de chariots Hyundai, Clark et Load Lifter","publisher":{"@id":"https:\/\/gauthierlift.com\/wordpress\/#organization"},"potentialAction":[{"@type":"SearchAction","target":{"@type":"EntryPoint","urlTemplate":"https:\/\/gauthierlift.com\/wordpress\/?s={search_term_string}"},"query-input":{"@type":"PropertyValueSpecification","valueRequired":true,"valueName":"search_term_string"}}],"inLanguage":"fr-FR"},{"@type":"Organization","@id":"https:\/\/gauthierlift.com\/wordpress\/#organization","name":"Deval Chariots \u00c9l\u00e9vateurs","url":"https:\/\/gauthierlift.com\/wordpress\/","logo":{"@type":"ImageObject","inLanguage":"fr-FR","@id":"https:\/\/gauthierlift.com\/wordpress\/#\/schema\/logo\/image\/","url":"https:\/\/gauthierlift.com\/wordpress\/wp-content\/uploads\/2015\/08\/deval-logo-inverted1.png","contentUrl":"https:\/\/gauthierlift.com\/wordpress\/wp-content\/uploads\/2015\/08\/deval-logo-inverted1.png","width":268,"height":76,"caption":"Deval Chariots \u00c9l\u00e9vateurs"},"image":{"@id":"https:\/\/gauthierlift.com\/wordpress\/#\/schema\/logo\/image\/"}}]}},"_links":{"self":[{"href":"https:\/\/gauthierlift.com\/wordpress\/wp-json\/wp\/v2\/pages\/1136","targetHints":{"allow":["GET"]}}],"collection":[{"href":"https:\/\/gauthierlift.com\/wordpress\/wp-json\/wp\/v2\/pages"}],"about":[{"href":"https:\/\/gauthierlift.com\/wordpress\/wp-json\/wp\/v2\/types\/page"}],"author":[{"embeddable":true,"href":"https:\/\/gauthierlift.com\/wordpress\/wp-json\/wp\/v2\/users\/3"}],"replies":[{"embeddable":true,"href":"https:\/\/gauthierlift.com\/wordpress\/wp-json\/wp\/v2\/comments?post=1136"}],"version-history":[{"count":149,"href":"https:\/\/gauthierlift.com\/wordpress\/wp-json\/wp\/v2\/pages\/1136\/revisions"}],"predecessor-version":[{"id":6454,"href":"https:\/\/gauthierlift.com\/wordpress\/wp-json\/wp\/v2\/pages\/1136\/revisions\/6454"}],"wp:attachment":[{"href":"https:\/\/gauthierlift.com\/wordpress\/wp-json\/wp\/v2\/media?parent=1136"}],"curies":[{"name":"wp","href":"https:\/\/api.w.org\/{rel}","templated":true}]}}