{"id":1554,"date":"2019-08-14T18:53:14","date_gmt":"2019-08-14T17:53:14","guid":{"rendered":"http:\/\/gauthierlift.com\/wordpress\/?page_id=1554"},"modified":"2024-02-15T19:34:20","modified_gmt":"2024-02-15T18:34:20","slug":"chariots-elevateurs-hyundai","status":"publish","type":"page","link":"https:\/\/gauthierlift.com\/wordpress\/chariots-elevateurs-hyundai\/","title":{"rendered":"Chariots \u00e9l\u00e9vateurs Hyundai"},"content":{"rendered":"<div class=\"row\"><div class=\"colonne\">\n<p>La division Material Handling de Hyundai fabrique des chariots \u00e9l\u00e9vateurs depuis 1991. Le si\u00e8ge social nord-am\u00e9ricain se situe \u00e0 Atlanta, aux \u00c9tats-Unis. Depuis son apparition en 1991, Hyundai Material Handling excelle dans la production de produits de qualit\u00e9 \u00e0 la fine pointe de la technologie. Les chariots \u00e9l\u00e9vateurs Hyundai offrent la MEILLEURE GARANTIE du march\u00e9, soit <strong>3 ans \/ 4000 heures.<\/strong> Aucun autre fabricant n\u2019offre de telles conditions. De plus, les taux de financement offerts par Hyundai sont plus que comp\u00e9titifs.<\/p>\n<p>La division FORKLIFT offre une nouvelle gamme de produits la S\u00e9rie BX. Avec cette s\u00e9rie, Hyundai consolide sa position de leader dans l\u2019avancement technologique. La compagnie se d\u00e9marque en offrant des mod\u00e8les de base beaucoup plus \u00e9quip\u00e9s que ceux de la comp\u00e9tition. Par exemple, la plupart des chariots \u00e9l\u00e9vateurs de la s\u00e9rie BX ont de base un moniteur qui affiche le poids des charges, la pente du sol et l\u2019angle entre la surface du sol et le m\u00e2t en temps r\u00e9el. Ils int\u00e8grent tous des lampes LED, des cam\u00e9ras de recul arri\u00e8re, un syst\u00e8me OPSS qui enclenche automatiquement le frein lorsque l\u2019op\u00e9rateur quitte les commandes, et un syst\u00e8me de diagnostic.<\/p>\n<p>&nbsp;<\/p>\n<p>&nbsp;<\/p>\n<p><a href=\"https:\/\/gauthierlift.com\/wordpress\/wp-content\/uploads\/2024\/02\/ei_-1021-Edit.jpg\"><img decoding=\"async\" class=\"wp-image-4898 aligncenter\" src=\"https:\/\/gauthierlift.com\/wordpress\/wp-content\/uploads\/2024\/02\/ei_-1021-Edit-500x333.jpg\" alt=\"\" width=\"500\" height=\"333\" srcset=\"https:\/\/gauthierlift.com\/wordpress\/wp-content\/uploads\/2024\/02\/ei_-1021-Edit-500x333.jpg 500w, https:\/\/gauthierlift.com\/wordpress\/wp-content\/uploads\/2024\/02\/ei_-1021-Edit-800x534.jpg 800w, https:\/\/gauthierlift.com\/wordpress\/wp-content\/uploads\/2024\/02\/ei_-1021-Edit-768x512.jpg 768w, https:\/\/gauthierlift.com\/wordpress\/wp-content\/uploads\/2024\/02\/ei_-1021-Edit-1536x1025.jpg 1536w, https:\/\/gauthierlift.com\/wordpress\/wp-content\/uploads\/2024\/02\/ei_-1021-Edit-1800x1201.jpg 1800w, https:\/\/gauthierlift.com\/wordpress\/wp-content\/uploads\/2024\/02\/ei_-1021-Edit-250x167.jpg 250w, https:\/\/gauthierlift.com\/wordpress\/wp-content\/uploads\/2024\/02\/ei_-1021-Edit.jpg 2048w\" sizes=\"(max-width: 500px) 100vw, 500px\" \/><\/a><\/p>\n<\/div>\n<div class=\"colonne\">\n<p><a href=\"https:\/\/gauthierlift.com\/wordpress\/wp-content\/uploads\/2024\/02\/ei_-1462-Edit.jpg\"><img decoding=\"async\" class=\"wp-image-4903 alignleft\" src=\"https:\/\/gauthierlift.com\/wordpress\/wp-content\/uploads\/2024\/02\/ei_-1462-Edit-500x333.jpg\" alt=\"\" width=\"500\" height=\"333\" srcset=\"https:\/\/gauthierlift.com\/wordpress\/wp-content\/uploads\/2024\/02\/ei_-1462-Edit-500x333.jpg 500w, https:\/\/gauthierlift.com\/wordpress\/wp-content\/uploads\/2024\/02\/ei_-1462-Edit-800x534.jpg 800w, https:\/\/gauthierlift.com\/wordpress\/wp-content\/uploads\/2024\/02\/ei_-1462-Edit-768x512.jpg 768w, https:\/\/gauthierlift.com\/wordpress\/wp-content\/uploads\/2024\/02\/ei_-1462-Edit-1536x1025.jpg 1536w, https:\/\/gauthierlift.com\/wordpress\/wp-content\/uploads\/2024\/02\/ei_-1462-Edit-1800x1201.jpg 1800w, https:\/\/gauthierlift.com\/wordpress\/wp-content\/uploads\/2024\/02\/ei_-1462-Edit-250x167.jpg 250w, https:\/\/gauthierlift.com\/wordpress\/wp-content\/uploads\/2024\/02\/ei_-1462-Edit.jpg 2048w\" sizes=\"(max-width: 500px) 100vw, 500px\" \/><\/a><\/p>\n<p>&nbsp;<\/p>\n<div class=\"colonne\"><\/div><\/div>\n<p><strong>La grande famille Hyundai\u00a0<\/strong><\/p>\n<p>Hyundai est davantage connu pour sa division automobile. Toutefois, ses activit\u00e9s ne s\u2019arr\u00eatent pas seulement \u00e0 la fabrication de voitures et de chariots \u00e9l\u00e9vateurs. Le Groupe Hyundai est aussi un important joueur dans les domaines de la construction navale de m\u00eame que l\u2019\u00e9lectronique.<\/p>\n<p>&nbsp;<\/p>\n<p style=\"text-align: left;\"><em><strong><a href=\"https:\/\/gauthierlift.com\/wordpress\/nous-joindre\/\">Contactez-nous pour en savoir davantage.<\/a><\/strong><\/em><\/p>\n<\/div>\n","protected":false},"excerpt":{"rendered":"","protected":false},"author":1,"featured_media":0,"parent":0,"menu_order":0,"comment_status":"closed","ping_status":"closed","template":"","meta":{"footnotes":""},"class_list":["post-1554","page","type-page","status-publish","hentry"],"yoast_head":"<!-- This site is optimized with the Yoast SEO plugin v26.6 - https:\/\/yoast.com\/wordpress\/plugins\/seo\/ -->\n<title>\u00c0 propos de Gauthier Chariots \u00e9l\u00e9vateurs<\/title>\n<meta name=\"description\" content=\"Concessionnaire de la marque de chariots \u00e9l\u00e9vateurs Hyundai pour l&#039;Est du Qu\u00e9bec, Gauthier Chariots \u00c9l\u00e9vateurs, votre partenaire de choix!\" \/>\n<meta name=\"robots\" content=\"index, follow, max-snippet:-1, max-image-preview:large, max-video-preview:-1\" \/>\n<link rel=\"canonical\" href=\"https:\/\/gauthierlift.com\/wordpress\/chariots-elevateurs-hyundai\/\" \/>\n<meta property=\"og:locale\" content=\"fr_FR\" \/>\n<meta property=\"og:type\" content=\"article\" \/>\n<meta property=\"og:title\" content=\"\u00c0 propos de Gauthier Chariots \u00e9l\u00e9vateurs\" \/>\n<meta property=\"og:description\" content=\"Concessionnaire de la marque de chariots \u00e9l\u00e9vateurs Hyundai pour l&#039;Est du Qu\u00e9bec, Gauthier Chariots \u00c9l\u00e9vateurs, votre partenaire de choix!\" \/>\n<meta property=\"og:url\" content=\"https:\/\/gauthierlift.com\/wordpress\/chariots-elevateurs-hyundai\/\" \/>\n<meta property=\"og:site_name\" content=\"Gauthier Chariots \u00c9l\u00e9vateurs\" \/>\n<meta property=\"article:modified_time\" content=\"2024-02-15T18:34:20+00:00\" \/>\n<meta property=\"og:image\" content=\"https:\/\/gauthierlift.com\/wordpress\/wp-content\/uploads\/2024\/02\/ei_-1021-Edit-500x333.jpg\" \/>\n<meta name=\"twitter:card\" content=\"summary_large_image\" \/>\n<meta name=\"twitter:label1\" content=\"Dur\u00e9e de lecture estim\u00e9e\" \/>\n\t<meta name=\"twitter:data1\" content=\"2 minutes\" \/>\n<script type=\"application\/ld+json\" class=\"yoast-schema-graph\">{\"@context\":\"https:\/\/schema.org\",\"@graph\":[{\"@type\":\"WebPage\",\"@id\":\"https:\/\/gauthierlift.com\/wordpress\/chariots-elevateurs-hyundai\/\",\"url\":\"https:\/\/gauthierlift.com\/wordpress\/chariots-elevateurs-hyundai\/\",\"name\":\"\u00c0 propos de Gauthier Chariots \u00e9l\u00e9vateurs\",\"isPartOf\":{\"@id\":\"https:\/\/gauthierlift.com\/wordpress\/#website\"},\"primaryImageOfPage\":{\"@id\":\"https:\/\/gauthierlift.com\/wordpress\/chariots-elevateurs-hyundai\/#primaryimage\"},\"image\":{\"@id\":\"https:\/\/gauthierlift.com\/wordpress\/chariots-elevateurs-hyundai\/#primaryimage\"},\"thumbnailUrl\":\"https:\/\/gauthierlift.com\/wordpress\/wp-content\/uploads\/2024\/02\/ei_-1021-Edit-500x333.jpg\",\"datePublished\":\"2019-08-14T17:53:14+00:00\",\"dateModified\":\"2024-02-15T18:34:20+00:00\",\"description\":\"Concessionnaire de la marque de chariots \u00e9l\u00e9vateurs Hyundai pour l'Est du Qu\u00e9bec, Gauthier Chariots \u00c9l\u00e9vateurs, votre partenaire de choix!\",\"breadcrumb\":{\"@id\":\"https:\/\/gauthierlift.com\/wordpress\/chariots-elevateurs-hyundai\/#breadcrumb\"},\"inLanguage\":\"fr-FR\",\"potentialAction\":[{\"@type\":\"ReadAction\",\"target\":[\"https:\/\/gauthierlift.com\/wordpress\/chariots-elevateurs-hyundai\/\"]}]},{\"@type\":\"ImageObject\",\"inLanguage\":\"fr-FR\",\"@id\":\"https:\/\/gauthierlift.com\/wordpress\/chariots-elevateurs-hyundai\/#primaryimage\",\"url\":\"https:\/\/gauthierlift.com\/wordpress\/wp-content\/uploads\/2024\/02\/ei_-1021-Edit.jpg\",\"contentUrl\":\"https:\/\/gauthierlift.com\/wordpress\/wp-content\/uploads\/2024\/02\/ei_-1021-Edit.jpg\",\"width\":2048,\"height\":1366},{\"@type\":\"BreadcrumbList\",\"@id\":\"https:\/\/gauthierlift.com\/wordpress\/chariots-elevateurs-hyundai\/#breadcrumb\",\"itemListElement\":[{\"@type\":\"ListItem\",\"position\":1,\"name\":\"Accueil\",\"item\":\"https:\/\/gauthierlift.com\/wordpress\/\"},{\"@type\":\"ListItem\",\"position\":2,\"name\":\"Chariots \u00e9l\u00e9vateurs Hyundai\"}]},{\"@type\":\"WebSite\",\"@id\":\"https:\/\/gauthierlift.com\/wordpress\/#website\",\"url\":\"https:\/\/gauthierlift.com\/wordpress\/\",\"name\":\"Gauthier Chariots \u00c9l\u00e9vateurs\",\"description\":\"Achat, location et r\u00e9paration de chariots Hyundai, Clark et Load Lifter\",\"publisher\":{\"@id\":\"https:\/\/gauthierlift.com\/wordpress\/#organization\"},\"potentialAction\":[{\"@type\":\"SearchAction\",\"target\":{\"@type\":\"EntryPoint\",\"urlTemplate\":\"https:\/\/gauthierlift.com\/wordpress\/?s={search_term_string}\"},\"query-input\":{\"@type\":\"PropertyValueSpecification\",\"valueRequired\":true,\"valueName\":\"search_term_string\"}}],\"inLanguage\":\"fr-FR\"},{\"@type\":\"Organization\",\"@id\":\"https:\/\/gauthierlift.com\/wordpress\/#organization\",\"name\":\"Deval Chariots \u00c9l\u00e9vateurs\",\"url\":\"https:\/\/gauthierlift.com\/wordpress\/\",\"logo\":{\"@type\":\"ImageObject\",\"inLanguage\":\"fr-FR\",\"@id\":\"https:\/\/gauthierlift.com\/wordpress\/#\/schema\/logo\/image\/\",\"url\":\"https:\/\/gauthierlift.com\/wordpress\/wp-content\/uploads\/2015\/08\/deval-logo-inverted1.png\",\"contentUrl\":\"https:\/\/gauthierlift.com\/wordpress\/wp-content\/uploads\/2015\/08\/deval-logo-inverted1.png\",\"width\":268,\"height\":76,\"caption\":\"Deval Chariots \u00c9l\u00e9vateurs\"},\"image\":{\"@id\":\"https:\/\/gauthierlift.com\/wordpress\/#\/schema\/logo\/image\/\"}}]}<\/script>\n<!-- \/ Yoast SEO plugin. -->","yoast_head_json":{"title":"\u00c0 propos de Gauthier Chariots \u00e9l\u00e9vateurs","description":"Concessionnaire de la marque de chariots \u00e9l\u00e9vateurs Hyundai pour l'Est du Qu\u00e9bec, Gauthier Chariots \u00c9l\u00e9vateurs, votre partenaire de choix!","robots":{"index":"index","follow":"follow","max-snippet":"max-snippet:-1","max-image-preview":"max-image-preview:large","max-video-preview":"max-video-preview:-1"},"canonical":"https:\/\/gauthierlift.com\/wordpress\/chariots-elevateurs-hyundai\/","og_locale":"fr_FR","og_type":"article","og_title":"\u00c0 propos de Gauthier Chariots \u00e9l\u00e9vateurs","og_description":"Concessionnaire de la marque de chariots \u00e9l\u00e9vateurs Hyundai pour l'Est du Qu\u00e9bec, Gauthier Chariots \u00c9l\u00e9vateurs, votre partenaire de choix!","og_url":"https:\/\/gauthierlift.com\/wordpress\/chariots-elevateurs-hyundai\/","og_site_name":"Gauthier Chariots \u00c9l\u00e9vateurs","article_modified_time":"2024-02-15T18:34:20+00:00","og_image":[{"url":"https:\/\/gauthierlift.com\/wordpress\/wp-content\/uploads\/2024\/02\/ei_-1021-Edit-500x333.jpg","type":"","width":"","height":""}],"twitter_card":"summary_large_image","twitter_misc":{"Dur\u00e9e de lecture estim\u00e9e":"2 minutes"},"schema":{"@context":"https:\/\/schema.org","@graph":[{"@type":"WebPage","@id":"https:\/\/gauthierlift.com\/wordpress\/chariots-elevateurs-hyundai\/","url":"https:\/\/gauthierlift.com\/wordpress\/chariots-elevateurs-hyundai\/","name":"\u00c0 propos de Gauthier Chariots \u00e9l\u00e9vateurs","isPartOf":{"@id":"https:\/\/gauthierlift.com\/wordpress\/#website"},"primaryImageOfPage":{"@id":"https:\/\/gauthierlift.com\/wordpress\/chariots-elevateurs-hyundai\/#primaryimage"},"image":{"@id":"https:\/\/gauthierlift.com\/wordpress\/chariots-elevateurs-hyundai\/#primaryimage"},"thumbnailUrl":"https:\/\/gauthierlift.com\/wordpress\/wp-content\/uploads\/2024\/02\/ei_-1021-Edit-500x333.jpg","datePublished":"2019-08-14T17:53:14+00:00","dateModified":"2024-02-15T18:34:20+00:00","description":"Concessionnaire de la marque de chariots \u00e9l\u00e9vateurs Hyundai pour l'Est du Qu\u00e9bec, Gauthier Chariots \u00c9l\u00e9vateurs, votre partenaire de choix!","breadcrumb":{"@id":"https:\/\/gauthierlift.com\/wordpress\/chariots-elevateurs-hyundai\/#breadcrumb"},"inLanguage":"fr-FR","potentialAction":[{"@type":"ReadAction","target":["https:\/\/gauthierlift.com\/wordpress\/chariots-elevateurs-hyundai\/"]}]},{"@type":"ImageObject","inLanguage":"fr-FR","@id":"https:\/\/gauthierlift.com\/wordpress\/chariots-elevateurs-hyundai\/#primaryimage","url":"https:\/\/gauthierlift.com\/wordpress\/wp-content\/uploads\/2024\/02\/ei_-1021-Edit.jpg","contentUrl":"https:\/\/gauthierlift.com\/wordpress\/wp-content\/uploads\/2024\/02\/ei_-1021-Edit.jpg","width":2048,"height":1366},{"@type":"BreadcrumbList","@id":"https:\/\/gauthierlift.com\/wordpress\/chariots-elevateurs-hyundai\/#breadcrumb","itemListElement":[{"@type":"ListItem","position":1,"name":"Accueil","item":"https:\/\/gauthierlift.com\/wordpress\/"},{"@type":"ListItem","position":2,"name":"Chariots \u00e9l\u00e9vateurs Hyundai"}]},{"@type":"WebSite","@id":"https:\/\/gauthierlift.com\/wordpress\/#website","url":"https:\/\/gauthierlift.com\/wordpress\/","name":"Gauthier Chariots \u00c9l\u00e9vateurs","description":"Achat, location et r\u00e9paration de chariots Hyundai, Clark et Load Lifter","publisher":{"@id":"https:\/\/gauthierlift.com\/wordpress\/#organization"},"potentialAction":[{"@type":"SearchAction","target":{"@type":"EntryPoint","urlTemplate":"https:\/\/gauthierlift.com\/wordpress\/?s={search_term_string}"},"query-input":{"@type":"PropertyValueSpecification","valueRequired":true,"valueName":"search_term_string"}}],"inLanguage":"fr-FR"},{"@type":"Organization","@id":"https:\/\/gauthierlift.com\/wordpress\/#organization","name":"Deval Chariots \u00c9l\u00e9vateurs","url":"https:\/\/gauthierlift.com\/wordpress\/","logo":{"@type":"ImageObject","inLanguage":"fr-FR","@id":"https:\/\/gauthierlift.com\/wordpress\/#\/schema\/logo\/image\/","url":"https:\/\/gauthierlift.com\/wordpress\/wp-content\/uploads\/2015\/08\/deval-logo-inverted1.png","contentUrl":"https:\/\/gauthierlift.com\/wordpress\/wp-content\/uploads\/2015\/08\/deval-logo-inverted1.png","width":268,"height":76,"caption":"Deval Chariots \u00c9l\u00e9vateurs"},"image":{"@id":"https:\/\/gauthierlift.com\/wordpress\/#\/schema\/logo\/image\/"}}]}},"_links":{"self":[{"href":"https:\/\/gauthierlift.com\/wordpress\/wp-json\/wp\/v2\/pages\/1554","targetHints":{"allow":["GET"]}}],"collection":[{"href":"https:\/\/gauthierlift.com\/wordpress\/wp-json\/wp\/v2\/pages"}],"about":[{"href":"https:\/\/gauthierlift.com\/wordpress\/wp-json\/wp\/v2\/types\/page"}],"author":[{"embeddable":true,"href":"https:\/\/gauthierlift.com\/wordpress\/wp-json\/wp\/v2\/users\/1"}],"replies":[{"embeddable":true,"href":"https:\/\/gauthierlift.com\/wordpress\/wp-json\/wp\/v2\/comments?post=1554"}],"version-history":[{"count":54,"href":"https:\/\/gauthierlift.com\/wordpress\/wp-json\/wp\/v2\/pages\/1554\/revisions"}],"predecessor-version":[{"id":4918,"href":"https:\/\/gauthierlift.com\/wordpress\/wp-json\/wp\/v2\/pages\/1554\/revisions\/4918"}],"wp:attachment":[{"href":"https:\/\/gauthierlift.com\/wordpress\/wp-json\/wp\/v2\/media?parent=1554"}],"curies":[{"name":"wp","href":"https:\/\/api.w.org\/{rel}","templated":true}]}}