{"id":1555,"date":"2019-08-14T18:56:19","date_gmt":"2019-08-14T17:56:19","guid":{"rendered":"http:\/\/gauthierlift.com\/wordpress\/?page_id=1555"},"modified":"2019-08-14T19:33:43","modified_gmt":"2019-08-14T18:33:43","slug":"hyundai-forklifts","status":"publish","type":"page","link":"https:\/\/gauthierlift.com\/wordpress\/en\/hyundai-forklifts\/","title":{"rendered":"Hyundai forklifts"},"content":{"rendered":"<div class=\"row\"><div class=\"colonne\">\n<p><span style=\"font-family: Roboto;\">Clark forklift dealer in the Greater Montreal, Mont\u00e9r\u00e9gie, Laurentians, Lanaudi\u00e8re and Abitibi area, Deval inc. offers hard-working SMEs materials handling solutions that can optimize their profitability in an efficient way.<\/span><\/p>\n<p><span style=\"font-family: Roboto;\">It is with enthusiasm and rigour that we are ready to play a significant role in your success. By ridding you of operational and administrative concerns specific to your forklift and materials handling equipment needs, we will allow you to focus on reaching your strategic goals.<\/span><\/p>\n<p><span style=\"font-size: 21px; font-family: Roboto; color: #f05a28;\"><strong>At your service<\/strong><\/span><\/p>\n<\/div>\n<div class=\"colonne\">\n<p style=\"text-align: center;\"><a href=\"https:\/\/gauthierlift.com\/wordpress\/wp-content\/uploads\/2018\/01\/clark_driver.png\"><img decoding=\"async\" width=\"436\" height=\"345\" class=\"alignnone size-full wp-image-1506\" src=\"https:\/\/gauthierlift.com\/wordpress\/wp-content\/uploads\/2018\/01\/clark_driver.png\" alt=\"\" srcset=\"https:\/\/gauthierlift.com\/wordpress\/wp-content\/uploads\/2018\/01\/clark_driver.png 436w, https:\/\/gauthierlift.com\/wordpress\/wp-content\/uploads\/2018\/01\/clark_driver-250x198.png 250w\" sizes=\"(max-width: 436px) 100vw, 436px\" \/><\/a><\/p>\n<\/div><\/div>\n<div class=\"row\"><div class=\"colonne\">\n<p><iframe title=\"Bill Hader impersonates Arnold Schwarzenegger [DeepFake]\" width=\"500\" height=\"281\" src=\"https:\/\/www.youtube.com\/embed\/bPhUhypV27w?feature=oembed\" frameborder=\"0\" allow=\"accelerometer; autoplay; clipboard-write; encrypted-media; gyroscope; picture-in-picture; web-share\" referrerpolicy=\"strict-origin-when-cross-origin\" allowfullscreen><\/iframe><\/p>\n<\/div>\n<div class=\"colonne\">\n<p><span style=\"font-family: Roboto;\">Etiam eget mollis nisi. Phasellus condimentum est nec mi tincidunt tempus. Ut sit amet vehicula tortor. Morbi vehicula bibendum ligula quis euismod. Sed facilisis arcu ac augue venenatis, eu tincidunt neque commodo. Morbi rhoncus dolor eu tellus dignissim, ut accumsan sem malesuada. Vivamus pretium leo nisi, nec sollicitudin elit bibendum vel. Morbi et ex dui. Ut et rhoncus turpis. Curabitur iaculis mattis arcu, et tempus sem. Aliquam et felis in nisi efficitur molestie eu a ex. Nullam semper sed lectus at vestibulum.<\/span><\/p>\n<p><a href=\"https:\/\/gauthierlift.com\/wordpress\/en\/contact-us\/\"><span style=\"font-family: Roboto; font-size: 18px; color: #f05a28;\">Contact us<\/span><\/a><\/p>\n<\/div><\/div>\n","protected":false},"excerpt":{"rendered":"","protected":false},"author":1,"featured_media":0,"parent":0,"menu_order":0,"comment_status":"closed","ping_status":"closed","template":"","meta":{"footnotes":""},"class_list":["post-1555","page","type-page","status-publish","hentry"],"yoast_head":"<!-- This site is optimized with the Yoast SEO plugin v26.6 - https:\/\/yoast.com\/wordpress\/plugins\/seo\/ -->\n<title>About Deval Forklift<\/title>\n<meta name=\"description\" content=\"Unicarriers forklift dealer in the Greater Montreal, Mont\u00e9r\u00e9gie, Laurentians, Lanaudi\u00e8re and Abitibi area.\" \/>\n<meta name=\"robots\" content=\"index, follow, max-snippet:-1, max-image-preview:large, max-video-preview:-1\" \/>\n<link rel=\"canonical\" href=\"https:\/\/gauthierlift.com\/wordpress\/hyundai-forklifts\/\" \/>\n<meta property=\"og:locale\" content=\"fr_FR\" \/>\n<meta property=\"og:type\" content=\"article\" \/>\n<meta property=\"og:title\" content=\"About Deval Forklift\" \/>\n<meta property=\"og:description\" content=\"Unicarriers forklift dealer in the Greater Montreal, Mont\u00e9r\u00e9gie, Laurentians, Lanaudi\u00e8re and Abitibi area.\" \/>\n<meta property=\"og:url\" content=\"https:\/\/gauthierlift.com\/wordpress\/en\/hyundai-forklifts\/\" \/>\n<meta property=\"og:site_name\" content=\"Gauthier Chariots \u00c9l\u00e9vateurs\" \/>\n<meta property=\"article:modified_time\" content=\"2019-08-14T18:33:43+00:00\" \/>\n<meta property=\"og:image\" content=\"https:\/\/gauthierlift.com\/wordpress\/wp-content\/uploads\/2018\/01\/clark_driver.png\" \/>\n<meta name=\"twitter:card\" content=\"summary_large_image\" \/>\n<meta name=\"twitter:label1\" content=\"Dur\u00e9e de lecture estim\u00e9e\" \/>\n\t<meta name=\"twitter:data1\" content=\"1 minute\" \/>\n<script type=\"application\/ld+json\" class=\"yoast-schema-graph\">{\"@context\":\"https:\/\/schema.org\",\"@graph\":[{\"@type\":\"WebPage\",\"@id\":\"https:\/\/gauthierlift.com\/wordpress\/en\/hyundai-forklifts\/\",\"url\":\"https:\/\/gauthierlift.com\/wordpress\/en\/hyundai-forklifts\/\",\"name\":\"About Deval Forklift\",\"isPartOf\":{\"@id\":\"https:\/\/gauthierlift.com\/wordpress\/#website\"},\"primaryImageOfPage\":{\"@id\":\"https:\/\/gauthierlift.com\/wordpress\/en\/hyundai-forklifts\/#primaryimage\"},\"image\":{\"@id\":\"https:\/\/gauthierlift.com\/wordpress\/en\/hyundai-forklifts\/#primaryimage\"},\"thumbnailUrl\":\"https:\/\/gauthierlift.com\/wordpress\/wp-content\/uploads\/2018\/01\/clark_driver.png\",\"datePublished\":\"2019-08-14T17:56:19+00:00\",\"dateModified\":\"2019-08-14T18:33:43+00:00\",\"description\":\"Unicarriers forklift dealer in the Greater Montreal, Mont\u00e9r\u00e9gie, Laurentians, Lanaudi\u00e8re and Abitibi area.\",\"breadcrumb\":{\"@id\":\"https:\/\/gauthierlift.com\/wordpress\/en\/hyundai-forklifts\/#breadcrumb\"},\"inLanguage\":\"fr-FR\",\"potentialAction\":[{\"@type\":\"ReadAction\",\"target\":[\"https:\/\/gauthierlift.com\/wordpress\/en\/hyundai-forklifts\/\"]}]},{\"@type\":\"ImageObject\",\"inLanguage\":\"fr-FR\",\"@id\":\"https:\/\/gauthierlift.com\/wordpress\/en\/hyundai-forklifts\/#primaryimage\",\"url\":\"https:\/\/gauthierlift.com\/wordpress\/wp-content\/uploads\/2018\/01\/clark_driver.png\",\"contentUrl\":\"https:\/\/gauthierlift.com\/wordpress\/wp-content\/uploads\/2018\/01\/clark_driver.png\",\"width\":436,\"height\":345},{\"@type\":\"BreadcrumbList\",\"@id\":\"https:\/\/gauthierlift.com\/wordpress\/en\/hyundai-forklifts\/#breadcrumb\",\"itemListElement\":[{\"@type\":\"ListItem\",\"position\":1,\"name\":\"Accueil\",\"item\":\"https:\/\/gauthierlift.com\/wordpress\/\"},{\"@type\":\"ListItem\",\"position\":2,\"name\":\"Hyundai forklifts\"}]},{\"@type\":\"WebSite\",\"@id\":\"https:\/\/gauthierlift.com\/wordpress\/#website\",\"url\":\"https:\/\/gauthierlift.com\/wordpress\/\",\"name\":\"Gauthier Chariots \u00c9l\u00e9vateurs\",\"description\":\"Achat, location et r\u00e9paration de chariots Hyundai, Clark et Load Lifter\",\"publisher\":{\"@id\":\"https:\/\/gauthierlift.com\/wordpress\/#organization\"},\"potentialAction\":[{\"@type\":\"SearchAction\",\"target\":{\"@type\":\"EntryPoint\",\"urlTemplate\":\"https:\/\/gauthierlift.com\/wordpress\/?s={search_term_string}\"},\"query-input\":{\"@type\":\"PropertyValueSpecification\",\"valueRequired\":true,\"valueName\":\"search_term_string\"}}],\"inLanguage\":\"fr-FR\"},{\"@type\":\"Organization\",\"@id\":\"https:\/\/gauthierlift.com\/wordpress\/#organization\",\"name\":\"Deval Chariots \u00c9l\u00e9vateurs\",\"url\":\"https:\/\/gauthierlift.com\/wordpress\/\",\"logo\":{\"@type\":\"ImageObject\",\"inLanguage\":\"fr-FR\",\"@id\":\"https:\/\/gauthierlift.com\/wordpress\/#\/schema\/logo\/image\/\",\"url\":\"https:\/\/gauthierlift.com\/wordpress\/wp-content\/uploads\/2015\/08\/deval-logo-inverted1.png\",\"contentUrl\":\"https:\/\/gauthierlift.com\/wordpress\/wp-content\/uploads\/2015\/08\/deval-logo-inverted1.png\",\"width\":268,\"height\":76,\"caption\":\"Deval Chariots \u00c9l\u00e9vateurs\"},\"image\":{\"@id\":\"https:\/\/gauthierlift.com\/wordpress\/#\/schema\/logo\/image\/\"}}]}<\/script>\n<!-- \/ Yoast SEO plugin. -->","yoast_head_json":{"title":"About Deval Forklift","description":"Unicarriers forklift dealer in the Greater Montreal, Mont\u00e9r\u00e9gie, Laurentians, Lanaudi\u00e8re and Abitibi area.","robots":{"index":"index","follow":"follow","max-snippet":"max-snippet:-1","max-image-preview":"max-image-preview:large","max-video-preview":"max-video-preview:-1"},"canonical":"https:\/\/gauthierlift.com\/wordpress\/hyundai-forklifts\/","og_locale":"fr_FR","og_type":"article","og_title":"About Deval Forklift","og_description":"Unicarriers forklift dealer in the Greater Montreal, Mont\u00e9r\u00e9gie, Laurentians, Lanaudi\u00e8re and Abitibi area.","og_url":"https:\/\/gauthierlift.com\/wordpress\/en\/hyundai-forklifts\/","og_site_name":"Gauthier Chariots \u00c9l\u00e9vateurs","article_modified_time":"2019-08-14T18:33:43+00:00","og_image":[{"url":"https:\/\/gauthierlift.com\/wordpress\/wp-content\/uploads\/2018\/01\/clark_driver.png","type":"","width":"","height":""}],"twitter_card":"summary_large_image","twitter_misc":{"Dur\u00e9e de lecture estim\u00e9e":"1 minute"},"schema":{"@context":"https:\/\/schema.org","@graph":[{"@type":"WebPage","@id":"https:\/\/gauthierlift.com\/wordpress\/en\/hyundai-forklifts\/","url":"https:\/\/gauthierlift.com\/wordpress\/en\/hyundai-forklifts\/","name":"About Deval Forklift","isPartOf":{"@id":"https:\/\/gauthierlift.com\/wordpress\/#website"},"primaryImageOfPage":{"@id":"https:\/\/gauthierlift.com\/wordpress\/en\/hyundai-forklifts\/#primaryimage"},"image":{"@id":"https:\/\/gauthierlift.com\/wordpress\/en\/hyundai-forklifts\/#primaryimage"},"thumbnailUrl":"https:\/\/gauthierlift.com\/wordpress\/wp-content\/uploads\/2018\/01\/clark_driver.png","datePublished":"2019-08-14T17:56:19+00:00","dateModified":"2019-08-14T18:33:43+00:00","description":"Unicarriers forklift dealer in the Greater Montreal, Mont\u00e9r\u00e9gie, Laurentians, Lanaudi\u00e8re and Abitibi area.","breadcrumb":{"@id":"https:\/\/gauthierlift.com\/wordpress\/en\/hyundai-forklifts\/#breadcrumb"},"inLanguage":"fr-FR","potentialAction":[{"@type":"ReadAction","target":["https:\/\/gauthierlift.com\/wordpress\/en\/hyundai-forklifts\/"]}]},{"@type":"ImageObject","inLanguage":"fr-FR","@id":"https:\/\/gauthierlift.com\/wordpress\/en\/hyundai-forklifts\/#primaryimage","url":"https:\/\/gauthierlift.com\/wordpress\/wp-content\/uploads\/2018\/01\/clark_driver.png","contentUrl":"https:\/\/gauthierlift.com\/wordpress\/wp-content\/uploads\/2018\/01\/clark_driver.png","width":436,"height":345},{"@type":"BreadcrumbList","@id":"https:\/\/gauthierlift.com\/wordpress\/en\/hyundai-forklifts\/#breadcrumb","itemListElement":[{"@type":"ListItem","position":1,"name":"Accueil","item":"https:\/\/gauthierlift.com\/wordpress\/"},{"@type":"ListItem","position":2,"name":"Hyundai forklifts"}]},{"@type":"WebSite","@id":"https:\/\/gauthierlift.com\/wordpress\/#website","url":"https:\/\/gauthierlift.com\/wordpress\/","name":"Gauthier Chariots \u00c9l\u00e9vateurs","description":"Achat, location et r\u00e9paration de chariots Hyundai, Clark et Load Lifter","publisher":{"@id":"https:\/\/gauthierlift.com\/wordpress\/#organization"},"potentialAction":[{"@type":"SearchAction","target":{"@type":"EntryPoint","urlTemplate":"https:\/\/gauthierlift.com\/wordpress\/?s={search_term_string}"},"query-input":{"@type":"PropertyValueSpecification","valueRequired":true,"valueName":"search_term_string"}}],"inLanguage":"fr-FR"},{"@type":"Organization","@id":"https:\/\/gauthierlift.com\/wordpress\/#organization","name":"Deval Chariots \u00c9l\u00e9vateurs","url":"https:\/\/gauthierlift.com\/wordpress\/","logo":{"@type":"ImageObject","inLanguage":"fr-FR","@id":"https:\/\/gauthierlift.com\/wordpress\/#\/schema\/logo\/image\/","url":"https:\/\/gauthierlift.com\/wordpress\/wp-content\/uploads\/2015\/08\/deval-logo-inverted1.png","contentUrl":"https:\/\/gauthierlift.com\/wordpress\/wp-content\/uploads\/2015\/08\/deval-logo-inverted1.png","width":268,"height":76,"caption":"Deval Chariots \u00c9l\u00e9vateurs"},"image":{"@id":"https:\/\/gauthierlift.com\/wordpress\/#\/schema\/logo\/image\/"}}]}},"_links":{"self":[{"href":"https:\/\/gauthierlift.com\/wordpress\/wp-json\/wp\/v2\/pages\/1555","targetHints":{"allow":["GET"]}}],"collection":[{"href":"https:\/\/gauthierlift.com\/wordpress\/wp-json\/wp\/v2\/pages"}],"about":[{"href":"https:\/\/gauthierlift.com\/wordpress\/wp-json\/wp\/v2\/types\/page"}],"author":[{"embeddable":true,"href":"https:\/\/gauthierlift.com\/wordpress\/wp-json\/wp\/v2\/users\/1"}],"replies":[{"embeddable":true,"href":"https:\/\/gauthierlift.com\/wordpress\/wp-json\/wp\/v2\/comments?post=1555"}],"version-history":[{"count":1,"href":"https:\/\/gauthierlift.com\/wordpress\/wp-json\/wp\/v2\/pages\/1555\/revisions"}],"predecessor-version":[{"id":1565,"href":"https:\/\/gauthierlift.com\/wordpress\/wp-json\/wp\/v2\/pages\/1555\/revisions\/1565"}],"wp:attachment":[{"href":"https:\/\/gauthierlift.com\/wordpress\/wp-json\/wp\/v2\/media?parent=1555"}],"curies":[{"name":"wp","href":"https:\/\/api.w.org\/{rel}","templated":true}]}}