{"id":163,"date":"2015-08-19T21:56:10","date_gmt":"2015-08-19T20:56:10","guid":{"rendered":"http:\/\/gauthierlift.com\/wordpress\/?page_id=163"},"modified":"2024-09-19T21:15:23","modified_gmt":"2024-09-19T20:15:23","slug":"location","status":"publish","type":"page","link":"https:\/\/gauthierlift.com\/wordpress\/location\/","title":{"rendered":"Location"},"content":{"rendered":"<div class=\"row\"><div class=\"colonne\">\n<p><span style=\"font-family: Roboto;\"><strong>Un service de location pour vous aider \u00e0 maintenir ou augmenter votre productivit\u00e9 !<\/strong><\/span><\/p>\n<p>Vous avez besoin d\u2019\u00e9quipements de manutention pour une p\u00e9riode de courte ou de moyenne dur\u00e9e afin d\u2019atteindre vos objectifs d\u2019affaires?<\/p>\n<ul>\n<li>Votre entreprise est en pleine croissance<\/li>\n<li>Vous faites face \u00e0 une hausse ponctuelle de la demande<\/li>\n<li>Votre productivit\u00e9 a besoin d\u2019\u00eatre augment\u00e9e<\/li>\n<li>Vous souhaitez poursuivre vos activit\u00e9s et maintenir l\u2019efficacit\u00e9 de votre \u00e9quipe durant l\u2019entretien ou la r\u00e9paration de votre \u00e9quipement de manutention<\/li>\n<\/ul>\n<p>Gauthier Chariots \u00c9l\u00e9vateurs met \u00e0 votre disposition un service de location d\u2019\u00e9quipement de manutention simple, rapide et \u00e0 prix comp\u00e9titif!<\/p>\n<p>Notre \u00e9quipe vous propose plusieurs attachements:<\/p>\n<ul>\n<li>Benne basculante<\/li>\n<li>Nacelle \u00e9l\u00e9vatrice<\/li>\n<li>Pince \u00e0 carton<\/li>\n<li>Pince \u00e0 rouleau<\/li>\n<li>Potence<\/li>\n<li>Rallonge de fourches<\/li>\n<li>T\u00eates rotatives<\/li>\n<li>Tige \u00e0 rouleau<\/li>\n<li>Et plus encore<\/li>\n<\/ul>\n<p>Nos produits disponibles pour la location sont r\u00e9cents, d\u2019excellente qualit\u00e9 et entretenus p\u00e9riodiquement.<\/p>\n<p>Notez qu\u2019il est possible d\u2019effectuer une location \u00e0 la journ\u00e9e, \u00e0 la semaine ou au mois.<\/p>\n<\/div>\n<div class=\"colonne\">\n<p><a href=\"https:\/\/gauthierlift.com\/wordpress\/wp-content\/uploads\/2024\/09\/Load-Lifter-Rough-Terrain-2400-Series-1024x686-1.jpg\"><img decoding=\"async\" class=\"alignnone wp-image-5768 size-full\" src=\"https:\/\/gauthierlift.com\/wordpress\/wp-content\/uploads\/2024\/09\/Load-Lifter-Rough-Terrain-2400-Series-1024x686-1.jpg\" alt=\"\" width=\"1024\" height=\"686\" srcset=\"https:\/\/gauthierlift.com\/wordpress\/wp-content\/uploads\/2024\/09\/Load-Lifter-Rough-Terrain-2400-Series-1024x686-1.jpg 1024w, https:\/\/gauthierlift.com\/wordpress\/wp-content\/uploads\/2024\/09\/Load-Lifter-Rough-Terrain-2400-Series-1024x686-1-500x335.jpg 500w, https:\/\/gauthierlift.com\/wordpress\/wp-content\/uploads\/2024\/09\/Load-Lifter-Rough-Terrain-2400-Series-1024x686-1-800x536.jpg 800w, https:\/\/gauthierlift.com\/wordpress\/wp-content\/uploads\/2024\/09\/Load-Lifter-Rough-Terrain-2400-Series-1024x686-1-768x515.jpg 768w, https:\/\/gauthierlift.com\/wordpress\/wp-content\/uploads\/2024\/09\/Load-Lifter-Rough-Terrain-2400-Series-1024x686-1-250x167.jpg 250w\" sizes=\"(max-width: 1024px) 100vw, 1024px\" \/><\/a><\/p>\n<p>&nbsp;<\/p>\n<p>&nbsp;<\/p>\n<\/div><\/div>\n","protected":false},"excerpt":{"rendered":"","protected":false},"author":1,"featured_media":0,"parent":0,"menu_order":0,"comment_status":"closed","ping_status":"closed","template":"modele-famille-produits.php","meta":{"footnotes":""},"class_list":["post-163","page","type-page","status-publish","hentry"],"yoast_head":"<!-- This site is optimized with the Yoast SEO plugin v26.6 - https:\/\/yoast.com\/wordpress\/plugins\/seo\/ -->\n<title>Gauthier Chariots \u00c9l\u00e9vateurs - Location de chariots \u00e9l\u00e9vateurs<\/title>\n<meta name=\"description\" content=\"Gauthier Chariots \u00c9l\u00e9vateurs met \u00e0 votre disposition un service de location d\u2019\u00e9quipement de manutention simple, rapide et \u00e0 prix comp\u00e9titif!\" \/>\n<meta name=\"robots\" content=\"index, follow, max-snippet:-1, max-image-preview:large, max-video-preview:-1\" \/>\n<link rel=\"canonical\" href=\"https:\/\/gauthierlift.com\/wordpress\/location\/\" \/>\n<meta property=\"og:locale\" content=\"fr_FR\" \/>\n<meta property=\"og:type\" content=\"article\" \/>\n<meta property=\"og:title\" content=\"Gauthier Chariots \u00c9l\u00e9vateurs - Location de chariots \u00e9l\u00e9vateurs\" \/>\n<meta property=\"og:description\" content=\"Gauthier Chariots \u00c9l\u00e9vateurs met \u00e0 votre disposition un service de location d\u2019\u00e9quipement de manutention simple, rapide et \u00e0 prix comp\u00e9titif!\" \/>\n<meta property=\"og:url\" content=\"https:\/\/gauthierlift.com\/wordpress\/location\/\" \/>\n<meta property=\"og:site_name\" content=\"Gauthier Chariots \u00c9l\u00e9vateurs\" \/>\n<meta property=\"article:modified_time\" content=\"2024-09-19T20:15:23+00:00\" \/>\n<meta property=\"og:image\" content=\"https:\/\/gauthierlift.com\/wordpress\/wp-content\/uploads\/2024\/09\/Load-Lifter-Rough-Terrain-2400-Series-1024x686-1.jpg\" \/>\n<meta name=\"twitter:card\" content=\"summary_large_image\" \/>\n<meta name=\"twitter:label1\" content=\"Dur\u00e9e de lecture estim\u00e9e\" \/>\n\t<meta name=\"twitter:data1\" content=\"2 minutes\" \/>\n<script type=\"application\/ld+json\" class=\"yoast-schema-graph\">{\"@context\":\"https:\/\/schema.org\",\"@graph\":[{\"@type\":\"WebPage\",\"@id\":\"https:\/\/gauthierlift.com\/wordpress\/location\/\",\"url\":\"https:\/\/gauthierlift.com\/wordpress\/location\/\",\"name\":\"Gauthier Chariots \u00c9l\u00e9vateurs - Location de chariots \u00e9l\u00e9vateurs\",\"isPartOf\":{\"@id\":\"https:\/\/gauthierlift.com\/wordpress\/#website\"},\"primaryImageOfPage\":{\"@id\":\"https:\/\/gauthierlift.com\/wordpress\/location\/#primaryimage\"},\"image\":{\"@id\":\"https:\/\/gauthierlift.com\/wordpress\/location\/#primaryimage\"},\"thumbnailUrl\":\"https:\/\/gauthierlift.com\/wordpress\/wp-content\/uploads\/2024\/09\/Load-Lifter-Rough-Terrain-2400-Series-1024x686-1.jpg\",\"datePublished\":\"2015-08-19T20:56:10+00:00\",\"dateModified\":\"2024-09-19T20:15:23+00:00\",\"description\":\"Gauthier Chariots \u00c9l\u00e9vateurs met \u00e0 votre disposition un service de location d\u2019\u00e9quipement de manutention simple, rapide et \u00e0 prix comp\u00e9titif!\",\"breadcrumb\":{\"@id\":\"https:\/\/gauthierlift.com\/wordpress\/location\/#breadcrumb\"},\"inLanguage\":\"fr-FR\",\"potentialAction\":[{\"@type\":\"ReadAction\",\"target\":[\"https:\/\/gauthierlift.com\/wordpress\/location\/\"]}]},{\"@type\":\"ImageObject\",\"inLanguage\":\"fr-FR\",\"@id\":\"https:\/\/gauthierlift.com\/wordpress\/location\/#primaryimage\",\"url\":\"https:\/\/gauthierlift.com\/wordpress\/wp-content\/uploads\/2024\/09\/Load-Lifter-Rough-Terrain-2400-Series-1024x686-1.jpg\",\"contentUrl\":\"https:\/\/gauthierlift.com\/wordpress\/wp-content\/uploads\/2024\/09\/Load-Lifter-Rough-Terrain-2400-Series-1024x686-1.jpg\",\"width\":1024,\"height\":686},{\"@type\":\"BreadcrumbList\",\"@id\":\"https:\/\/gauthierlift.com\/wordpress\/location\/#breadcrumb\",\"itemListElement\":[{\"@type\":\"ListItem\",\"position\":1,\"name\":\"Accueil\",\"item\":\"https:\/\/gauthierlift.com\/wordpress\/\"},{\"@type\":\"ListItem\",\"position\":2,\"name\":\"Location\"}]},{\"@type\":\"WebSite\",\"@id\":\"https:\/\/gauthierlift.com\/wordpress\/#website\",\"url\":\"https:\/\/gauthierlift.com\/wordpress\/\",\"name\":\"Gauthier Chariots \u00c9l\u00e9vateurs\",\"description\":\"Achat, location et r\u00e9paration de chariots Hyundai, Clark et Load Lifter\",\"publisher\":{\"@id\":\"https:\/\/gauthierlift.com\/wordpress\/#organization\"},\"potentialAction\":[{\"@type\":\"SearchAction\",\"target\":{\"@type\":\"EntryPoint\",\"urlTemplate\":\"https:\/\/gauthierlift.com\/wordpress\/?s={search_term_string}\"},\"query-input\":{\"@type\":\"PropertyValueSpecification\",\"valueRequired\":true,\"valueName\":\"search_term_string\"}}],\"inLanguage\":\"fr-FR\"},{\"@type\":\"Organization\",\"@id\":\"https:\/\/gauthierlift.com\/wordpress\/#organization\",\"name\":\"Deval Chariots \u00c9l\u00e9vateurs\",\"url\":\"https:\/\/gauthierlift.com\/wordpress\/\",\"logo\":{\"@type\":\"ImageObject\",\"inLanguage\":\"fr-FR\",\"@id\":\"https:\/\/gauthierlift.com\/wordpress\/#\/schema\/logo\/image\/\",\"url\":\"https:\/\/gauthierlift.com\/wordpress\/wp-content\/uploads\/2015\/08\/deval-logo-inverted1.png\",\"contentUrl\":\"https:\/\/gauthierlift.com\/wordpress\/wp-content\/uploads\/2015\/08\/deval-logo-inverted1.png\",\"width\":268,\"height\":76,\"caption\":\"Deval Chariots \u00c9l\u00e9vateurs\"},\"image\":{\"@id\":\"https:\/\/gauthierlift.com\/wordpress\/#\/schema\/logo\/image\/\"}}]}<\/script>\n<!-- \/ Yoast SEO plugin. -->","yoast_head_json":{"title":"Gauthier Chariots \u00c9l\u00e9vateurs - Location de chariots \u00e9l\u00e9vateurs","description":"Gauthier Chariots \u00c9l\u00e9vateurs met \u00e0 votre disposition un service de location d\u2019\u00e9quipement de manutention simple, rapide et \u00e0 prix comp\u00e9titif!","robots":{"index":"index","follow":"follow","max-snippet":"max-snippet:-1","max-image-preview":"max-image-preview:large","max-video-preview":"max-video-preview:-1"},"canonical":"https:\/\/gauthierlift.com\/wordpress\/location\/","og_locale":"fr_FR","og_type":"article","og_title":"Gauthier Chariots \u00c9l\u00e9vateurs - Location de chariots \u00e9l\u00e9vateurs","og_description":"Gauthier Chariots \u00c9l\u00e9vateurs met \u00e0 votre disposition un service de location d\u2019\u00e9quipement de manutention simple, rapide et \u00e0 prix comp\u00e9titif!","og_url":"https:\/\/gauthierlift.com\/wordpress\/location\/","og_site_name":"Gauthier Chariots \u00c9l\u00e9vateurs","article_modified_time":"2024-09-19T20:15:23+00:00","og_image":[{"url":"https:\/\/gauthierlift.com\/wordpress\/wp-content\/uploads\/2024\/09\/Load-Lifter-Rough-Terrain-2400-Series-1024x686-1.jpg","type":"","width":"","height":""}],"twitter_card":"summary_large_image","twitter_misc":{"Dur\u00e9e de lecture estim\u00e9e":"2 minutes"},"schema":{"@context":"https:\/\/schema.org","@graph":[{"@type":"WebPage","@id":"https:\/\/gauthierlift.com\/wordpress\/location\/","url":"https:\/\/gauthierlift.com\/wordpress\/location\/","name":"Gauthier Chariots \u00c9l\u00e9vateurs - Location de chariots \u00e9l\u00e9vateurs","isPartOf":{"@id":"https:\/\/gauthierlift.com\/wordpress\/#website"},"primaryImageOfPage":{"@id":"https:\/\/gauthierlift.com\/wordpress\/location\/#primaryimage"},"image":{"@id":"https:\/\/gauthierlift.com\/wordpress\/location\/#primaryimage"},"thumbnailUrl":"https:\/\/gauthierlift.com\/wordpress\/wp-content\/uploads\/2024\/09\/Load-Lifter-Rough-Terrain-2400-Series-1024x686-1.jpg","datePublished":"2015-08-19T20:56:10+00:00","dateModified":"2024-09-19T20:15:23+00:00","description":"Gauthier Chariots \u00c9l\u00e9vateurs met \u00e0 votre disposition un service de location d\u2019\u00e9quipement de manutention simple, rapide et \u00e0 prix comp\u00e9titif!","breadcrumb":{"@id":"https:\/\/gauthierlift.com\/wordpress\/location\/#breadcrumb"},"inLanguage":"fr-FR","potentialAction":[{"@type":"ReadAction","target":["https:\/\/gauthierlift.com\/wordpress\/location\/"]}]},{"@type":"ImageObject","inLanguage":"fr-FR","@id":"https:\/\/gauthierlift.com\/wordpress\/location\/#primaryimage","url":"https:\/\/gauthierlift.com\/wordpress\/wp-content\/uploads\/2024\/09\/Load-Lifter-Rough-Terrain-2400-Series-1024x686-1.jpg","contentUrl":"https:\/\/gauthierlift.com\/wordpress\/wp-content\/uploads\/2024\/09\/Load-Lifter-Rough-Terrain-2400-Series-1024x686-1.jpg","width":1024,"height":686},{"@type":"BreadcrumbList","@id":"https:\/\/gauthierlift.com\/wordpress\/location\/#breadcrumb","itemListElement":[{"@type":"ListItem","position":1,"name":"Accueil","item":"https:\/\/gauthierlift.com\/wordpress\/"},{"@type":"ListItem","position":2,"name":"Location"}]},{"@type":"WebSite","@id":"https:\/\/gauthierlift.com\/wordpress\/#website","url":"https:\/\/gauthierlift.com\/wordpress\/","name":"Gauthier Chariots \u00c9l\u00e9vateurs","description":"Achat, location et r\u00e9paration de chariots Hyundai, Clark et Load Lifter","publisher":{"@id":"https:\/\/gauthierlift.com\/wordpress\/#organization"},"potentialAction":[{"@type":"SearchAction","target":{"@type":"EntryPoint","urlTemplate":"https:\/\/gauthierlift.com\/wordpress\/?s={search_term_string}"},"query-input":{"@type":"PropertyValueSpecification","valueRequired":true,"valueName":"search_term_string"}}],"inLanguage":"fr-FR"},{"@type":"Organization","@id":"https:\/\/gauthierlift.com\/wordpress\/#organization","name":"Deval Chariots \u00c9l\u00e9vateurs","url":"https:\/\/gauthierlift.com\/wordpress\/","logo":{"@type":"ImageObject","inLanguage":"fr-FR","@id":"https:\/\/gauthierlift.com\/wordpress\/#\/schema\/logo\/image\/","url":"https:\/\/gauthierlift.com\/wordpress\/wp-content\/uploads\/2015\/08\/deval-logo-inverted1.png","contentUrl":"https:\/\/gauthierlift.com\/wordpress\/wp-content\/uploads\/2015\/08\/deval-logo-inverted1.png","width":268,"height":76,"caption":"Deval Chariots \u00c9l\u00e9vateurs"},"image":{"@id":"https:\/\/gauthierlift.com\/wordpress\/#\/schema\/logo\/image\/"}}]}},"_links":{"self":[{"href":"https:\/\/gauthierlift.com\/wordpress\/wp-json\/wp\/v2\/pages\/163","targetHints":{"allow":["GET"]}}],"collection":[{"href":"https:\/\/gauthierlift.com\/wordpress\/wp-json\/wp\/v2\/pages"}],"about":[{"href":"https:\/\/gauthierlift.com\/wordpress\/wp-json\/wp\/v2\/types\/page"}],"author":[{"embeddable":true,"href":"https:\/\/gauthierlift.com\/wordpress\/wp-json\/wp\/v2\/users\/1"}],"replies":[{"embeddable":true,"href":"https:\/\/gauthierlift.com\/wordpress\/wp-json\/wp\/v2\/comments?post=163"}],"version-history":[{"count":22,"href":"https:\/\/gauthierlift.com\/wordpress\/wp-json\/wp\/v2\/pages\/163\/revisions"}],"predecessor-version":[{"id":5770,"href":"https:\/\/gauthierlift.com\/wordpress\/wp-json\/wp\/v2\/pages\/163\/revisions\/5770"}],"wp:attachment":[{"href":"https:\/\/gauthierlift.com\/wordpress\/wp-json\/wp\/v2\/media?parent=163"}],"curies":[{"name":"wp","href":"https:\/\/api.w.org\/{rel}","templated":true}]}}