{"id":165,"date":"2015-08-19T21:57:04","date_gmt":"2015-08-19T20:57:04","guid":{"rendered":"http:\/\/gauthierlift.com\/wordpress\/?page_id=165"},"modified":"2024-09-19T20:24:56","modified_gmt":"2024-09-19T19:24:56","slug":"pieces-et-services","status":"publish","type":"page","link":"https:\/\/gauthierlift.com\/wordpress\/pieces-et-services\/","title":{"rendered":"Pi\u00e8ces et service"},"content":{"rendered":"<div class=\"row\"><div class=\"colonne\">\n<p><strong>Gauthier Chariots \u00c9l\u00e9vateurs poss\u00e8de un important inventaire de pi\u00e8ces, pour toutes les marques et les cat\u00e9gories d\u2019\u00e9quipement de manutention.<\/strong><\/p>\n<p>Afin d\u2019assurer votre efficacit\u00e9 et vous permettre de rapidement reprendre vos activit\u00e9s, nous mettons \u00e0 votre disposition un large inventaire de pi\u00e8ces et un service d\u2019entretien ou de r\u00e9paration.<\/p>\n<p>Lors d\u2019un bris ou d\u2019un probl\u00e8me technique, notre \u00e9quipe de sp\u00e9cialistes est en mesure de vous proposer les bonnes pi\u00e8ces pour votre \u00e9quipement et m\u00eame d\u2019effectuer la r\u00e9paration si vous le souhaitez. En cas de probl\u00e8me ou pour des r\u00e9parations plus importantes, notre \u00e9quipe vous propose un service de location de chariots \u00e9l\u00e9vateurs \u00e0 la journ\u00e9e, \u00e0 la semaine ou au mois. Ainsi, vous n\u2019avez qu\u2019une seule \u00e9quipe d\u2019experts \u00e0 contacter pour tout prendre en charge : Gauthier chariots \u00e9l\u00e9vateurs!<\/p>\n<p><strong><span style=\"color: #f05a28;\"><a style=\"color: #f05a28;\" href=\"https:\/\/gauthierlift.com\/wordpress\/nous-joindre\/\">Pour toutes questions, contactez-nous!<\/a><\/span><\/strong><\/p>\n<p>Vous avez besoin de pi\u00e8ces de chariots \u00e9l\u00e9vateurs de toutes marques, nous avons ce qu&rsquo;il vous faut! Pour d\u00e9couvrir une partie de notre inventaire de pi\u00e8ces ou pour effectuer une commande, <span style=\"color: #f05a28;\"><strong><a style=\"color: #f05a28;\" href=\"https:\/\/gauthierlift.com\/wordpress\/demande-de-pieces\/\">cliquez ici<\/a><\/strong><\/span><\/p>\n<div class=\"row\"><div class=\"colonne\"><\/div>\n<\/div><\/div>\n<div class=\"row\"><div class=\"colonne\">\n<p><a href=\"https:\/\/gauthierlift.com\/wordpress\/wp-content\/uploads\/2024\/09\/Tech-cut-out.png\"><img decoding=\"async\" width=\"500\" height=\"800\" class=\"alignnone size-full wp-image-5758\" src=\"https:\/\/gauthierlift.com\/wordpress\/wp-content\/uploads\/2024\/09\/Tech-cut-out.png\" alt=\"\" srcset=\"https:\/\/gauthierlift.com\/wordpress\/wp-content\/uploads\/2024\/09\/Tech-cut-out.png 500w, https:\/\/gauthierlift.com\/wordpress\/wp-content\/uploads\/2024\/09\/Tech-cut-out-250x400.png 250w\" sizes=\"(max-width: 500px) 100vw, 500px\" \/><\/a><\/p>\n<\/div>\n","protected":false},"excerpt":{"rendered":"","protected":false},"author":1,"featured_media":0,"parent":0,"menu_order":0,"comment_status":"closed","ping_status":"closed","template":"","meta":{"footnotes":""},"class_list":["post-165","page","type-page","status-publish","hentry"],"yoast_head":"<!-- This site is optimized with the Yoast SEO plugin v26.6 - https:\/\/yoast.com\/wordpress\/plugins\/seo\/ -->\n<title>R\u00e9paration et plans d&#039;entretien pour Chariots \u00c9l\u00e9vateurs<\/title>\n<meta name=\"description\" content=\"Gauthier Chariots \u00c9l\u00e9vateurs poss\u00e8de un important inventaire de pi\u00e8ces, pour toutes les marques et les cat\u00e9gories d\u2019\u00e9quipement de manutention.\" \/>\n<meta name=\"robots\" content=\"index, follow, max-snippet:-1, max-image-preview:large, max-video-preview:-1\" \/>\n<link rel=\"canonical\" href=\"https:\/\/gauthierlift.com\/wordpress\/pieces-et-services\/\" \/>\n<meta property=\"og:locale\" content=\"fr_FR\" \/>\n<meta property=\"og:type\" content=\"article\" \/>\n<meta property=\"og:title\" content=\"R\u00e9paration et plans d&#039;entretien pour Chariots \u00c9l\u00e9vateurs\" \/>\n<meta property=\"og:description\" content=\"Gauthier Chariots \u00c9l\u00e9vateurs poss\u00e8de un important inventaire de pi\u00e8ces, pour toutes les marques et les cat\u00e9gories d\u2019\u00e9quipement de manutention.\" \/>\n<meta property=\"og:url\" content=\"https:\/\/gauthierlift.com\/wordpress\/pieces-et-services\/\" \/>\n<meta property=\"og:site_name\" content=\"Gauthier Chariots \u00c9l\u00e9vateurs\" \/>\n<meta property=\"article:modified_time\" content=\"2024-09-19T19:24:56+00:00\" \/>\n<meta property=\"og:image\" content=\"https:\/\/gauthierlift.com\/wordpress\/wp-content\/uploads\/2024\/09\/Tech-cut-out.png\" \/>\n<meta name=\"twitter:card\" content=\"summary_large_image\" \/>\n<meta name=\"twitter:label1\" content=\"Dur\u00e9e de lecture estim\u00e9e\" \/>\n\t<meta name=\"twitter:data1\" content=\"2 minutes\" \/>\n<script type=\"application\/ld+json\" class=\"yoast-schema-graph\">{\"@context\":\"https:\/\/schema.org\",\"@graph\":[{\"@type\":\"WebPage\",\"@id\":\"https:\/\/gauthierlift.com\/wordpress\/pieces-et-services\/\",\"url\":\"https:\/\/gauthierlift.com\/wordpress\/pieces-et-services\/\",\"name\":\"R\u00e9paration et plans d'entretien pour Chariots \u00c9l\u00e9vateurs\",\"isPartOf\":{\"@id\":\"https:\/\/gauthierlift.com\/wordpress\/#website\"},\"primaryImageOfPage\":{\"@id\":\"https:\/\/gauthierlift.com\/wordpress\/pieces-et-services\/#primaryimage\"},\"image\":{\"@id\":\"https:\/\/gauthierlift.com\/wordpress\/pieces-et-services\/#primaryimage\"},\"thumbnailUrl\":\"https:\/\/gauthierlift.com\/wordpress\/wp-content\/uploads\/2024\/09\/Tech-cut-out.png\",\"datePublished\":\"2015-08-19T20:57:04+00:00\",\"dateModified\":\"2024-09-19T19:24:56+00:00\",\"description\":\"Gauthier Chariots \u00c9l\u00e9vateurs poss\u00e8de un important inventaire de pi\u00e8ces, pour toutes les marques et les cat\u00e9gories d\u2019\u00e9quipement de manutention.\",\"breadcrumb\":{\"@id\":\"https:\/\/gauthierlift.com\/wordpress\/pieces-et-services\/#breadcrumb\"},\"inLanguage\":\"fr-FR\",\"potentialAction\":[{\"@type\":\"ReadAction\",\"target\":[\"https:\/\/gauthierlift.com\/wordpress\/pieces-et-services\/\"]}]},{\"@type\":\"ImageObject\",\"inLanguage\":\"fr-FR\",\"@id\":\"https:\/\/gauthierlift.com\/wordpress\/pieces-et-services\/#primaryimage\",\"url\":\"https:\/\/gauthierlift.com\/wordpress\/wp-content\/uploads\/2024\/09\/Tech-cut-out.png\",\"contentUrl\":\"https:\/\/gauthierlift.com\/wordpress\/wp-content\/uploads\/2024\/09\/Tech-cut-out.png\",\"width\":500,\"height\":800},{\"@type\":\"BreadcrumbList\",\"@id\":\"https:\/\/gauthierlift.com\/wordpress\/pieces-et-services\/#breadcrumb\",\"itemListElement\":[{\"@type\":\"ListItem\",\"position\":1,\"name\":\"Accueil\",\"item\":\"https:\/\/gauthierlift.com\/wordpress\/\"},{\"@type\":\"ListItem\",\"position\":2,\"name\":\"Pi\u00e8ces et service\"}]},{\"@type\":\"WebSite\",\"@id\":\"https:\/\/gauthierlift.com\/wordpress\/#website\",\"url\":\"https:\/\/gauthierlift.com\/wordpress\/\",\"name\":\"Gauthier Chariots \u00c9l\u00e9vateurs\",\"description\":\"Achat, location et r\u00e9paration de chariots Hyundai, Clark et Load Lifter\",\"publisher\":{\"@id\":\"https:\/\/gauthierlift.com\/wordpress\/#organization\"},\"potentialAction\":[{\"@type\":\"SearchAction\",\"target\":{\"@type\":\"EntryPoint\",\"urlTemplate\":\"https:\/\/gauthierlift.com\/wordpress\/?s={search_term_string}\"},\"query-input\":{\"@type\":\"PropertyValueSpecification\",\"valueRequired\":true,\"valueName\":\"search_term_string\"}}],\"inLanguage\":\"fr-FR\"},{\"@type\":\"Organization\",\"@id\":\"https:\/\/gauthierlift.com\/wordpress\/#organization\",\"name\":\"Deval Chariots \u00c9l\u00e9vateurs\",\"url\":\"https:\/\/gauthierlift.com\/wordpress\/\",\"logo\":{\"@type\":\"ImageObject\",\"inLanguage\":\"fr-FR\",\"@id\":\"https:\/\/gauthierlift.com\/wordpress\/#\/schema\/logo\/image\/\",\"url\":\"https:\/\/gauthierlift.com\/wordpress\/wp-content\/uploads\/2015\/08\/deval-logo-inverted1.png\",\"contentUrl\":\"https:\/\/gauthierlift.com\/wordpress\/wp-content\/uploads\/2015\/08\/deval-logo-inverted1.png\",\"width\":268,\"height\":76,\"caption\":\"Deval Chariots \u00c9l\u00e9vateurs\"},\"image\":{\"@id\":\"https:\/\/gauthierlift.com\/wordpress\/#\/schema\/logo\/image\/\"}}]}<\/script>\n<!-- \/ Yoast SEO plugin. -->","yoast_head_json":{"title":"R\u00e9paration et plans d'entretien pour Chariots \u00c9l\u00e9vateurs","description":"Gauthier Chariots \u00c9l\u00e9vateurs poss\u00e8de un important inventaire de pi\u00e8ces, pour toutes les marques et les cat\u00e9gories d\u2019\u00e9quipement de manutention.","robots":{"index":"index","follow":"follow","max-snippet":"max-snippet:-1","max-image-preview":"max-image-preview:large","max-video-preview":"max-video-preview:-1"},"canonical":"https:\/\/gauthierlift.com\/wordpress\/pieces-et-services\/","og_locale":"fr_FR","og_type":"article","og_title":"R\u00e9paration et plans d'entretien pour Chariots \u00c9l\u00e9vateurs","og_description":"Gauthier Chariots \u00c9l\u00e9vateurs poss\u00e8de un important inventaire de pi\u00e8ces, pour toutes les marques et les cat\u00e9gories d\u2019\u00e9quipement de manutention.","og_url":"https:\/\/gauthierlift.com\/wordpress\/pieces-et-services\/","og_site_name":"Gauthier Chariots \u00c9l\u00e9vateurs","article_modified_time":"2024-09-19T19:24:56+00:00","og_image":[{"url":"https:\/\/gauthierlift.com\/wordpress\/wp-content\/uploads\/2024\/09\/Tech-cut-out.png","type":"","width":"","height":""}],"twitter_card":"summary_large_image","twitter_misc":{"Dur\u00e9e de lecture estim\u00e9e":"2 minutes"},"schema":{"@context":"https:\/\/schema.org","@graph":[{"@type":"WebPage","@id":"https:\/\/gauthierlift.com\/wordpress\/pieces-et-services\/","url":"https:\/\/gauthierlift.com\/wordpress\/pieces-et-services\/","name":"R\u00e9paration et plans d'entretien pour Chariots \u00c9l\u00e9vateurs","isPartOf":{"@id":"https:\/\/gauthierlift.com\/wordpress\/#website"},"primaryImageOfPage":{"@id":"https:\/\/gauthierlift.com\/wordpress\/pieces-et-services\/#primaryimage"},"image":{"@id":"https:\/\/gauthierlift.com\/wordpress\/pieces-et-services\/#primaryimage"},"thumbnailUrl":"https:\/\/gauthierlift.com\/wordpress\/wp-content\/uploads\/2024\/09\/Tech-cut-out.png","datePublished":"2015-08-19T20:57:04+00:00","dateModified":"2024-09-19T19:24:56+00:00","description":"Gauthier Chariots \u00c9l\u00e9vateurs poss\u00e8de un important inventaire de pi\u00e8ces, pour toutes les marques et les cat\u00e9gories d\u2019\u00e9quipement de manutention.","breadcrumb":{"@id":"https:\/\/gauthierlift.com\/wordpress\/pieces-et-services\/#breadcrumb"},"inLanguage":"fr-FR","potentialAction":[{"@type":"ReadAction","target":["https:\/\/gauthierlift.com\/wordpress\/pieces-et-services\/"]}]},{"@type":"ImageObject","inLanguage":"fr-FR","@id":"https:\/\/gauthierlift.com\/wordpress\/pieces-et-services\/#primaryimage","url":"https:\/\/gauthierlift.com\/wordpress\/wp-content\/uploads\/2024\/09\/Tech-cut-out.png","contentUrl":"https:\/\/gauthierlift.com\/wordpress\/wp-content\/uploads\/2024\/09\/Tech-cut-out.png","width":500,"height":800},{"@type":"BreadcrumbList","@id":"https:\/\/gauthierlift.com\/wordpress\/pieces-et-services\/#breadcrumb","itemListElement":[{"@type":"ListItem","position":1,"name":"Accueil","item":"https:\/\/gauthierlift.com\/wordpress\/"},{"@type":"ListItem","position":2,"name":"Pi\u00e8ces et service"}]},{"@type":"WebSite","@id":"https:\/\/gauthierlift.com\/wordpress\/#website","url":"https:\/\/gauthierlift.com\/wordpress\/","name":"Gauthier Chariots \u00c9l\u00e9vateurs","description":"Achat, location et r\u00e9paration de chariots Hyundai, Clark et Load Lifter","publisher":{"@id":"https:\/\/gauthierlift.com\/wordpress\/#organization"},"potentialAction":[{"@type":"SearchAction","target":{"@type":"EntryPoint","urlTemplate":"https:\/\/gauthierlift.com\/wordpress\/?s={search_term_string}"},"query-input":{"@type":"PropertyValueSpecification","valueRequired":true,"valueName":"search_term_string"}}],"inLanguage":"fr-FR"},{"@type":"Organization","@id":"https:\/\/gauthierlift.com\/wordpress\/#organization","name":"Deval Chariots \u00c9l\u00e9vateurs","url":"https:\/\/gauthierlift.com\/wordpress\/","logo":{"@type":"ImageObject","inLanguage":"fr-FR","@id":"https:\/\/gauthierlift.com\/wordpress\/#\/schema\/logo\/image\/","url":"https:\/\/gauthierlift.com\/wordpress\/wp-content\/uploads\/2015\/08\/deval-logo-inverted1.png","contentUrl":"https:\/\/gauthierlift.com\/wordpress\/wp-content\/uploads\/2015\/08\/deval-logo-inverted1.png","width":268,"height":76,"caption":"Deval Chariots \u00c9l\u00e9vateurs"},"image":{"@id":"https:\/\/gauthierlift.com\/wordpress\/#\/schema\/logo\/image\/"}}]}},"_links":{"self":[{"href":"https:\/\/gauthierlift.com\/wordpress\/wp-json\/wp\/v2\/pages\/165","targetHints":{"allow":["GET"]}}],"collection":[{"href":"https:\/\/gauthierlift.com\/wordpress\/wp-json\/wp\/v2\/pages"}],"about":[{"href":"https:\/\/gauthierlift.com\/wordpress\/wp-json\/wp\/v2\/types\/page"}],"author":[{"embeddable":true,"href":"https:\/\/gauthierlift.com\/wordpress\/wp-json\/wp\/v2\/users\/1"}],"replies":[{"embeddable":true,"href":"https:\/\/gauthierlift.com\/wordpress\/wp-json\/wp\/v2\/comments?post=165"}],"version-history":[{"count":30,"href":"https:\/\/gauthierlift.com\/wordpress\/wp-json\/wp\/v2\/pages\/165\/revisions"}],"predecessor-version":[{"id":5764,"href":"https:\/\/gauthierlift.com\/wordpress\/wp-json\/wp\/v2\/pages\/165\/revisions\/5764"}],"wp:attachment":[{"href":"https:\/\/gauthierlift.com\/wordpress\/wp-json\/wp\/v2\/media?parent=165"}],"curies":[{"name":"wp","href":"https:\/\/api.w.org\/{rel}","templated":true}]}}