{"id":2428,"date":"2020-03-06T16:53:55","date_gmt":"2020-03-06T15:53:55","guid":{"rendered":"http:\/\/gauthierlift.com\/wordpress\/?page_id=2428"},"modified":"2024-02-16T15:15:21","modified_gmt":"2024-02-16T14:15:21","slug":"communaute-gauthier","status":"publish","type":"page","link":"https:\/\/gauthierlift.com\/wordpress\/carriere\/communaute-gauthier\/","title":{"rendered":"Communaut\u00e9 Gauthier"},"content":{"rendered":"<p style=\"text-align: center;\">Faites partie de l&rsquo;\u00e9quipe Gauthier gr\u00e2ce \u00e0 nos nombreux \u00e9v\u00e9nements!<\/p>\n<p>&nbsp;<\/p>\n<div class=\"row\"><div class=\"colonne\">\n<p><strong>Fort dans la course<\/strong><\/p>\n<p>Depuis quelques ann\u00e9es, notre \u00e9quipe Gauthier Chariots \u00c9l\u00e9vateurs participe \u00e0 la course <em>Fort dans la course <\/em>de Warwick. Plusieurs distances \u00e0 parcourir sont offertes, autant pour les petits que pour les grands. Une belle \u00e9preuve \u00e0 r\u00e9ussir non seulement entre coll\u00e8gues, mais \u00e9galement en famille!<\/p>\n<p><a href=\"https:\/\/gauthierlift.com\/wordpress\/wp-content\/uploads\/2020\/03\/Groupe-scaled.jpg\"><img decoding=\"async\" width=\"500\" height=\"333\" class=\"alignnone size-medium wp-image-2457\" src=\"https:\/\/gauthierlift.com\/wordpress\/wp-content\/uploads\/2020\/03\/Groupe-500x333.jpg\" alt=\"\" srcset=\"https:\/\/gauthierlift.com\/wordpress\/wp-content\/uploads\/2020\/03\/Groupe-500x333.jpg 500w, https:\/\/gauthierlift.com\/wordpress\/wp-content\/uploads\/2020\/03\/Groupe-800x533.jpg 800w, https:\/\/gauthierlift.com\/wordpress\/wp-content\/uploads\/2020\/03\/Groupe-768x512.jpg 768w, https:\/\/gauthierlift.com\/wordpress\/wp-content\/uploads\/2020\/03\/Groupe-1536x1024.jpg 1536w, https:\/\/gauthierlift.com\/wordpress\/wp-content\/uploads\/2020\/03\/Groupe-2048x1365.jpg 2048w, https:\/\/gauthierlift.com\/wordpress\/wp-content\/uploads\/2020\/03\/Groupe-1800x1200.jpg 1800w, https:\/\/gauthierlift.com\/wordpress\/wp-content\/uploads\/2020\/03\/Groupe-250x167.jpg 250w\" sizes=\"(max-width: 500px) 100vw, 500px\" \/><\/a><\/p>\n<p><strong>Le Party de la Rentr\u00e9e Gauthier<\/strong><\/p>\n<p>Chaque automne, Gauthier Chariots \u00c9l\u00e9vateurs pr\u00e9pare \u00e0 son \u00e9quipe le party de la rentr\u00e9e avec tous les employ\u00e9s et leur famille, afin de c\u00e9l\u00e9brer notre communaut\u00e9. Des jeux, une \u00e9pluchette de bl\u00e9-d&rsquo;inde, un feu et des fous rires sont toujours au rendez-vous!<\/p>\n<p><a href=\"https:\/\/gauthierlift.com\/wordpress\/wp-content\/uploads\/2020\/03\/89686368_1044733235910122_1596745420472582144_n-scaled-e1584370210750.jpg\"><img decoding=\"async\" width=\"500\" height=\"375\" class=\"alignnone size-medium wp-image-2476\" src=\"https:\/\/gauthierlift.com\/wordpress\/wp-content\/uploads\/2020\/03\/89686368_1044733235910122_1596745420472582144_n-500x375.jpg\" alt=\"\" \/><\/a><\/p>\n<p>&nbsp;<\/p>\n<\/div>\n<div class=\"colonne\">\n<p style=\"text-align: left;\"><strong>Le D\u00e9fi des Bois<\/strong><\/p>\n<p style=\"text-align: left;\">Le D\u00e9fi des Bois de Victoriaville consiste en une course \u00e0 relais o\u00f9 les entreprises s&rsquo;affrontent. L&rsquo;\u00e9quipe Gauthier Chariots \u00c9l\u00e9vateurs y a d&rsquo;ailleurs particip\u00e9 \u00e0 l&rsquo;automne 2019.<\/p>\n<p style=\"text-align: left;\"><a href=\"https:\/\/gauthierlift.com\/wordpress\/wp-content\/uploads\/2020\/03\/70997489_666912007150966_3646894110133977088_n-scaled-e1584369578696.jpg\"><img decoding=\"async\" width=\"500\" height=\"375\" class=\"alignnone size-medium wp-image-2469\" src=\"https:\/\/gauthierlift.com\/wordpress\/wp-content\/uploads\/2020\/03\/70997489_666912007150966_3646894110133977088_n-500x375.jpg\" alt=\"\" \/><\/a><\/p>\n<p style=\"text-align: left;\"><strong>L&rsquo;\u00e9quipe de Deck Hockey F\u00e9minine<\/strong><\/p>\n<p style=\"text-align: left;\">Gauthier Chariots \u00c9l\u00e9vateurs est fier d&rsquo;encourager son \u00e9quipe f\u00e9minine de Deck Hockey. L&rsquo;une de nos missions est d&rsquo;enrichir le bien-\u00eatre de nos employ\u00e9s, mais \u00e9galement celui de la communaut\u00e9. Gau Gau Gau Gauthier!<\/p>\n<p><a href=\"https:\/\/gauthierlift.com\/wordpress\/wp-content\/uploads\/2020\/06\/\u00c9quipe-de-Deck-hockey-f\u00e9minine.jpg\"><img decoding=\"async\" width=\"800\" height=\"621\" class=\"alignnone size-large wp-image-4497\" src=\"https:\/\/gauthierlift.com\/wordpress\/wp-content\/uploads\/2020\/06\/\u00c9quipe-de-Deck-hockey-f\u00e9minine-800x621.jpg\" alt=\"\" srcset=\"https:\/\/gauthierlift.com\/wordpress\/wp-content\/uploads\/2020\/06\/\u00c9quipe-de-Deck-hockey-f\u00e9minine-800x621.jpg 800w, https:\/\/gauthierlift.com\/wordpress\/wp-content\/uploads\/2020\/06\/\u00c9quipe-de-Deck-hockey-f\u00e9minine-500x388.jpg 500w, https:\/\/gauthierlift.com\/wordpress\/wp-content\/uploads\/2020\/06\/\u00c9quipe-de-Deck-hockey-f\u00e9minine-768x596.jpg 768w, https:\/\/gauthierlift.com\/wordpress\/wp-content\/uploads\/2020\/06\/\u00c9quipe-de-Deck-hockey-f\u00e9minine-250x194.jpg 250w, https:\/\/gauthierlift.com\/wordpress\/wp-content\/uploads\/2020\/06\/\u00c9quipe-de-Deck-hockey-f\u00e9minine.jpg 960w\" sizes=\"(max-width: 800px) 100vw, 800px\" \/><\/a><\/p>\n<\/div><\/div>\n","protected":false},"excerpt":{"rendered":"Faites partie de l&rsquo;\u00e9quipe Gauthier gr\u00e2ce \u00e0 nos nombreux \u00e9v\u00e9nements! &nbsp;","protected":false},"author":3,"featured_media":0,"parent":1136,"menu_order":0,"comment_status":"closed","ping_status":"closed","template":"","meta":{"footnotes":""},"class_list":["post-2428","page","type-page","status-publish","hentry"],"yoast_head":"<!-- This site is optimized with the Yoast SEO plugin v26.6 - https:\/\/yoast.com\/wordpress\/plugins\/seo\/ -->\n<title>Communaut\u00e9 Gauthier - Gauthier Chariots \u00c9l\u00e9vateurs<\/title>\n<meta name=\"description\" content=\"Chez Gauthier Chariots \u00c9l\u00e9vateurs, nous sommes bien plus qu&#039;une entreprise : nous sommes une famille. Faites-en partie d\u00e8s maintenant!\" \/>\n<meta name=\"robots\" content=\"index, follow, max-snippet:-1, max-image-preview:large, max-video-preview:-1\" \/>\n<link rel=\"canonical\" href=\"https:\/\/gauthierlift.com\/wordpress\/carriere\/communaute-gauthier\/\" \/>\n<meta property=\"og:locale\" content=\"fr_FR\" \/>\n<meta property=\"og:type\" content=\"article\" \/>\n<meta property=\"og:title\" content=\"Communaut\u00e9 Gauthier - Gauthier Chariots \u00c9l\u00e9vateurs\" \/>\n<meta property=\"og:description\" content=\"Chez Gauthier Chariots \u00c9l\u00e9vateurs, nous sommes bien plus qu&#039;une entreprise : nous sommes une famille. Faites-en partie d\u00e8s maintenant!\" \/>\n<meta property=\"og:url\" content=\"https:\/\/gauthierlift.com\/wordpress\/carriere\/communaute-gauthier\/\" \/>\n<meta property=\"og:site_name\" content=\"Gauthier Chariots \u00c9l\u00e9vateurs\" \/>\n<meta property=\"article:modified_time\" content=\"2024-02-16T14:15:21+00:00\" \/>\n<meta property=\"og:image\" content=\"https:\/\/gauthierlift.com\/wordpress\/wp-content\/uploads\/2020\/03\/Groupe-500x333.jpg\" \/>\n<meta name=\"twitter:card\" content=\"summary_large_image\" \/>\n<meta name=\"twitter:label1\" content=\"Dur\u00e9e de lecture estim\u00e9e\" \/>\n\t<meta name=\"twitter:data1\" content=\"2 minutes\" \/>\n<script type=\"application\/ld+json\" class=\"yoast-schema-graph\">{\"@context\":\"https:\/\/schema.org\",\"@graph\":[{\"@type\":\"WebPage\",\"@id\":\"https:\/\/gauthierlift.com\/wordpress\/carriere\/communaute-gauthier\/\",\"url\":\"https:\/\/gauthierlift.com\/wordpress\/carriere\/communaute-gauthier\/\",\"name\":\"Communaut\u00e9 Gauthier - Gauthier Chariots \u00c9l\u00e9vateurs\",\"isPartOf\":{\"@id\":\"https:\/\/gauthierlift.com\/wordpress\/#website\"},\"primaryImageOfPage\":{\"@id\":\"https:\/\/gauthierlift.com\/wordpress\/carriere\/communaute-gauthier\/#primaryimage\"},\"image\":{\"@id\":\"https:\/\/gauthierlift.com\/wordpress\/carriere\/communaute-gauthier\/#primaryimage\"},\"thumbnailUrl\":\"https:\/\/gauthierlift.com\/wordpress\/wp-content\/uploads\/2020\/03\/Groupe-500x333.jpg\",\"datePublished\":\"2020-03-06T15:53:55+00:00\",\"dateModified\":\"2024-02-16T14:15:21+00:00\",\"description\":\"Chez Gauthier Chariots \u00c9l\u00e9vateurs, nous sommes bien plus qu'une entreprise : nous sommes une famille. Faites-en partie d\u00e8s maintenant!\",\"breadcrumb\":{\"@id\":\"https:\/\/gauthierlift.com\/wordpress\/carriere\/communaute-gauthier\/#breadcrumb\"},\"inLanguage\":\"fr-FR\",\"potentialAction\":[{\"@type\":\"ReadAction\",\"target\":[\"https:\/\/gauthierlift.com\/wordpress\/carriere\/communaute-gauthier\/\"]}]},{\"@type\":\"ImageObject\",\"inLanguage\":\"fr-FR\",\"@id\":\"https:\/\/gauthierlift.com\/wordpress\/carriere\/communaute-gauthier\/#primaryimage\",\"url\":\"https:\/\/gauthierlift.com\/wordpress\/wp-content\/uploads\/2020\/03\/Groupe.jpg\",\"contentUrl\":\"https:\/\/gauthierlift.com\/wordpress\/wp-content\/uploads\/2020\/03\/Groupe.jpg\",\"width\":2560,\"height\":1707},{\"@type\":\"BreadcrumbList\",\"@id\":\"https:\/\/gauthierlift.com\/wordpress\/carriere\/communaute-gauthier\/#breadcrumb\",\"itemListElement\":[{\"@type\":\"ListItem\",\"position\":1,\"name\":\"Accueil\",\"item\":\"https:\/\/gauthierlift.com\/wordpress\/\"},{\"@type\":\"ListItem\",\"position\":2,\"name\":\"CARRI\u00c8RE\",\"item\":\"https:\/\/gauthierlift.com\/wordpress\/carriere\/\"},{\"@type\":\"ListItem\",\"position\":3,\"name\":\"Communaut\u00e9 Gauthier\"}]},{\"@type\":\"WebSite\",\"@id\":\"https:\/\/gauthierlift.com\/wordpress\/#website\",\"url\":\"https:\/\/gauthierlift.com\/wordpress\/\",\"name\":\"Gauthier Chariots \u00c9l\u00e9vateurs\",\"description\":\"Achat, location et r\u00e9paration de chariots Hyundai, Clark et Load Lifter\",\"publisher\":{\"@id\":\"https:\/\/gauthierlift.com\/wordpress\/#organization\"},\"potentialAction\":[{\"@type\":\"SearchAction\",\"target\":{\"@type\":\"EntryPoint\",\"urlTemplate\":\"https:\/\/gauthierlift.com\/wordpress\/?s={search_term_string}\"},\"query-input\":{\"@type\":\"PropertyValueSpecification\",\"valueRequired\":true,\"valueName\":\"search_term_string\"}}],\"inLanguage\":\"fr-FR\"},{\"@type\":\"Organization\",\"@id\":\"https:\/\/gauthierlift.com\/wordpress\/#organization\",\"name\":\"Deval Chariots \u00c9l\u00e9vateurs\",\"url\":\"https:\/\/gauthierlift.com\/wordpress\/\",\"logo\":{\"@type\":\"ImageObject\",\"inLanguage\":\"fr-FR\",\"@id\":\"https:\/\/gauthierlift.com\/wordpress\/#\/schema\/logo\/image\/\",\"url\":\"https:\/\/gauthierlift.com\/wordpress\/wp-content\/uploads\/2015\/08\/deval-logo-inverted1.png\",\"contentUrl\":\"https:\/\/gauthierlift.com\/wordpress\/wp-content\/uploads\/2015\/08\/deval-logo-inverted1.png\",\"width\":268,\"height\":76,\"caption\":\"Deval Chariots \u00c9l\u00e9vateurs\"},\"image\":{\"@id\":\"https:\/\/gauthierlift.com\/wordpress\/#\/schema\/logo\/image\/\"}}]}<\/script>\n<!-- \/ Yoast SEO plugin. -->","yoast_head_json":{"title":"Communaut\u00e9 Gauthier - Gauthier Chariots \u00c9l\u00e9vateurs","description":"Chez Gauthier Chariots \u00c9l\u00e9vateurs, nous sommes bien plus qu'une entreprise : nous sommes une famille. Faites-en partie d\u00e8s maintenant!","robots":{"index":"index","follow":"follow","max-snippet":"max-snippet:-1","max-image-preview":"max-image-preview:large","max-video-preview":"max-video-preview:-1"},"canonical":"https:\/\/gauthierlift.com\/wordpress\/carriere\/communaute-gauthier\/","og_locale":"fr_FR","og_type":"article","og_title":"Communaut\u00e9 Gauthier - Gauthier Chariots \u00c9l\u00e9vateurs","og_description":"Chez Gauthier Chariots \u00c9l\u00e9vateurs, nous sommes bien plus qu'une entreprise : nous sommes une famille. Faites-en partie d\u00e8s maintenant!","og_url":"https:\/\/gauthierlift.com\/wordpress\/carriere\/communaute-gauthier\/","og_site_name":"Gauthier Chariots \u00c9l\u00e9vateurs","article_modified_time":"2024-02-16T14:15:21+00:00","og_image":[{"url":"https:\/\/gauthierlift.com\/wordpress\/wp-content\/uploads\/2020\/03\/Groupe-500x333.jpg","type":"","width":"","height":""}],"twitter_card":"summary_large_image","twitter_misc":{"Dur\u00e9e de lecture estim\u00e9e":"2 minutes"},"schema":{"@context":"https:\/\/schema.org","@graph":[{"@type":"WebPage","@id":"https:\/\/gauthierlift.com\/wordpress\/carriere\/communaute-gauthier\/","url":"https:\/\/gauthierlift.com\/wordpress\/carriere\/communaute-gauthier\/","name":"Communaut\u00e9 Gauthier - Gauthier Chariots \u00c9l\u00e9vateurs","isPartOf":{"@id":"https:\/\/gauthierlift.com\/wordpress\/#website"},"primaryImageOfPage":{"@id":"https:\/\/gauthierlift.com\/wordpress\/carriere\/communaute-gauthier\/#primaryimage"},"image":{"@id":"https:\/\/gauthierlift.com\/wordpress\/carriere\/communaute-gauthier\/#primaryimage"},"thumbnailUrl":"https:\/\/gauthierlift.com\/wordpress\/wp-content\/uploads\/2020\/03\/Groupe-500x333.jpg","datePublished":"2020-03-06T15:53:55+00:00","dateModified":"2024-02-16T14:15:21+00:00","description":"Chez Gauthier Chariots \u00c9l\u00e9vateurs, nous sommes bien plus qu'une entreprise : nous sommes une famille. Faites-en partie d\u00e8s maintenant!","breadcrumb":{"@id":"https:\/\/gauthierlift.com\/wordpress\/carriere\/communaute-gauthier\/#breadcrumb"},"inLanguage":"fr-FR","potentialAction":[{"@type":"ReadAction","target":["https:\/\/gauthierlift.com\/wordpress\/carriere\/communaute-gauthier\/"]}]},{"@type":"ImageObject","inLanguage":"fr-FR","@id":"https:\/\/gauthierlift.com\/wordpress\/carriere\/communaute-gauthier\/#primaryimage","url":"https:\/\/gauthierlift.com\/wordpress\/wp-content\/uploads\/2020\/03\/Groupe.jpg","contentUrl":"https:\/\/gauthierlift.com\/wordpress\/wp-content\/uploads\/2020\/03\/Groupe.jpg","width":2560,"height":1707},{"@type":"BreadcrumbList","@id":"https:\/\/gauthierlift.com\/wordpress\/carriere\/communaute-gauthier\/#breadcrumb","itemListElement":[{"@type":"ListItem","position":1,"name":"Accueil","item":"https:\/\/gauthierlift.com\/wordpress\/"},{"@type":"ListItem","position":2,"name":"CARRI\u00c8RE","item":"https:\/\/gauthierlift.com\/wordpress\/carriere\/"},{"@type":"ListItem","position":3,"name":"Communaut\u00e9 Gauthier"}]},{"@type":"WebSite","@id":"https:\/\/gauthierlift.com\/wordpress\/#website","url":"https:\/\/gauthierlift.com\/wordpress\/","name":"Gauthier Chariots \u00c9l\u00e9vateurs","description":"Achat, location et r\u00e9paration de chariots Hyundai, Clark et Load Lifter","publisher":{"@id":"https:\/\/gauthierlift.com\/wordpress\/#organization"},"potentialAction":[{"@type":"SearchAction","target":{"@type":"EntryPoint","urlTemplate":"https:\/\/gauthierlift.com\/wordpress\/?s={search_term_string}"},"query-input":{"@type":"PropertyValueSpecification","valueRequired":true,"valueName":"search_term_string"}}],"inLanguage":"fr-FR"},{"@type":"Organization","@id":"https:\/\/gauthierlift.com\/wordpress\/#organization","name":"Deval Chariots \u00c9l\u00e9vateurs","url":"https:\/\/gauthierlift.com\/wordpress\/","logo":{"@type":"ImageObject","inLanguage":"fr-FR","@id":"https:\/\/gauthierlift.com\/wordpress\/#\/schema\/logo\/image\/","url":"https:\/\/gauthierlift.com\/wordpress\/wp-content\/uploads\/2015\/08\/deval-logo-inverted1.png","contentUrl":"https:\/\/gauthierlift.com\/wordpress\/wp-content\/uploads\/2015\/08\/deval-logo-inverted1.png","width":268,"height":76,"caption":"Deval Chariots \u00c9l\u00e9vateurs"},"image":{"@id":"https:\/\/gauthierlift.com\/wordpress\/#\/schema\/logo\/image\/"}}]}},"_links":{"self":[{"href":"https:\/\/gauthierlift.com\/wordpress\/wp-json\/wp\/v2\/pages\/2428","targetHints":{"allow":["GET"]}}],"collection":[{"href":"https:\/\/gauthierlift.com\/wordpress\/wp-json\/wp\/v2\/pages"}],"about":[{"href":"https:\/\/gauthierlift.com\/wordpress\/wp-json\/wp\/v2\/types\/page"}],"author":[{"embeddable":true,"href":"https:\/\/gauthierlift.com\/wordpress\/wp-json\/wp\/v2\/users\/3"}],"replies":[{"embeddable":true,"href":"https:\/\/gauthierlift.com\/wordpress\/wp-json\/wp\/v2\/comments?post=2428"}],"version-history":[{"count":35,"href":"https:\/\/gauthierlift.com\/wordpress\/wp-json\/wp\/v2\/pages\/2428\/revisions"}],"predecessor-version":[{"id":4955,"href":"https:\/\/gauthierlift.com\/wordpress\/wp-json\/wp\/v2\/pages\/2428\/revisions\/4955"}],"up":[{"embeddable":true,"href":"https:\/\/gauthierlift.com\/wordpress\/wp-json\/wp\/v2\/pages\/1136"}],"wp:attachment":[{"href":"https:\/\/gauthierlift.com\/wordpress\/wp-json\/wp\/v2\/media?parent=2428"}],"curies":[{"name":"wp","href":"https:\/\/api.w.org\/{rel}","templated":true}]}}