{"id":2438,"date":"2024-09-19T14:24:28","date_gmt":"2024-09-19T13:24:28","guid":{"rendered":"http:\/\/gauthierlift.com\/wordpress\/?page_id=2438"},"modified":"2024-09-19T19:24:28","modified_gmt":"2024-09-19T18:24:28","slug":"nos-valeurs","status":"publish","type":"page","link":"https:\/\/gauthierlift.com\/wordpress\/a-propos\/nos-valeurs\/","title":{"rendered":"Valeurs d&rsquo;entreprise"},"content":{"rendered":"<div class=\"row\"><div class=\"colonne\">\n<p><em><strong>Respect<\/strong><\/em><\/p>\n<p>\u00c9troitement li\u00e9 au succ\u00e8s de Gauthier, le respect se vit \u00e0 travers nos actions envers nos coll\u00e8gues de travail, nos clients, nos produits et l\u2019environnement.<\/p>\n<p><em><strong>Qualit\u00e9<\/strong><\/em><\/p>\n<p>Cette valeur oriente nos actions et sollicite les comp\u00e9tences n\u00e9cessaires pour offrir une prestation de services et de produits permettant d\u2019\u00eatre la r\u00e9f\u00e9rence pour l\u2019industrie au Qu\u00e9bec.<\/p>\n<p><em><strong>Int\u00e9grit\u00e9 et\u00a0<\/strong><b>rigueur<\/b><\/em><\/p>\n<p>Ces valeurs nous rendent imputables face \u00e0 toutes nos actions du d\u00e9but \u00e0 la fin du processus. Pour nous, elles sont synonymes d\u2019\u00e9quit\u00e9, d\u2019honn\u00eatet\u00e9, de comp\u00e9tence et de transparence.<\/p>\n<p><em><strong>Travail d\u2019\u00e9quipe<\/strong><\/em><\/p>\n<p>Le travail d\u2019\u00e9quipe est la base de l\u2019\u00e9volution des strat\u00e9gies d\u2019affaires chez Gauthier, que chacun alimente du poids de son expertise et de ses exigences en forgeant des relations de travail solides et fructueuses.<\/p>\n<\/div>\n<p>&nbsp;<\/p>\n<p><a href=\"https:\/\/gauthierlift.com\/wordpress\/wp-content\/uploads\/2024\/09\/ei_-1516-Edit.jpg\"><img decoding=\"async\" class=\"alignnone wp-image-5747 \" src=\"https:\/\/gauthierlift.com\/wordpress\/wp-content\/uploads\/2024\/09\/ei_-1516-Edit.jpg\" alt=\"\" width=\"497\" height=\"331\" srcset=\"https:\/\/gauthierlift.com\/wordpress\/wp-content\/uploads\/2024\/09\/ei_-1516-Edit.jpg 2048w, https:\/\/gauthierlift.com\/wordpress\/wp-content\/uploads\/2024\/09\/ei_-1516-Edit-500x333.jpg 500w, https:\/\/gauthierlift.com\/wordpress\/wp-content\/uploads\/2024\/09\/ei_-1516-Edit-800x534.jpg 800w, https:\/\/gauthierlift.com\/wordpress\/wp-content\/uploads\/2024\/09\/ei_-1516-Edit-768x512.jpg 768w, https:\/\/gauthierlift.com\/wordpress\/wp-content\/uploads\/2024\/09\/ei_-1516-Edit-1536x1025.jpg 1536w, https:\/\/gauthierlift.com\/wordpress\/wp-content\/uploads\/2024\/09\/ei_-1516-Edit-1800x1201.jpg 1800w, https:\/\/gauthierlift.com\/wordpress\/wp-content\/uploads\/2024\/09\/ei_-1516-Edit-250x167.jpg 250w\" sizes=\"(max-width: 497px) 100vw, 497px\" \/><\/a><\/p>\n","protected":false},"excerpt":{"rendered":"&nbsp;","protected":false},"author":3,"featured_media":0,"parent":167,"menu_order":0,"comment_status":"closed","ping_status":"closed","template":"","meta":{"footnotes":""},"class_list":["post-2438","page","type-page","status-publish","hentry"],"yoast_head":"<!-- This site is optimized with the Yoast SEO plugin v26.6 - https:\/\/yoast.com\/wordpress\/plugins\/seo\/ -->\n<title>Valeurs d&#039;entreprise - Gauthier Chariots \u00c9l\u00e9vateurs<\/title>\n<meta name=\"robots\" content=\"index, follow, max-snippet:-1, max-image-preview:large, max-video-preview:-1\" \/>\n<link rel=\"canonical\" href=\"https:\/\/gauthierlift.com\/wordpress\/a-propos\/nos-valeurs\/\" \/>\n<meta property=\"og:locale\" content=\"fr_FR\" \/>\n<meta property=\"og:type\" content=\"article\" \/>\n<meta property=\"og:title\" content=\"Valeurs d&#039;entreprise - Gauthier Chariots \u00c9l\u00e9vateurs\" \/>\n<meta property=\"og:description\" content=\"&nbsp;\" \/>\n<meta property=\"og:url\" content=\"https:\/\/gauthierlift.com\/wordpress\/a-propos\/nos-valeurs\/\" \/>\n<meta property=\"og:site_name\" content=\"Gauthier Chariots \u00c9l\u00e9vateurs\" \/>\n<meta property=\"article:modified_time\" content=\"2024-09-19T18:24:28+00:00\" \/>\n<meta property=\"og:image\" content=\"https:\/\/gauthierlift.com\/wordpress\/wp-content\/uploads\/2024\/09\/ei_-1516-Edit.jpg\" \/>\n<meta name=\"twitter:card\" content=\"summary_large_image\" \/>\n<meta name=\"twitter:label1\" content=\"Dur\u00e9e de lecture estim\u00e9e\" \/>\n\t<meta name=\"twitter:data1\" content=\"1 minute\" \/>\n<script type=\"application\/ld+json\" class=\"yoast-schema-graph\">{\"@context\":\"https:\/\/schema.org\",\"@graph\":[{\"@type\":\"WebPage\",\"@id\":\"https:\/\/gauthierlift.com\/wordpress\/a-propos\/nos-valeurs\/\",\"url\":\"https:\/\/gauthierlift.com\/wordpress\/a-propos\/nos-valeurs\/\",\"name\":\"Valeurs d'entreprise - Gauthier Chariots \u00c9l\u00e9vateurs\",\"isPartOf\":{\"@id\":\"https:\/\/gauthierlift.com\/wordpress\/#website\"},\"primaryImageOfPage\":{\"@id\":\"https:\/\/gauthierlift.com\/wordpress\/a-propos\/nos-valeurs\/#primaryimage\"},\"image\":{\"@id\":\"https:\/\/gauthierlift.com\/wordpress\/a-propos\/nos-valeurs\/#primaryimage\"},\"thumbnailUrl\":\"https:\/\/gauthierlift.com\/wordpress\/wp-content\/uploads\/2024\/09\/ei_-1516-Edit.jpg\",\"datePublished\":\"2024-09-19T13:24:28+00:00\",\"dateModified\":\"2024-09-19T18:24:28+00:00\",\"breadcrumb\":{\"@id\":\"https:\/\/gauthierlift.com\/wordpress\/a-propos\/nos-valeurs\/#breadcrumb\"},\"inLanguage\":\"fr-FR\",\"potentialAction\":[{\"@type\":\"ReadAction\",\"target\":[\"https:\/\/gauthierlift.com\/wordpress\/a-propos\/nos-valeurs\/\"]}]},{\"@type\":\"ImageObject\",\"inLanguage\":\"fr-FR\",\"@id\":\"https:\/\/gauthierlift.com\/wordpress\/a-propos\/nos-valeurs\/#primaryimage\",\"url\":\"https:\/\/gauthierlift.com\/wordpress\/wp-content\/uploads\/2024\/09\/ei_-1516-Edit.jpg\",\"contentUrl\":\"https:\/\/gauthierlift.com\/wordpress\/wp-content\/uploads\/2024\/09\/ei_-1516-Edit.jpg\",\"width\":2048,\"height\":1366},{\"@type\":\"BreadcrumbList\",\"@id\":\"https:\/\/gauthierlift.com\/wordpress\/a-propos\/nos-valeurs\/#breadcrumb\",\"itemListElement\":[{\"@type\":\"ListItem\",\"position\":1,\"name\":\"Accueil\",\"item\":\"https:\/\/gauthierlift.com\/wordpress\/\"},{\"@type\":\"ListItem\",\"position\":2,\"name\":\"\u00c0 propos\",\"item\":\"https:\/\/gauthierlift.com\/wordpress\/a-propos\/\"},{\"@type\":\"ListItem\",\"position\":3,\"name\":\"Valeurs d&rsquo;entreprise\"}]},{\"@type\":\"WebSite\",\"@id\":\"https:\/\/gauthierlift.com\/wordpress\/#website\",\"url\":\"https:\/\/gauthierlift.com\/wordpress\/\",\"name\":\"Gauthier Chariots \u00c9l\u00e9vateurs\",\"description\":\"Achat, location et r\u00e9paration de chariots Hyundai, Clark et Load Lifter\",\"publisher\":{\"@id\":\"https:\/\/gauthierlift.com\/wordpress\/#organization\"},\"potentialAction\":[{\"@type\":\"SearchAction\",\"target\":{\"@type\":\"EntryPoint\",\"urlTemplate\":\"https:\/\/gauthierlift.com\/wordpress\/?s={search_term_string}\"},\"query-input\":{\"@type\":\"PropertyValueSpecification\",\"valueRequired\":true,\"valueName\":\"search_term_string\"}}],\"inLanguage\":\"fr-FR\"},{\"@type\":\"Organization\",\"@id\":\"https:\/\/gauthierlift.com\/wordpress\/#organization\",\"name\":\"Deval Chariots \u00c9l\u00e9vateurs\",\"url\":\"https:\/\/gauthierlift.com\/wordpress\/\",\"logo\":{\"@type\":\"ImageObject\",\"inLanguage\":\"fr-FR\",\"@id\":\"https:\/\/gauthierlift.com\/wordpress\/#\/schema\/logo\/image\/\",\"url\":\"https:\/\/gauthierlift.com\/wordpress\/wp-content\/uploads\/2015\/08\/deval-logo-inverted1.png\",\"contentUrl\":\"https:\/\/gauthierlift.com\/wordpress\/wp-content\/uploads\/2015\/08\/deval-logo-inverted1.png\",\"width\":268,\"height\":76,\"caption\":\"Deval Chariots \u00c9l\u00e9vateurs\"},\"image\":{\"@id\":\"https:\/\/gauthierlift.com\/wordpress\/#\/schema\/logo\/image\/\"}}]}<\/script>\n<!-- \/ Yoast SEO plugin. -->","yoast_head_json":{"title":"Valeurs d'entreprise - Gauthier Chariots \u00c9l\u00e9vateurs","robots":{"index":"index","follow":"follow","max-snippet":"max-snippet:-1","max-image-preview":"max-image-preview:large","max-video-preview":"max-video-preview:-1"},"canonical":"https:\/\/gauthierlift.com\/wordpress\/a-propos\/nos-valeurs\/","og_locale":"fr_FR","og_type":"article","og_title":"Valeurs d'entreprise - Gauthier Chariots \u00c9l\u00e9vateurs","og_description":"&nbsp;","og_url":"https:\/\/gauthierlift.com\/wordpress\/a-propos\/nos-valeurs\/","og_site_name":"Gauthier Chariots \u00c9l\u00e9vateurs","article_modified_time":"2024-09-19T18:24:28+00:00","og_image":[{"url":"https:\/\/gauthierlift.com\/wordpress\/wp-content\/uploads\/2024\/09\/ei_-1516-Edit.jpg","type":"","width":"","height":""}],"twitter_card":"summary_large_image","twitter_misc":{"Dur\u00e9e de lecture estim\u00e9e":"1 minute"},"schema":{"@context":"https:\/\/schema.org","@graph":[{"@type":"WebPage","@id":"https:\/\/gauthierlift.com\/wordpress\/a-propos\/nos-valeurs\/","url":"https:\/\/gauthierlift.com\/wordpress\/a-propos\/nos-valeurs\/","name":"Valeurs d'entreprise - Gauthier Chariots \u00c9l\u00e9vateurs","isPartOf":{"@id":"https:\/\/gauthierlift.com\/wordpress\/#website"},"primaryImageOfPage":{"@id":"https:\/\/gauthierlift.com\/wordpress\/a-propos\/nos-valeurs\/#primaryimage"},"image":{"@id":"https:\/\/gauthierlift.com\/wordpress\/a-propos\/nos-valeurs\/#primaryimage"},"thumbnailUrl":"https:\/\/gauthierlift.com\/wordpress\/wp-content\/uploads\/2024\/09\/ei_-1516-Edit.jpg","datePublished":"2024-09-19T13:24:28+00:00","dateModified":"2024-09-19T18:24:28+00:00","breadcrumb":{"@id":"https:\/\/gauthierlift.com\/wordpress\/a-propos\/nos-valeurs\/#breadcrumb"},"inLanguage":"fr-FR","potentialAction":[{"@type":"ReadAction","target":["https:\/\/gauthierlift.com\/wordpress\/a-propos\/nos-valeurs\/"]}]},{"@type":"ImageObject","inLanguage":"fr-FR","@id":"https:\/\/gauthierlift.com\/wordpress\/a-propos\/nos-valeurs\/#primaryimage","url":"https:\/\/gauthierlift.com\/wordpress\/wp-content\/uploads\/2024\/09\/ei_-1516-Edit.jpg","contentUrl":"https:\/\/gauthierlift.com\/wordpress\/wp-content\/uploads\/2024\/09\/ei_-1516-Edit.jpg","width":2048,"height":1366},{"@type":"BreadcrumbList","@id":"https:\/\/gauthierlift.com\/wordpress\/a-propos\/nos-valeurs\/#breadcrumb","itemListElement":[{"@type":"ListItem","position":1,"name":"Accueil","item":"https:\/\/gauthierlift.com\/wordpress\/"},{"@type":"ListItem","position":2,"name":"\u00c0 propos","item":"https:\/\/gauthierlift.com\/wordpress\/a-propos\/"},{"@type":"ListItem","position":3,"name":"Valeurs d&rsquo;entreprise"}]},{"@type":"WebSite","@id":"https:\/\/gauthierlift.com\/wordpress\/#website","url":"https:\/\/gauthierlift.com\/wordpress\/","name":"Gauthier Chariots \u00c9l\u00e9vateurs","description":"Achat, location et r\u00e9paration de chariots Hyundai, Clark et Load Lifter","publisher":{"@id":"https:\/\/gauthierlift.com\/wordpress\/#organization"},"potentialAction":[{"@type":"SearchAction","target":{"@type":"EntryPoint","urlTemplate":"https:\/\/gauthierlift.com\/wordpress\/?s={search_term_string}"},"query-input":{"@type":"PropertyValueSpecification","valueRequired":true,"valueName":"search_term_string"}}],"inLanguage":"fr-FR"},{"@type":"Organization","@id":"https:\/\/gauthierlift.com\/wordpress\/#organization","name":"Deval Chariots \u00c9l\u00e9vateurs","url":"https:\/\/gauthierlift.com\/wordpress\/","logo":{"@type":"ImageObject","inLanguage":"fr-FR","@id":"https:\/\/gauthierlift.com\/wordpress\/#\/schema\/logo\/image\/","url":"https:\/\/gauthierlift.com\/wordpress\/wp-content\/uploads\/2015\/08\/deval-logo-inverted1.png","contentUrl":"https:\/\/gauthierlift.com\/wordpress\/wp-content\/uploads\/2015\/08\/deval-logo-inverted1.png","width":268,"height":76,"caption":"Deval Chariots \u00c9l\u00e9vateurs"},"image":{"@id":"https:\/\/gauthierlift.com\/wordpress\/#\/schema\/logo\/image\/"}}]}},"_links":{"self":[{"href":"https:\/\/gauthierlift.com\/wordpress\/wp-json\/wp\/v2\/pages\/2438","targetHints":{"allow":["GET"]}}],"collection":[{"href":"https:\/\/gauthierlift.com\/wordpress\/wp-json\/wp\/v2\/pages"}],"about":[{"href":"https:\/\/gauthierlift.com\/wordpress\/wp-json\/wp\/v2\/types\/page"}],"author":[{"embeddable":true,"href":"https:\/\/gauthierlift.com\/wordpress\/wp-json\/wp\/v2\/users\/3"}],"replies":[{"embeddable":true,"href":"https:\/\/gauthierlift.com\/wordpress\/wp-json\/wp\/v2\/comments?post=2438"}],"version-history":[{"count":37,"href":"https:\/\/gauthierlift.com\/wordpress\/wp-json\/wp\/v2\/pages\/2438\/revisions"}],"predecessor-version":[{"id":5749,"href":"https:\/\/gauthierlift.com\/wordpress\/wp-json\/wp\/v2\/pages\/2438\/revisions\/5749"}],"up":[{"embeddable":true,"href":"https:\/\/gauthierlift.com\/wordpress\/wp-json\/wp\/v2\/pages\/167"}],"wp:attachment":[{"href":"https:\/\/gauthierlift.com\/wordpress\/wp-json\/wp\/v2\/media?parent=2438"}],"curies":[{"name":"wp","href":"https:\/\/api.w.org\/{rel}","templated":true}]}}