{"id":248,"date":"2015-08-20T18:26:28","date_gmt":"2015-08-20T17:26:28","guid":{"rendered":"http:\/\/gauthierlift.com\/wordpress\/chariots-usages\/a-moteur\/?lang=en"},"modified":"2020-06-03T20:50:23","modified_gmt":"2020-06-03T19:50:23","slug":"combustion","status":"publish","type":"page","link":"https:\/\/gauthierlift.com\/wordpress\/en\/used-lifts\/combustion\/","title":{"rendered":"Propane \/ Diesel combustion"},"content":{"rendered":"","protected":false},"excerpt":{"rendered":"","protected":false},"author":1,"featured_media":0,"parent":247,"menu_order":0,"comment_status":"closed","ping_status":"closed","template":"modele-produits.php","meta":{"footnotes":""},"class_list":["post-248","page","type-page","status-publish","hentry"],"yoast_head":"<!-- This site is optimized with the Yoast SEO plugin v26.6 - https:\/\/yoast.com\/wordpress\/plugins\/seo\/ -->\n<title>Deval - Used internal combustion forklift<\/title>\n<meta name=\"description\" content=\"List of used internal combustion forklift models. Gas, diesel, dual fuel and various lift capacity, find the ideal model.\" \/>\n<meta name=\"robots\" content=\"index, follow, max-snippet:-1, max-image-preview:large, max-video-preview:-1\" \/>\n<link rel=\"canonical\" href=\"https:\/\/gauthierlift.com\/wordpress\/used-lifts\/combustion\/\" \/>\n<meta property=\"og:locale\" content=\"fr_FR\" \/>\n<meta property=\"og:type\" content=\"article\" \/>\n<meta property=\"og:title\" content=\"Deval - Used internal combustion forklift\" \/>\n<meta property=\"og:description\" content=\"List of used internal combustion forklift models. Gas, diesel, dual fuel and various lift capacity, find the ideal model.\" \/>\n<meta property=\"og:url\" content=\"https:\/\/gauthierlift.com\/wordpress\/en\/used-lifts\/combustion\/\" \/>\n<meta property=\"og:site_name\" content=\"Gauthier Chariots \u00c9l\u00e9vateurs\" \/>\n<meta property=\"article:modified_time\" content=\"2020-06-03T19:50:23+00:00\" \/>\n<meta name=\"twitter:card\" content=\"summary_large_image\" \/>\n<script type=\"application\/ld+json\" class=\"yoast-schema-graph\">{\"@context\":\"https:\/\/schema.org\",\"@graph\":[{\"@type\":\"WebPage\",\"@id\":\"https:\/\/gauthierlift.com\/wordpress\/en\/used-lifts\/combustion\/\",\"url\":\"https:\/\/gauthierlift.com\/wordpress\/en\/used-lifts\/combustion\/\",\"name\":\"Deval - Used internal combustion forklift\",\"isPartOf\":{\"@id\":\"https:\/\/gauthierlift.com\/wordpress\/#website\"},\"datePublished\":\"2015-08-20T17:26:28+00:00\",\"dateModified\":\"2020-06-03T19:50:23+00:00\",\"description\":\"List of used internal combustion forklift models. Gas, diesel, dual fuel and various lift capacity, find the ideal model.\",\"breadcrumb\":{\"@id\":\"https:\/\/gauthierlift.com\/wordpress\/en\/used-lifts\/combustion\/#breadcrumb\"},\"inLanguage\":\"fr-FR\",\"potentialAction\":[{\"@type\":\"ReadAction\",\"target\":[\"https:\/\/gauthierlift.com\/wordpress\/en\/used-lifts\/combustion\/\"]}]},{\"@type\":\"BreadcrumbList\",\"@id\":\"https:\/\/gauthierlift.com\/wordpress\/en\/used-lifts\/combustion\/#breadcrumb\",\"itemListElement\":[{\"@type\":\"ListItem\",\"position\":1,\"name\":\"Accueil\",\"item\":\"https:\/\/gauthierlift.com\/wordpress\/\"},{\"@type\":\"ListItem\",\"position\":2,\"name\":\"Used lifts\",\"item\":\"https:\/\/gauthierlift.com\/wordpress\/en\/used-lifts\/\"},{\"@type\":\"ListItem\",\"position\":3,\"name\":\"Propane \/ Diesel combustion\"}]},{\"@type\":\"WebSite\",\"@id\":\"https:\/\/gauthierlift.com\/wordpress\/#website\",\"url\":\"https:\/\/gauthierlift.com\/wordpress\/\",\"name\":\"Gauthier Chariots \u00c9l\u00e9vateurs\",\"description\":\"Achat, location et r\u00e9paration de chariots Hyundai, Clark et Load Lifter\",\"publisher\":{\"@id\":\"https:\/\/gauthierlift.com\/wordpress\/#organization\"},\"potentialAction\":[{\"@type\":\"SearchAction\",\"target\":{\"@type\":\"EntryPoint\",\"urlTemplate\":\"https:\/\/gauthierlift.com\/wordpress\/?s={search_term_string}\"},\"query-input\":{\"@type\":\"PropertyValueSpecification\",\"valueRequired\":true,\"valueName\":\"search_term_string\"}}],\"inLanguage\":\"fr-FR\"},{\"@type\":\"Organization\",\"@id\":\"https:\/\/gauthierlift.com\/wordpress\/#organization\",\"name\":\"Deval Chariots \u00c9l\u00e9vateurs\",\"url\":\"https:\/\/gauthierlift.com\/wordpress\/\",\"logo\":{\"@type\":\"ImageObject\",\"inLanguage\":\"fr-FR\",\"@id\":\"https:\/\/gauthierlift.com\/wordpress\/#\/schema\/logo\/image\/\",\"url\":\"https:\/\/gauthierlift.com\/wordpress\/wp-content\/uploads\/2015\/08\/deval-logo-inverted1.png\",\"contentUrl\":\"https:\/\/gauthierlift.com\/wordpress\/wp-content\/uploads\/2015\/08\/deval-logo-inverted1.png\",\"width\":268,\"height\":76,\"caption\":\"Deval Chariots \u00c9l\u00e9vateurs\"},\"image\":{\"@id\":\"https:\/\/gauthierlift.com\/wordpress\/#\/schema\/logo\/image\/\"}}]}<\/script>\n<!-- \/ Yoast SEO plugin. -->","yoast_head_json":{"title":"Deval - Used internal combustion forklift","description":"List of used internal combustion forklift models. Gas, diesel, dual fuel and various lift capacity, find the ideal model.","robots":{"index":"index","follow":"follow","max-snippet":"max-snippet:-1","max-image-preview":"max-image-preview:large","max-video-preview":"max-video-preview:-1"},"canonical":"https:\/\/gauthierlift.com\/wordpress\/used-lifts\/combustion\/","og_locale":"fr_FR","og_type":"article","og_title":"Deval - Used internal combustion forklift","og_description":"List of used internal combustion forklift models. Gas, diesel, dual fuel and various lift capacity, find the ideal model.","og_url":"https:\/\/gauthierlift.com\/wordpress\/en\/used-lifts\/combustion\/","og_site_name":"Gauthier Chariots \u00c9l\u00e9vateurs","article_modified_time":"2020-06-03T19:50:23+00:00","twitter_card":"summary_large_image","schema":{"@context":"https:\/\/schema.org","@graph":[{"@type":"WebPage","@id":"https:\/\/gauthierlift.com\/wordpress\/en\/used-lifts\/combustion\/","url":"https:\/\/gauthierlift.com\/wordpress\/en\/used-lifts\/combustion\/","name":"Deval - Used internal combustion forklift","isPartOf":{"@id":"https:\/\/gauthierlift.com\/wordpress\/#website"},"datePublished":"2015-08-20T17:26:28+00:00","dateModified":"2020-06-03T19:50:23+00:00","description":"List of used internal combustion forklift models. Gas, diesel, dual fuel and various lift capacity, find the ideal model.","breadcrumb":{"@id":"https:\/\/gauthierlift.com\/wordpress\/en\/used-lifts\/combustion\/#breadcrumb"},"inLanguage":"fr-FR","potentialAction":[{"@type":"ReadAction","target":["https:\/\/gauthierlift.com\/wordpress\/en\/used-lifts\/combustion\/"]}]},{"@type":"BreadcrumbList","@id":"https:\/\/gauthierlift.com\/wordpress\/en\/used-lifts\/combustion\/#breadcrumb","itemListElement":[{"@type":"ListItem","position":1,"name":"Accueil","item":"https:\/\/gauthierlift.com\/wordpress\/"},{"@type":"ListItem","position":2,"name":"Used lifts","item":"https:\/\/gauthierlift.com\/wordpress\/en\/used-lifts\/"},{"@type":"ListItem","position":3,"name":"Propane \/ Diesel combustion"}]},{"@type":"WebSite","@id":"https:\/\/gauthierlift.com\/wordpress\/#website","url":"https:\/\/gauthierlift.com\/wordpress\/","name":"Gauthier Chariots \u00c9l\u00e9vateurs","description":"Achat, location et r\u00e9paration de chariots Hyundai, Clark et Load Lifter","publisher":{"@id":"https:\/\/gauthierlift.com\/wordpress\/#organization"},"potentialAction":[{"@type":"SearchAction","target":{"@type":"EntryPoint","urlTemplate":"https:\/\/gauthierlift.com\/wordpress\/?s={search_term_string}"},"query-input":{"@type":"PropertyValueSpecification","valueRequired":true,"valueName":"search_term_string"}}],"inLanguage":"fr-FR"},{"@type":"Organization","@id":"https:\/\/gauthierlift.com\/wordpress\/#organization","name":"Deval Chariots \u00c9l\u00e9vateurs","url":"https:\/\/gauthierlift.com\/wordpress\/","logo":{"@type":"ImageObject","inLanguage":"fr-FR","@id":"https:\/\/gauthierlift.com\/wordpress\/#\/schema\/logo\/image\/","url":"https:\/\/gauthierlift.com\/wordpress\/wp-content\/uploads\/2015\/08\/deval-logo-inverted1.png","contentUrl":"https:\/\/gauthierlift.com\/wordpress\/wp-content\/uploads\/2015\/08\/deval-logo-inverted1.png","width":268,"height":76,"caption":"Deval Chariots \u00c9l\u00e9vateurs"},"image":{"@id":"https:\/\/gauthierlift.com\/wordpress\/#\/schema\/logo\/image\/"}}]}},"_links":{"self":[{"href":"https:\/\/gauthierlift.com\/wordpress\/wp-json\/wp\/v2\/pages\/248","targetHints":{"allow":["GET"]}}],"collection":[{"href":"https:\/\/gauthierlift.com\/wordpress\/wp-json\/wp\/v2\/pages"}],"about":[{"href":"https:\/\/gauthierlift.com\/wordpress\/wp-json\/wp\/v2\/types\/page"}],"author":[{"embeddable":true,"href":"https:\/\/gauthierlift.com\/wordpress\/wp-json\/wp\/v2\/users\/1"}],"replies":[{"embeddable":true,"href":"https:\/\/gauthierlift.com\/wordpress\/wp-json\/wp\/v2\/comments?post=248"}],"version-history":[{"count":5,"href":"https:\/\/gauthierlift.com\/wordpress\/wp-json\/wp\/v2\/pages\/248\/revisions"}],"predecessor-version":[{"id":4389,"href":"https:\/\/gauthierlift.com\/wordpress\/wp-json\/wp\/v2\/pages\/248\/revisions\/4389"}],"up":[{"embeddable":true,"href":"https:\/\/gauthierlift.com\/wordpress\/wp-json\/wp\/v2\/pages\/247"}],"wp:attachment":[{"href":"https:\/\/gauthierlift.com\/wordpress\/wp-json\/wp\/v2\/media?parent=248"}],"curies":[{"name":"wp","href":"https:\/\/api.w.org\/{rel}","templated":true}]}}