{"id":250,"date":"2015-08-19T21:56:10","date_gmt":"2015-08-19T20:56:10","guid":{"rendered":"http:\/\/gauthierlift.com\/wordpress\/location\/?lang=en"},"modified":"2018-01-12T21:09:29","modified_gmt":"2018-01-12T20:09:29","slug":"rental","status":"publish","type":"page","link":"https:\/\/gauthierlift.com\/wordpress\/en\/rental\/","title":{"rendered":"Rental"},"content":{"rendered":"<div class=\"row\"><div class=\"colonne\">\n<p>If you want to:<\/p>\n<ul>\n<li>be able to handle occasional excessive workloads efficiently during your peak periods;<\/li>\n<li>avoid reduced productivity in case of failure or during the extended maintenance of your equipment;<\/li>\n<li>dedicate your precious capital to meeting your strategic goals\u2026<\/li>\n<\/ul>\n<p><strong>DEVAL\u2019S RENTAL PROGRAM IS OUR SOLUTION.<\/strong><\/p>\n<p>We offer a full range of recent forklifts that will help you complete the work in a day, week, month or more. And should this solution suit you, we have a very profitable rental\/purchase program.<\/p>\n<\/div>\n<div class=\"colonne\">\n<p><a href=\"https:\/\/gauthierlift.com\/wordpress\/wp-content\/uploads\/2015\/08\/c-25-2017.png\"><img decoding=\"async\" width=\"500\" height=\"332\" class=\"alignnone size-medium wp-image-1036\" src=\"https:\/\/gauthierlift.com\/wordpress\/wp-content\/uploads\/2015\/08\/c-25-2017-500x332.png\" alt=\"\" \/><\/a><\/p>\n<p>&nbsp;<\/p>\n<\/div><\/div>\n","protected":false},"excerpt":{"rendered":"","protected":false},"author":1,"featured_media":0,"parent":0,"menu_order":0,"comment_status":"closed","ping_status":"closed","template":"modele-famille-produits.php","meta":{"footnotes":""},"class_list":["post-250","page","type-page","status-publish","hentry"],"yoast_head":"<!-- This site is optimized with the Yoast SEO plugin v26.6 - https:\/\/yoast.com\/wordpress\/plugins\/seo\/ -->\n<title>Deval - Location de chariots \u00e9l\u00e9vateurs<\/title>\n<meta name=\"description\" content=\"Une gamme compl\u00e8te de chariots \u00e9l\u00e9vateurs r\u00e9cents. Nous avons aussi un programme de location\/achat des plus avantageux.\" \/>\n<meta name=\"robots\" content=\"index, follow, max-snippet:-1, max-image-preview:large, max-video-preview:-1\" \/>\n<link rel=\"canonical\" href=\"https:\/\/gauthierlift.com\/wordpress\/rental\/\" \/>\n<meta property=\"og:locale\" content=\"fr_FR\" \/>\n<meta property=\"og:type\" content=\"article\" \/>\n<meta property=\"og:title\" content=\"Deval - Location de chariots \u00e9l\u00e9vateurs\" \/>\n<meta property=\"og:description\" content=\"Une gamme compl\u00e8te de chariots \u00e9l\u00e9vateurs r\u00e9cents. Nous avons aussi un programme de location\/achat des plus avantageux.\" \/>\n<meta property=\"og:url\" content=\"https:\/\/gauthierlift.com\/wordpress\/en\/rental\/\" \/>\n<meta property=\"og:site_name\" content=\"Gauthier Chariots \u00c9l\u00e9vateurs\" \/>\n<meta property=\"article:modified_time\" content=\"2018-01-12T20:09:29+00:00\" \/>\n<meta property=\"og:image\" content=\"https:\/\/gauthierlift.com\/wordpress\/wp-content\/uploads\/2015\/08\/c-25-2017-500x332.png\" \/>\n<meta name=\"twitter:card\" content=\"summary_large_image\" \/>\n<script type=\"application\/ld+json\" class=\"yoast-schema-graph\">{\"@context\":\"https:\/\/schema.org\",\"@graph\":[{\"@type\":\"WebPage\",\"@id\":\"https:\/\/gauthierlift.com\/wordpress\/en\/rental\/\",\"url\":\"https:\/\/gauthierlift.com\/wordpress\/en\/rental\/\",\"name\":\"Deval - Location de chariots \u00e9l\u00e9vateurs\",\"isPartOf\":{\"@id\":\"https:\/\/gauthierlift.com\/wordpress\/#website\"},\"primaryImageOfPage\":{\"@id\":\"https:\/\/gauthierlift.com\/wordpress\/en\/rental\/#primaryimage\"},\"image\":{\"@id\":\"https:\/\/gauthierlift.com\/wordpress\/en\/rental\/#primaryimage\"},\"thumbnailUrl\":\"https:\/\/gauthierlift.com\/wordpress\/wp-content\/uploads\/2015\/08\/c-25-2017-500x332.png\",\"datePublished\":\"2015-08-19T20:56:10+00:00\",\"dateModified\":\"2018-01-12T20:09:29+00:00\",\"description\":\"Une gamme compl\u00e8te de chariots \u00e9l\u00e9vateurs r\u00e9cents. Nous avons aussi un programme de location\/achat des plus avantageux.\",\"breadcrumb\":{\"@id\":\"https:\/\/gauthierlift.com\/wordpress\/en\/rental\/#breadcrumb\"},\"inLanguage\":\"fr-FR\",\"potentialAction\":[{\"@type\":\"ReadAction\",\"target\":[\"https:\/\/gauthierlift.com\/wordpress\/en\/rental\/\"]}]},{\"@type\":\"ImageObject\",\"inLanguage\":\"fr-FR\",\"@id\":\"https:\/\/gauthierlift.com\/wordpress\/en\/rental\/#primaryimage\",\"url\":\"https:\/\/gauthierlift.com\/wordpress\/wp-content\/uploads\/2015\/08\/c-25-2017.png\",\"contentUrl\":\"https:\/\/gauthierlift.com\/wordpress\/wp-content\/uploads\/2015\/08\/c-25-2017.png\",\"width\":794,\"height\":528},{\"@type\":\"BreadcrumbList\",\"@id\":\"https:\/\/gauthierlift.com\/wordpress\/en\/rental\/#breadcrumb\",\"itemListElement\":[{\"@type\":\"ListItem\",\"position\":1,\"name\":\"Accueil\",\"item\":\"https:\/\/gauthierlift.com\/wordpress\/\"},{\"@type\":\"ListItem\",\"position\":2,\"name\":\"Rental\"}]},{\"@type\":\"WebSite\",\"@id\":\"https:\/\/gauthierlift.com\/wordpress\/#website\",\"url\":\"https:\/\/gauthierlift.com\/wordpress\/\",\"name\":\"Gauthier Chariots \u00c9l\u00e9vateurs\",\"description\":\"Achat, location et r\u00e9paration de chariots Hyundai, Clark et Load Lifter\",\"publisher\":{\"@id\":\"https:\/\/gauthierlift.com\/wordpress\/#organization\"},\"potentialAction\":[{\"@type\":\"SearchAction\",\"target\":{\"@type\":\"EntryPoint\",\"urlTemplate\":\"https:\/\/gauthierlift.com\/wordpress\/?s={search_term_string}\"},\"query-input\":{\"@type\":\"PropertyValueSpecification\",\"valueRequired\":true,\"valueName\":\"search_term_string\"}}],\"inLanguage\":\"fr-FR\"},{\"@type\":\"Organization\",\"@id\":\"https:\/\/gauthierlift.com\/wordpress\/#organization\",\"name\":\"Deval Chariots \u00c9l\u00e9vateurs\",\"url\":\"https:\/\/gauthierlift.com\/wordpress\/\",\"logo\":{\"@type\":\"ImageObject\",\"inLanguage\":\"fr-FR\",\"@id\":\"https:\/\/gauthierlift.com\/wordpress\/#\/schema\/logo\/image\/\",\"url\":\"https:\/\/gauthierlift.com\/wordpress\/wp-content\/uploads\/2015\/08\/deval-logo-inverted1.png\",\"contentUrl\":\"https:\/\/gauthierlift.com\/wordpress\/wp-content\/uploads\/2015\/08\/deval-logo-inverted1.png\",\"width\":268,\"height\":76,\"caption\":\"Deval Chariots \u00c9l\u00e9vateurs\"},\"image\":{\"@id\":\"https:\/\/gauthierlift.com\/wordpress\/#\/schema\/logo\/image\/\"}}]}<\/script>\n<!-- \/ Yoast SEO plugin. -->","yoast_head_json":{"title":"Deval - Location de chariots \u00e9l\u00e9vateurs","description":"Une gamme compl\u00e8te de chariots \u00e9l\u00e9vateurs r\u00e9cents. Nous avons aussi un programme de location\/achat des plus avantageux.","robots":{"index":"index","follow":"follow","max-snippet":"max-snippet:-1","max-image-preview":"max-image-preview:large","max-video-preview":"max-video-preview:-1"},"canonical":"https:\/\/gauthierlift.com\/wordpress\/rental\/","og_locale":"fr_FR","og_type":"article","og_title":"Deval - Location de chariots \u00e9l\u00e9vateurs","og_description":"Une gamme compl\u00e8te de chariots \u00e9l\u00e9vateurs r\u00e9cents. Nous avons aussi un programme de location\/achat des plus avantageux.","og_url":"https:\/\/gauthierlift.com\/wordpress\/en\/rental\/","og_site_name":"Gauthier Chariots \u00c9l\u00e9vateurs","article_modified_time":"2018-01-12T20:09:29+00:00","og_image":[{"url":"https:\/\/gauthierlift.com\/wordpress\/wp-content\/uploads\/2015\/08\/c-25-2017-500x332.png","type":"","width":"","height":""}],"twitter_card":"summary_large_image","schema":{"@context":"https:\/\/schema.org","@graph":[{"@type":"WebPage","@id":"https:\/\/gauthierlift.com\/wordpress\/en\/rental\/","url":"https:\/\/gauthierlift.com\/wordpress\/en\/rental\/","name":"Deval - Location de chariots \u00e9l\u00e9vateurs","isPartOf":{"@id":"https:\/\/gauthierlift.com\/wordpress\/#website"},"primaryImageOfPage":{"@id":"https:\/\/gauthierlift.com\/wordpress\/en\/rental\/#primaryimage"},"image":{"@id":"https:\/\/gauthierlift.com\/wordpress\/en\/rental\/#primaryimage"},"thumbnailUrl":"https:\/\/gauthierlift.com\/wordpress\/wp-content\/uploads\/2015\/08\/c-25-2017-500x332.png","datePublished":"2015-08-19T20:56:10+00:00","dateModified":"2018-01-12T20:09:29+00:00","description":"Une gamme compl\u00e8te de chariots \u00e9l\u00e9vateurs r\u00e9cents. Nous avons aussi un programme de location\/achat des plus avantageux.","breadcrumb":{"@id":"https:\/\/gauthierlift.com\/wordpress\/en\/rental\/#breadcrumb"},"inLanguage":"fr-FR","potentialAction":[{"@type":"ReadAction","target":["https:\/\/gauthierlift.com\/wordpress\/en\/rental\/"]}]},{"@type":"ImageObject","inLanguage":"fr-FR","@id":"https:\/\/gauthierlift.com\/wordpress\/en\/rental\/#primaryimage","url":"https:\/\/gauthierlift.com\/wordpress\/wp-content\/uploads\/2015\/08\/c-25-2017.png","contentUrl":"https:\/\/gauthierlift.com\/wordpress\/wp-content\/uploads\/2015\/08\/c-25-2017.png","width":794,"height":528},{"@type":"BreadcrumbList","@id":"https:\/\/gauthierlift.com\/wordpress\/en\/rental\/#breadcrumb","itemListElement":[{"@type":"ListItem","position":1,"name":"Accueil","item":"https:\/\/gauthierlift.com\/wordpress\/"},{"@type":"ListItem","position":2,"name":"Rental"}]},{"@type":"WebSite","@id":"https:\/\/gauthierlift.com\/wordpress\/#website","url":"https:\/\/gauthierlift.com\/wordpress\/","name":"Gauthier Chariots \u00c9l\u00e9vateurs","description":"Achat, location et r\u00e9paration de chariots Hyundai, Clark et Load Lifter","publisher":{"@id":"https:\/\/gauthierlift.com\/wordpress\/#organization"},"potentialAction":[{"@type":"SearchAction","target":{"@type":"EntryPoint","urlTemplate":"https:\/\/gauthierlift.com\/wordpress\/?s={search_term_string}"},"query-input":{"@type":"PropertyValueSpecification","valueRequired":true,"valueName":"search_term_string"}}],"inLanguage":"fr-FR"},{"@type":"Organization","@id":"https:\/\/gauthierlift.com\/wordpress\/#organization","name":"Deval Chariots \u00c9l\u00e9vateurs","url":"https:\/\/gauthierlift.com\/wordpress\/","logo":{"@type":"ImageObject","inLanguage":"fr-FR","@id":"https:\/\/gauthierlift.com\/wordpress\/#\/schema\/logo\/image\/","url":"https:\/\/gauthierlift.com\/wordpress\/wp-content\/uploads\/2015\/08\/deval-logo-inverted1.png","contentUrl":"https:\/\/gauthierlift.com\/wordpress\/wp-content\/uploads\/2015\/08\/deval-logo-inverted1.png","width":268,"height":76,"caption":"Deval Chariots \u00c9l\u00e9vateurs"},"image":{"@id":"https:\/\/gauthierlift.com\/wordpress\/#\/schema\/logo\/image\/"}}]}},"_links":{"self":[{"href":"https:\/\/gauthierlift.com\/wordpress\/wp-json\/wp\/v2\/pages\/250","targetHints":{"allow":["GET"]}}],"collection":[{"href":"https:\/\/gauthierlift.com\/wordpress\/wp-json\/wp\/v2\/pages"}],"about":[{"href":"https:\/\/gauthierlift.com\/wordpress\/wp-json\/wp\/v2\/types\/page"}],"author":[{"embeddable":true,"href":"https:\/\/gauthierlift.com\/wordpress\/wp-json\/wp\/v2\/users\/1"}],"replies":[{"embeddable":true,"href":"https:\/\/gauthierlift.com\/wordpress\/wp-json\/wp\/v2\/comments?post=250"}],"version-history":[{"count":14,"href":"https:\/\/gauthierlift.com\/wordpress\/wp-json\/wp\/v2\/pages\/250\/revisions"}],"predecessor-version":[{"id":1058,"href":"https:\/\/gauthierlift.com\/wordpress\/wp-json\/wp\/v2\/pages\/250\/revisions\/1058"}],"wp:attachment":[{"href":"https:\/\/gauthierlift.com\/wordpress\/wp-json\/wp\/v2\/media?parent=250"}],"curies":[{"name":"wp","href":"https:\/\/api.w.org\/{rel}","templated":true}]}}