{"id":252,"date":"2015-08-19T21:57:04","date_gmt":"2015-08-19T20:57:04","guid":{"rendered":"http:\/\/gauthierlift.com\/wordpress\/pieces-et-services\/?lang=en"},"modified":"2018-03-12T15:38:06","modified_gmt":"2018-03-12T14:38:06","slug":"parts-and-service","status":"publish","type":"page","link":"https:\/\/gauthierlift.com\/wordpress\/en\/parts-and-service\/","title":{"rendered":"Parts and service"},"content":{"rendered":"<div class=\"row\"><div class=\"colonne\">\n<p>There is nothing more frustrating than to lose usage of a forklift or any other materials handling equipment because a replacement part is not available quickly!<\/p>\n<p>Our warehouse staff, experienced mechanics and mobile intervention units make a point of having everything they need on hand to help you get your defective part up and running again.<\/p>\n<p>But there is even more.<\/p>\n<p><strong>The best warranty in the industry, our extended warranty programs and the various maintenance plans available will give you complete peace of mind with a simple call. <\/strong><\/p>\n<\/div>\n<div class=\"colonne\">\n<p style=\"margin-bottom: 0px;\"><img decoding=\"async\" width=\"500\" height=\"533\" class=\"alignnone size-medium wp-image-407\" src=\"https:\/\/gauthierlift.com\/wordpress\/wp-content\/uploads\/2015\/08\/mecano-500x533.jpg\" alt=\"mecano\" srcset=\"https:\/\/gauthierlift.com\/wordpress\/wp-content\/uploads\/2015\/08\/mecano-500x533.jpg 500w, https:\/\/gauthierlift.com\/wordpress\/wp-content\/uploads\/2015\/08\/mecano.jpg 800w, https:\/\/gauthierlift.com\/wordpress\/wp-content\/uploads\/2015\/08\/mecano-250x267.jpg 250w\" sizes=\"(max-width: 500px) 100vw, 500px\" \/><\/p>\n<\/div><\/div>\n","protected":false},"excerpt":{"rendered":"","protected":false},"author":1,"featured_media":0,"parent":0,"menu_order":0,"comment_status":"closed","ping_status":"closed","template":"","meta":{"footnotes":""},"class_list":["post-252","page","type-page","status-publish","hentry"],"yoast_head":"<!-- This site is optimized with the Yoast SEO plugin v26.6 - https:\/\/yoast.com\/wordpress\/plugins\/seo\/ -->\n<title>R\u00e9paration et plans d&#039;entretien pour Chariots \u00c9l\u00e9vateurs<\/title>\n<meta name=\"description\" content=\"Tous nos m\u00e9caniciens sont comp\u00e9tents pour effectuer la v\u00e9rification de s\u00e9curit\u00e9 annuelle de vos appareils de levage exig\u00e9e par la loi et poss\u00e8dent l\u2019autorit\u00e9 pour produire le rapport d\u2019inspection correspondant.\" \/>\n<meta name=\"robots\" content=\"index, follow, max-snippet:-1, max-image-preview:large, max-video-preview:-1\" \/>\n<link rel=\"canonical\" href=\"https:\/\/gauthierlift.com\/wordpress\/parts-and-service\/\" \/>\n<meta property=\"og:locale\" content=\"fr_FR\" \/>\n<meta property=\"og:type\" content=\"article\" \/>\n<meta property=\"og:title\" content=\"R\u00e9paration et plans d&#039;entretien pour Chariots \u00c9l\u00e9vateurs\" \/>\n<meta property=\"og:description\" content=\"Tous nos m\u00e9caniciens sont comp\u00e9tents pour effectuer la v\u00e9rification de s\u00e9curit\u00e9 annuelle de vos appareils de levage exig\u00e9e par la loi et poss\u00e8dent l\u2019autorit\u00e9 pour produire le rapport d\u2019inspection correspondant.\" \/>\n<meta property=\"og:url\" content=\"https:\/\/gauthierlift.com\/wordpress\/en\/parts-and-service\/\" \/>\n<meta property=\"og:site_name\" content=\"Gauthier Chariots \u00c9l\u00e9vateurs\" \/>\n<meta property=\"article:modified_time\" content=\"2018-03-12T14:38:06+00:00\" \/>\n<meta property=\"og:image\" content=\"https:\/\/gauthierlift.com\/wordpress\/wp-content\/uploads\/2015\/08\/mecano-500x533.jpg\" \/>\n<meta name=\"twitter:card\" content=\"summary_large_image\" \/>\n<script type=\"application\/ld+json\" class=\"yoast-schema-graph\">{\"@context\":\"https:\/\/schema.org\",\"@graph\":[{\"@type\":\"WebPage\",\"@id\":\"https:\/\/gauthierlift.com\/wordpress\/en\/parts-and-service\/\",\"url\":\"https:\/\/gauthierlift.com\/wordpress\/en\/parts-and-service\/\",\"name\":\"R\u00e9paration et plans d'entretien pour Chariots \u00c9l\u00e9vateurs\",\"isPartOf\":{\"@id\":\"https:\/\/gauthierlift.com\/wordpress\/#website\"},\"primaryImageOfPage\":{\"@id\":\"https:\/\/gauthierlift.com\/wordpress\/en\/parts-and-service\/#primaryimage\"},\"image\":{\"@id\":\"https:\/\/gauthierlift.com\/wordpress\/en\/parts-and-service\/#primaryimage\"},\"thumbnailUrl\":\"https:\/\/gauthierlift.com\/wordpress\/wp-content\/uploads\/2015\/08\/mecano-500x533.jpg\",\"datePublished\":\"2015-08-19T20:57:04+00:00\",\"dateModified\":\"2018-03-12T14:38:06+00:00\",\"description\":\"Tous nos m\u00e9caniciens sont comp\u00e9tents pour effectuer la v\u00e9rification de s\u00e9curit\u00e9 annuelle de vos appareils de levage exig\u00e9e par la loi et poss\u00e8dent l\u2019autorit\u00e9 pour produire le rapport d\u2019inspection correspondant.\",\"breadcrumb\":{\"@id\":\"https:\/\/gauthierlift.com\/wordpress\/en\/parts-and-service\/#breadcrumb\"},\"inLanguage\":\"fr-FR\",\"potentialAction\":[{\"@type\":\"ReadAction\",\"target\":[\"https:\/\/gauthierlift.com\/wordpress\/en\/parts-and-service\/\"]}]},{\"@type\":\"ImageObject\",\"inLanguage\":\"fr-FR\",\"@id\":\"https:\/\/gauthierlift.com\/wordpress\/en\/parts-and-service\/#primaryimage\",\"url\":\"https:\/\/gauthierlift.com\/wordpress\/wp-content\/uploads\/2015\/08\/mecano.jpg\",\"contentUrl\":\"https:\/\/gauthierlift.com\/wordpress\/wp-content\/uploads\/2015\/08\/mecano.jpg\",\"width\":800,\"height\":853},{\"@type\":\"BreadcrumbList\",\"@id\":\"https:\/\/gauthierlift.com\/wordpress\/en\/parts-and-service\/#breadcrumb\",\"itemListElement\":[{\"@type\":\"ListItem\",\"position\":1,\"name\":\"Accueil\",\"item\":\"https:\/\/gauthierlift.com\/wordpress\/\"},{\"@type\":\"ListItem\",\"position\":2,\"name\":\"Parts and service\"}]},{\"@type\":\"WebSite\",\"@id\":\"https:\/\/gauthierlift.com\/wordpress\/#website\",\"url\":\"https:\/\/gauthierlift.com\/wordpress\/\",\"name\":\"Gauthier Chariots \u00c9l\u00e9vateurs\",\"description\":\"Achat, location et r\u00e9paration de chariots Hyundai, Clark et Load Lifter\",\"publisher\":{\"@id\":\"https:\/\/gauthierlift.com\/wordpress\/#organization\"},\"potentialAction\":[{\"@type\":\"SearchAction\",\"target\":{\"@type\":\"EntryPoint\",\"urlTemplate\":\"https:\/\/gauthierlift.com\/wordpress\/?s={search_term_string}\"},\"query-input\":{\"@type\":\"PropertyValueSpecification\",\"valueRequired\":true,\"valueName\":\"search_term_string\"}}],\"inLanguage\":\"fr-FR\"},{\"@type\":\"Organization\",\"@id\":\"https:\/\/gauthierlift.com\/wordpress\/#organization\",\"name\":\"Deval Chariots \u00c9l\u00e9vateurs\",\"url\":\"https:\/\/gauthierlift.com\/wordpress\/\",\"logo\":{\"@type\":\"ImageObject\",\"inLanguage\":\"fr-FR\",\"@id\":\"https:\/\/gauthierlift.com\/wordpress\/#\/schema\/logo\/image\/\",\"url\":\"https:\/\/gauthierlift.com\/wordpress\/wp-content\/uploads\/2015\/08\/deval-logo-inverted1.png\",\"contentUrl\":\"https:\/\/gauthierlift.com\/wordpress\/wp-content\/uploads\/2015\/08\/deval-logo-inverted1.png\",\"width\":268,\"height\":76,\"caption\":\"Deval Chariots \u00c9l\u00e9vateurs\"},\"image\":{\"@id\":\"https:\/\/gauthierlift.com\/wordpress\/#\/schema\/logo\/image\/\"}}]}<\/script>\n<!-- \/ Yoast SEO plugin. -->","yoast_head_json":{"title":"R\u00e9paration et plans d'entretien pour Chariots \u00c9l\u00e9vateurs","description":"Tous nos m\u00e9caniciens sont comp\u00e9tents pour effectuer la v\u00e9rification de s\u00e9curit\u00e9 annuelle de vos appareils de levage exig\u00e9e par la loi et poss\u00e8dent l\u2019autorit\u00e9 pour produire le rapport d\u2019inspection correspondant.","robots":{"index":"index","follow":"follow","max-snippet":"max-snippet:-1","max-image-preview":"max-image-preview:large","max-video-preview":"max-video-preview:-1"},"canonical":"https:\/\/gauthierlift.com\/wordpress\/parts-and-service\/","og_locale":"fr_FR","og_type":"article","og_title":"R\u00e9paration et plans d'entretien pour Chariots \u00c9l\u00e9vateurs","og_description":"Tous nos m\u00e9caniciens sont comp\u00e9tents pour effectuer la v\u00e9rification de s\u00e9curit\u00e9 annuelle de vos appareils de levage exig\u00e9e par la loi et poss\u00e8dent l\u2019autorit\u00e9 pour produire le rapport d\u2019inspection correspondant.","og_url":"https:\/\/gauthierlift.com\/wordpress\/en\/parts-and-service\/","og_site_name":"Gauthier Chariots \u00c9l\u00e9vateurs","article_modified_time":"2018-03-12T14:38:06+00:00","og_image":[{"url":"https:\/\/gauthierlift.com\/wordpress\/wp-content\/uploads\/2015\/08\/mecano-500x533.jpg","type":"","width":"","height":""}],"twitter_card":"summary_large_image","schema":{"@context":"https:\/\/schema.org","@graph":[{"@type":"WebPage","@id":"https:\/\/gauthierlift.com\/wordpress\/en\/parts-and-service\/","url":"https:\/\/gauthierlift.com\/wordpress\/en\/parts-and-service\/","name":"R\u00e9paration et plans d'entretien pour Chariots \u00c9l\u00e9vateurs","isPartOf":{"@id":"https:\/\/gauthierlift.com\/wordpress\/#website"},"primaryImageOfPage":{"@id":"https:\/\/gauthierlift.com\/wordpress\/en\/parts-and-service\/#primaryimage"},"image":{"@id":"https:\/\/gauthierlift.com\/wordpress\/en\/parts-and-service\/#primaryimage"},"thumbnailUrl":"https:\/\/gauthierlift.com\/wordpress\/wp-content\/uploads\/2015\/08\/mecano-500x533.jpg","datePublished":"2015-08-19T20:57:04+00:00","dateModified":"2018-03-12T14:38:06+00:00","description":"Tous nos m\u00e9caniciens sont comp\u00e9tents pour effectuer la v\u00e9rification de s\u00e9curit\u00e9 annuelle de vos appareils de levage exig\u00e9e par la loi et poss\u00e8dent l\u2019autorit\u00e9 pour produire le rapport d\u2019inspection correspondant.","breadcrumb":{"@id":"https:\/\/gauthierlift.com\/wordpress\/en\/parts-and-service\/#breadcrumb"},"inLanguage":"fr-FR","potentialAction":[{"@type":"ReadAction","target":["https:\/\/gauthierlift.com\/wordpress\/en\/parts-and-service\/"]}]},{"@type":"ImageObject","inLanguage":"fr-FR","@id":"https:\/\/gauthierlift.com\/wordpress\/en\/parts-and-service\/#primaryimage","url":"https:\/\/gauthierlift.com\/wordpress\/wp-content\/uploads\/2015\/08\/mecano.jpg","contentUrl":"https:\/\/gauthierlift.com\/wordpress\/wp-content\/uploads\/2015\/08\/mecano.jpg","width":800,"height":853},{"@type":"BreadcrumbList","@id":"https:\/\/gauthierlift.com\/wordpress\/en\/parts-and-service\/#breadcrumb","itemListElement":[{"@type":"ListItem","position":1,"name":"Accueil","item":"https:\/\/gauthierlift.com\/wordpress\/"},{"@type":"ListItem","position":2,"name":"Parts and service"}]},{"@type":"WebSite","@id":"https:\/\/gauthierlift.com\/wordpress\/#website","url":"https:\/\/gauthierlift.com\/wordpress\/","name":"Gauthier Chariots \u00c9l\u00e9vateurs","description":"Achat, location et r\u00e9paration de chariots Hyundai, Clark et Load Lifter","publisher":{"@id":"https:\/\/gauthierlift.com\/wordpress\/#organization"},"potentialAction":[{"@type":"SearchAction","target":{"@type":"EntryPoint","urlTemplate":"https:\/\/gauthierlift.com\/wordpress\/?s={search_term_string}"},"query-input":{"@type":"PropertyValueSpecification","valueRequired":true,"valueName":"search_term_string"}}],"inLanguage":"fr-FR"},{"@type":"Organization","@id":"https:\/\/gauthierlift.com\/wordpress\/#organization","name":"Deval Chariots \u00c9l\u00e9vateurs","url":"https:\/\/gauthierlift.com\/wordpress\/","logo":{"@type":"ImageObject","inLanguage":"fr-FR","@id":"https:\/\/gauthierlift.com\/wordpress\/#\/schema\/logo\/image\/","url":"https:\/\/gauthierlift.com\/wordpress\/wp-content\/uploads\/2015\/08\/deval-logo-inverted1.png","contentUrl":"https:\/\/gauthierlift.com\/wordpress\/wp-content\/uploads\/2015\/08\/deval-logo-inverted1.png","width":268,"height":76,"caption":"Deval Chariots \u00c9l\u00e9vateurs"},"image":{"@id":"https:\/\/gauthierlift.com\/wordpress\/#\/schema\/logo\/image\/"}}]}},"_links":{"self":[{"href":"https:\/\/gauthierlift.com\/wordpress\/wp-json\/wp\/v2\/pages\/252","targetHints":{"allow":["GET"]}}],"collection":[{"href":"https:\/\/gauthierlift.com\/wordpress\/wp-json\/wp\/v2\/pages"}],"about":[{"href":"https:\/\/gauthierlift.com\/wordpress\/wp-json\/wp\/v2\/types\/page"}],"author":[{"embeddable":true,"href":"https:\/\/gauthierlift.com\/wordpress\/wp-json\/wp\/v2\/users\/1"}],"replies":[{"embeddable":true,"href":"https:\/\/gauthierlift.com\/wordpress\/wp-json\/wp\/v2\/comments?post=252"}],"version-history":[{"count":21,"href":"https:\/\/gauthierlift.com\/wordpress\/wp-json\/wp\/v2\/pages\/252\/revisions"}],"predecessor-version":[{"id":1130,"href":"https:\/\/gauthierlift.com\/wordpress\/wp-json\/wp\/v2\/pages\/252\/revisions\/1130"}],"wp:attachment":[{"href":"https:\/\/gauthierlift.com\/wordpress\/wp-json\/wp\/v2\/media?parent=252"}],"curies":[{"name":"wp","href":"https:\/\/api.w.org\/{rel}","templated":true}]}}