{"id":253,"date":"2015-08-19T21:57:25","date_gmt":"2015-08-19T20:57:25","guid":{"rendered":"http:\/\/gauthierlift.com\/wordpress\/a-propos\/?lang=en"},"modified":"2024-02-16T14:58:55","modified_gmt":"2024-02-16T13:58:55","slug":"about-us","status":"publish","type":"page","link":"https:\/\/gauthierlift.com\/wordpress\/en\/about-us\/","title":{"rendered":"About us"},"content":{"rendered":"<div class=\"row\"><div class=\"colonne\">\n<p>Clark forklift dealer in the Greater Montreal, Mont\u00e9r\u00e9gie, Laurentians, Lanaudi\u00e8re and Abitibi area, Deval inc. offers hard-working SMEs materials handling solutions that can optimize their profitability in an efficient way.<\/p>\n<p>It is with enthusiasm and rigour that we are ready to play a significant role in your success. By ridding you of operational and administrative concerns specific to your forklift and materials handling equipment needs, we will allow you to focus on reaching your strategic goals.<\/p>\n<p><span style=\"font-size: 21px; font-family: Roboto; color: #f05a28;\"><strong>At your service<\/strong><\/span><\/p>\n<\/div>\n<div class=\"colonne\">\n<p style=\"text-align: center;\"><a href=\"https:\/\/gauthierlift.com\/wordpress\/wp-content\/uploads\/2015\/08\/deval_big.jpg\"><img decoding=\"async\" width=\"500\" height=\"141\" class=\"alignnone size-medium wp-image-679\" src=\"https:\/\/gauthierlift.com\/wordpress\/wp-content\/uploads\/2015\/08\/deval_big-500x141.jpg\" alt=\"deval_big\" srcset=\"https:\/\/gauthierlift.com\/wordpress\/wp-content\/uploads\/2015\/08\/deval_big.jpg 500w, https:\/\/gauthierlift.com\/wordpress\/wp-content\/uploads\/2015\/08\/deval_big-250x71.jpg 250w\" sizes=\"(max-width: 500px) 100vw, 500px\" \/><\/a><\/p>\n<p style=\"text-align: center;\"><a href=\"https:\/\/gauthierlift.com\/wordpress\/wp-content\/uploads\/2015\/10\/clark-logo.jpg\"><img decoding=\"async\" width=\"500\" height=\"154\" class=\"alignnone size-medium wp-image-1035\" src=\"https:\/\/gauthierlift.com\/wordpress\/wp-content\/uploads\/2015\/10\/clark-logo-500x154.jpg\" alt=\"\" srcset=\"https:\/\/gauthierlift.com\/wordpress\/wp-content\/uploads\/2015\/10\/clark-logo-500x154.jpg 500w, https:\/\/gauthierlift.com\/wordpress\/wp-content\/uploads\/2015\/10\/clark-logo-250x77.jpg 250w, https:\/\/gauthierlift.com\/wordpress\/wp-content\/uploads\/2015\/10\/clark-logo.jpg 650w\" sizes=\"(max-width: 500px) 100vw, 500px\" \/><\/a><\/p>\n<\/div><\/div>\n","protected":false},"excerpt":{"rendered":"","protected":false},"author":1,"featured_media":0,"parent":0,"menu_order":0,"comment_status":"closed","ping_status":"closed","template":"","meta":{"footnotes":""},"class_list":["post-253","page","type-page","status-publish","hentry"],"yoast_head":"<!-- This site is optimized with the Yoast SEO plugin v26.6 - https:\/\/yoast.com\/wordpress\/plugins\/seo\/ -->\n<title>About Deval Forklift<\/title>\n<meta name=\"description\" content=\"Unicarriers forklift dealer in the Greater Montreal, Mont\u00e9r\u00e9gie, Laurentians, Lanaudi\u00e8re and Abitibi area.\" \/>\n<meta name=\"robots\" content=\"index, follow, max-snippet:-1, max-image-preview:large, max-video-preview:-1\" \/>\n<link rel=\"canonical\" href=\"https:\/\/gauthierlift.com\/wordpress\/about-us\/\" \/>\n<meta property=\"og:locale\" content=\"fr_FR\" \/>\n<meta property=\"og:type\" content=\"article\" \/>\n<meta property=\"og:title\" content=\"About Deval Forklift\" \/>\n<meta property=\"og:description\" content=\"Unicarriers forklift dealer in the Greater Montreal, Mont\u00e9r\u00e9gie, Laurentians, Lanaudi\u00e8re and Abitibi area.\" \/>\n<meta property=\"og:url\" content=\"https:\/\/gauthierlift.com\/wordpress\/en\/about-us\/\" \/>\n<meta property=\"og:site_name\" content=\"Gauthier Chariots \u00c9l\u00e9vateurs\" \/>\n<meta property=\"article:modified_time\" content=\"2024-02-16T13:58:55+00:00\" \/>\n<meta property=\"og:image\" content=\"https:\/\/gauthierlift.com\/wordpress\/wp-content\/uploads\/2015\/08\/deval_big-500x141.jpg\" \/>\n<meta name=\"twitter:card\" content=\"summary_large_image\" \/>\n<meta name=\"twitter:label1\" content=\"Dur\u00e9e de lecture estim\u00e9e\" \/>\n\t<meta name=\"twitter:data1\" content=\"1 minute\" \/>\n<script type=\"application\/ld+json\" class=\"yoast-schema-graph\">{\"@context\":\"https:\/\/schema.org\",\"@graph\":[{\"@type\":\"WebPage\",\"@id\":\"https:\/\/gauthierlift.com\/wordpress\/en\/about-us\/\",\"url\":\"https:\/\/gauthierlift.com\/wordpress\/en\/about-us\/\",\"name\":\"About Deval Forklift\",\"isPartOf\":{\"@id\":\"https:\/\/gauthierlift.com\/wordpress\/#website\"},\"primaryImageOfPage\":{\"@id\":\"https:\/\/gauthierlift.com\/wordpress\/en\/about-us\/#primaryimage\"},\"image\":{\"@id\":\"https:\/\/gauthierlift.com\/wordpress\/en\/about-us\/#primaryimage\"},\"thumbnailUrl\":\"https:\/\/gauthierlift.com\/wordpress\/wp-content\/uploads\/2015\/08\/deval_big-500x141.jpg\",\"datePublished\":\"2015-08-19T20:57:25+00:00\",\"dateModified\":\"2024-02-16T13:58:55+00:00\",\"description\":\"Unicarriers forklift dealer in the Greater Montreal, Mont\u00e9r\u00e9gie, Laurentians, Lanaudi\u00e8re and Abitibi area.\",\"breadcrumb\":{\"@id\":\"https:\/\/gauthierlift.com\/wordpress\/en\/about-us\/#breadcrumb\"},\"inLanguage\":\"fr-FR\",\"potentialAction\":[{\"@type\":\"ReadAction\",\"target\":[\"https:\/\/gauthierlift.com\/wordpress\/en\/about-us\/\"]}]},{\"@type\":\"ImageObject\",\"inLanguage\":\"fr-FR\",\"@id\":\"https:\/\/gauthierlift.com\/wordpress\/en\/about-us\/#primaryimage\",\"url\":\"https:\/\/gauthierlift.com\/wordpress\/wp-content\/uploads\/2015\/08\/deval_big.jpg\",\"contentUrl\":\"https:\/\/gauthierlift.com\/wordpress\/wp-content\/uploads\/2015\/08\/deval_big.jpg\",\"width\":500,\"height\":141},{\"@type\":\"BreadcrumbList\",\"@id\":\"https:\/\/gauthierlift.com\/wordpress\/en\/about-us\/#breadcrumb\",\"itemListElement\":[{\"@type\":\"ListItem\",\"position\":1,\"name\":\"Accueil\",\"item\":\"https:\/\/gauthierlift.com\/wordpress\/\"},{\"@type\":\"ListItem\",\"position\":2,\"name\":\"About us\"}]},{\"@type\":\"WebSite\",\"@id\":\"https:\/\/gauthierlift.com\/wordpress\/#website\",\"url\":\"https:\/\/gauthierlift.com\/wordpress\/\",\"name\":\"Gauthier Chariots \u00c9l\u00e9vateurs\",\"description\":\"Achat, location et r\u00e9paration de chariots Hyundai, Clark et Load Lifter\",\"publisher\":{\"@id\":\"https:\/\/gauthierlift.com\/wordpress\/#organization\"},\"potentialAction\":[{\"@type\":\"SearchAction\",\"target\":{\"@type\":\"EntryPoint\",\"urlTemplate\":\"https:\/\/gauthierlift.com\/wordpress\/?s={search_term_string}\"},\"query-input\":{\"@type\":\"PropertyValueSpecification\",\"valueRequired\":true,\"valueName\":\"search_term_string\"}}],\"inLanguage\":\"fr-FR\"},{\"@type\":\"Organization\",\"@id\":\"https:\/\/gauthierlift.com\/wordpress\/#organization\",\"name\":\"Deval Chariots \u00c9l\u00e9vateurs\",\"url\":\"https:\/\/gauthierlift.com\/wordpress\/\",\"logo\":{\"@type\":\"ImageObject\",\"inLanguage\":\"fr-FR\",\"@id\":\"https:\/\/gauthierlift.com\/wordpress\/#\/schema\/logo\/image\/\",\"url\":\"https:\/\/gauthierlift.com\/wordpress\/wp-content\/uploads\/2015\/08\/deval-logo-inverted1.png\",\"contentUrl\":\"https:\/\/gauthierlift.com\/wordpress\/wp-content\/uploads\/2015\/08\/deval-logo-inverted1.png\",\"width\":268,\"height\":76,\"caption\":\"Deval Chariots \u00c9l\u00e9vateurs\"},\"image\":{\"@id\":\"https:\/\/gauthierlift.com\/wordpress\/#\/schema\/logo\/image\/\"}}]}<\/script>\n<!-- \/ Yoast SEO plugin. -->","yoast_head_json":{"title":"About Deval Forklift","description":"Unicarriers forklift dealer in the Greater Montreal, Mont\u00e9r\u00e9gie, Laurentians, Lanaudi\u00e8re and Abitibi area.","robots":{"index":"index","follow":"follow","max-snippet":"max-snippet:-1","max-image-preview":"max-image-preview:large","max-video-preview":"max-video-preview:-1"},"canonical":"https:\/\/gauthierlift.com\/wordpress\/about-us\/","og_locale":"fr_FR","og_type":"article","og_title":"About Deval Forklift","og_description":"Unicarriers forklift dealer in the Greater Montreal, Mont\u00e9r\u00e9gie, Laurentians, Lanaudi\u00e8re and Abitibi area.","og_url":"https:\/\/gauthierlift.com\/wordpress\/en\/about-us\/","og_site_name":"Gauthier Chariots \u00c9l\u00e9vateurs","article_modified_time":"2024-02-16T13:58:55+00:00","og_image":[{"url":"https:\/\/gauthierlift.com\/wordpress\/wp-content\/uploads\/2015\/08\/deval_big-500x141.jpg","type":"","width":"","height":""}],"twitter_card":"summary_large_image","twitter_misc":{"Dur\u00e9e de lecture estim\u00e9e":"1 minute"},"schema":{"@context":"https:\/\/schema.org","@graph":[{"@type":"WebPage","@id":"https:\/\/gauthierlift.com\/wordpress\/en\/about-us\/","url":"https:\/\/gauthierlift.com\/wordpress\/en\/about-us\/","name":"About Deval Forklift","isPartOf":{"@id":"https:\/\/gauthierlift.com\/wordpress\/#website"},"primaryImageOfPage":{"@id":"https:\/\/gauthierlift.com\/wordpress\/en\/about-us\/#primaryimage"},"image":{"@id":"https:\/\/gauthierlift.com\/wordpress\/en\/about-us\/#primaryimage"},"thumbnailUrl":"https:\/\/gauthierlift.com\/wordpress\/wp-content\/uploads\/2015\/08\/deval_big-500x141.jpg","datePublished":"2015-08-19T20:57:25+00:00","dateModified":"2024-02-16T13:58:55+00:00","description":"Unicarriers forklift dealer in the Greater Montreal, Mont\u00e9r\u00e9gie, Laurentians, Lanaudi\u00e8re and Abitibi area.","breadcrumb":{"@id":"https:\/\/gauthierlift.com\/wordpress\/en\/about-us\/#breadcrumb"},"inLanguage":"fr-FR","potentialAction":[{"@type":"ReadAction","target":["https:\/\/gauthierlift.com\/wordpress\/en\/about-us\/"]}]},{"@type":"ImageObject","inLanguage":"fr-FR","@id":"https:\/\/gauthierlift.com\/wordpress\/en\/about-us\/#primaryimage","url":"https:\/\/gauthierlift.com\/wordpress\/wp-content\/uploads\/2015\/08\/deval_big.jpg","contentUrl":"https:\/\/gauthierlift.com\/wordpress\/wp-content\/uploads\/2015\/08\/deval_big.jpg","width":500,"height":141},{"@type":"BreadcrumbList","@id":"https:\/\/gauthierlift.com\/wordpress\/en\/about-us\/#breadcrumb","itemListElement":[{"@type":"ListItem","position":1,"name":"Accueil","item":"https:\/\/gauthierlift.com\/wordpress\/"},{"@type":"ListItem","position":2,"name":"About us"}]},{"@type":"WebSite","@id":"https:\/\/gauthierlift.com\/wordpress\/#website","url":"https:\/\/gauthierlift.com\/wordpress\/","name":"Gauthier Chariots \u00c9l\u00e9vateurs","description":"Achat, location et r\u00e9paration de chariots Hyundai, Clark et Load Lifter","publisher":{"@id":"https:\/\/gauthierlift.com\/wordpress\/#organization"},"potentialAction":[{"@type":"SearchAction","target":{"@type":"EntryPoint","urlTemplate":"https:\/\/gauthierlift.com\/wordpress\/?s={search_term_string}"},"query-input":{"@type":"PropertyValueSpecification","valueRequired":true,"valueName":"search_term_string"}}],"inLanguage":"fr-FR"},{"@type":"Organization","@id":"https:\/\/gauthierlift.com\/wordpress\/#organization","name":"Deval Chariots \u00c9l\u00e9vateurs","url":"https:\/\/gauthierlift.com\/wordpress\/","logo":{"@type":"ImageObject","inLanguage":"fr-FR","@id":"https:\/\/gauthierlift.com\/wordpress\/#\/schema\/logo\/image\/","url":"https:\/\/gauthierlift.com\/wordpress\/wp-content\/uploads\/2015\/08\/deval-logo-inverted1.png","contentUrl":"https:\/\/gauthierlift.com\/wordpress\/wp-content\/uploads\/2015\/08\/deval-logo-inverted1.png","width":268,"height":76,"caption":"Deval Chariots \u00c9l\u00e9vateurs"},"image":{"@id":"https:\/\/gauthierlift.com\/wordpress\/#\/schema\/logo\/image\/"}}]}},"_links":{"self":[{"href":"https:\/\/gauthierlift.com\/wordpress\/wp-json\/wp\/v2\/pages\/253","targetHints":{"allow":["GET"]}}],"collection":[{"href":"https:\/\/gauthierlift.com\/wordpress\/wp-json\/wp\/v2\/pages"}],"about":[{"href":"https:\/\/gauthierlift.com\/wordpress\/wp-json\/wp\/v2\/types\/page"}],"author":[{"embeddable":true,"href":"https:\/\/gauthierlift.com\/wordpress\/wp-json\/wp\/v2\/users\/1"}],"replies":[{"embeddable":true,"href":"https:\/\/gauthierlift.com\/wordpress\/wp-json\/wp\/v2\/comments?post=253"}],"version-history":[{"count":21,"href":"https:\/\/gauthierlift.com\/wordpress\/wp-json\/wp\/v2\/pages\/253\/revisions"}],"predecessor-version":[{"id":4947,"href":"https:\/\/gauthierlift.com\/wordpress\/wp-json\/wp\/v2\/pages\/253\/revisions\/4947"}],"wp:attachment":[{"href":"https:\/\/gauthierlift.com\/wordpress\/wp-json\/wp\/v2\/media?parent=253"}],"curies":[{"name":"wp","href":"https:\/\/api.w.org\/{rel}","templated":true}]}}