{"id":506,"date":"2015-10-16T15:01:45","date_gmt":"2015-10-16T14:01:45","guid":{"rendered":"http:\/\/gauthierlift.com\/wordpress\/?page_id=506"},"modified":"2024-02-16T15:03:11","modified_gmt":"2024-02-16T14:03:11","slug":"evaluation-entretien-reparation","status":"publish","type":"page","link":"https:\/\/gauthierlift.com\/wordpress\/evaluation-entretien-reparation\/","title":{"rendered":"\u00c9valuation, entretien, r\u00e9paration"},"content":{"rendered":"<p>Pour une \u00e9valuation, un entretien pr\u00e9ventif ou une r\u00e9paration, faites appel \u00e0 Gauthier Chariots \u00c9l\u00e9vateurs!<\/p>\n<p>Nos techniciens sp\u00e9cialis\u00e9s sauront vous offrir un service exceptionnel, que ce soit dans nos ateliers ou directement \u00e0 votre entreprise gr\u00e2ce \u00e0 nos multiples unit\u00e9s de service.<\/p>\n<p>Notre \u00e9quipement nous permet d\u2019effectuer des r\u00e9parations compl\u00e8tes et d\u2019envergure, avec efficacit\u00e9 et professionnalisme.<\/p>\n<ul>\n<li>Programme d\u2019entretien<\/li>\n<li>R\u00e9paration de chariots de toutes marques<\/li>\n<li>Propane, diesel, essence ou \u00e9lectrique<\/li>\n<li>Analyse des gaz d\u2019\u00e9chappement<\/li>\n<li>Location de chariots \u00e9l\u00e9vateurs<\/li>\n<li>Reconstruction de moteur, transmission, m\u00e2t<\/li>\n<li>Modification de chariots sur mesure<\/li>\n<li>Vaste gamme de boyaux hydraulique pour convenir aux besoins industriels, agricoles et de machineries diverses<\/li>\n<li>Important inventaire de pi\u00e8ces, pour toutes les marques et les cat\u00e9gories de chariots<\/li>\n<li>D\u00e9pannage 24 heures sur 24, 7 jours sur 7<\/li>\n<\/ul>\n<p>Pour obtenir plus d\u2019informations concernant nos services, <span style=\"color: #f05a28;\"><strong><a style=\"color: #f05a28;\" href=\"https:\/\/gauthierlift.com\/wordpress\/nous-joindre\/\">contactez-nous!<\/a><\/strong><\/span><\/p>\n<p>&nbsp;<\/p>\n<p>Il nous fera plaisir de r\u00e9pondre \u00e0 toutes vos questions et, si vous le souhaitez, au besoin, un technicien ou un repr\u00e9sentant ira vous rencontrer au moment qui vous conviendra le mieux.<\/p>\n<p><span style=\"color: #f05a28;\"><strong><a style=\"color: #f05a28;\" href=\"https:\/\/gauthierlift.com\/wordpress\/location\/\">Pour en savoir plus sur notre service de location, cliquez ici!<\/a><\/strong><\/span><\/p>\n<p>&nbsp;<\/p>\n","protected":false},"excerpt":{"rendered":"Pour une \u00e9valuation, un entretien pr\u00e9ventif ou une r\u00e9paration, faites appel \u00e0 Gauthier Chariots \u00c9l\u00e9vateurs! Nos techniciens sp\u00e9cialis\u00e9s sauront vous offrir un service exceptionnel, que ce soit dans nos ateliers ou directement \u00e0 votre entreprise gr\u00e2ce \u00e0 nos multiples unit\u00e9s de service. Notre \u00e9quipement nous permet d\u2019effectuer des r\u00e9parations compl\u00e8tes et d\u2019envergure, avec efficacit\u00e9 et&#8230;<br><br><a class=\"view-article\" href=\"https:\/\/gauthierlift.com\/wordpress\/evaluation-entretien-reparation\/\">Voir l&rsquo;article<\/a>","protected":false},"author":1,"featured_media":0,"parent":0,"menu_order":0,"comment_status":"closed","ping_status":"closed","template":"","meta":{"footnotes":""},"class_list":["post-506","page","type-page","status-publish","hentry"],"yoast_head":"<!-- This site is optimized with the Yoast SEO plugin v26.6 - https:\/\/yoast.com\/wordpress\/plugins\/seo\/ -->\n<title>\u00c9valuation, entretien, r\u00e9paration - Gauthier Chariots \u00c9l\u00e9vateurs<\/title>\n<meta name=\"description\" content=\"Pour une \u00e9valuation, un entretien pr\u00e9ventif ou une r\u00e9paration, faites appel \u00e0 Gauthier Chariots \u00c9l\u00e9vateurs! Nos techniciens sp\u00e9cialis\u00e9s sauront vous offrir un service exceptionnel, que ce soit dans nos ateliers ou directement \u00e0 votre entreprise gr\u00e2ce \u00e0 nos multiples unit\u00e9s de service.\" \/>\n<meta name=\"robots\" content=\"index, follow, max-snippet:-1, max-image-preview:large, max-video-preview:-1\" \/>\n<link rel=\"canonical\" href=\"https:\/\/gauthierlift.com\/wordpress\/evaluation-entretien-reparation\/\" \/>\n<meta property=\"og:locale\" content=\"fr_FR\" \/>\n<meta property=\"og:type\" content=\"article\" \/>\n<meta property=\"og:title\" content=\"\u00c9valuation, entretien, r\u00e9paration - Gauthier Chariots \u00c9l\u00e9vateurs\" \/>\n<meta property=\"og:description\" content=\"Pour une \u00e9valuation, un entretien pr\u00e9ventif ou une r\u00e9paration, faites appel \u00e0 Gauthier Chariots \u00c9l\u00e9vateurs! Nos techniciens sp\u00e9cialis\u00e9s sauront vous offrir un service exceptionnel, que ce soit dans nos ateliers ou directement \u00e0 votre entreprise gr\u00e2ce \u00e0 nos multiples unit\u00e9s de service.\" \/>\n<meta property=\"og:url\" content=\"https:\/\/gauthierlift.com\/wordpress\/evaluation-entretien-reparation\/\" \/>\n<meta property=\"og:site_name\" content=\"Gauthier Chariots \u00c9l\u00e9vateurs\" \/>\n<meta property=\"article:modified_time\" content=\"2024-02-16T14:03:11+00:00\" \/>\n<meta name=\"twitter:card\" content=\"summary_large_image\" \/>\n<meta name=\"twitter:label1\" content=\"Dur\u00e9e de lecture estim\u00e9e\" \/>\n\t<meta name=\"twitter:data1\" content=\"1 minute\" \/>\n<script type=\"application\/ld+json\" class=\"yoast-schema-graph\">{\"@context\":\"https:\/\/schema.org\",\"@graph\":[{\"@type\":\"WebPage\",\"@id\":\"https:\/\/gauthierlift.com\/wordpress\/evaluation-entretien-reparation\/\",\"url\":\"https:\/\/gauthierlift.com\/wordpress\/evaluation-entretien-reparation\/\",\"name\":\"\u00c9valuation, entretien, r\u00e9paration - Gauthier Chariots \u00c9l\u00e9vateurs\",\"isPartOf\":{\"@id\":\"https:\/\/gauthierlift.com\/wordpress\/#website\"},\"datePublished\":\"2015-10-16T14:01:45+00:00\",\"dateModified\":\"2024-02-16T14:03:11+00:00\",\"description\":\"Pour une \u00e9valuation, un entretien pr\u00e9ventif ou une r\u00e9paration, faites appel \u00e0 Gauthier Chariots \u00c9l\u00e9vateurs! Nos techniciens sp\u00e9cialis\u00e9s sauront vous offrir un service exceptionnel, que ce soit dans nos ateliers ou directement \u00e0 votre entreprise gr\u00e2ce \u00e0 nos multiples unit\u00e9s de service.\",\"breadcrumb\":{\"@id\":\"https:\/\/gauthierlift.com\/wordpress\/evaluation-entretien-reparation\/#breadcrumb\"},\"inLanguage\":\"fr-FR\",\"potentialAction\":[{\"@type\":\"ReadAction\",\"target\":[\"https:\/\/gauthierlift.com\/wordpress\/evaluation-entretien-reparation\/\"]}]},{\"@type\":\"BreadcrumbList\",\"@id\":\"https:\/\/gauthierlift.com\/wordpress\/evaluation-entretien-reparation\/#breadcrumb\",\"itemListElement\":[{\"@type\":\"ListItem\",\"position\":1,\"name\":\"Accueil\",\"item\":\"https:\/\/gauthierlift.com\/wordpress\/\"},{\"@type\":\"ListItem\",\"position\":2,\"name\":\"\u00c9valuation, entretien, r\u00e9paration\"}]},{\"@type\":\"WebSite\",\"@id\":\"https:\/\/gauthierlift.com\/wordpress\/#website\",\"url\":\"https:\/\/gauthierlift.com\/wordpress\/\",\"name\":\"Gauthier Chariots \u00c9l\u00e9vateurs\",\"description\":\"Achat, location et r\u00e9paration de chariots Hyundai, Clark et Load Lifter\",\"publisher\":{\"@id\":\"https:\/\/gauthierlift.com\/wordpress\/#organization\"},\"potentialAction\":[{\"@type\":\"SearchAction\",\"target\":{\"@type\":\"EntryPoint\",\"urlTemplate\":\"https:\/\/gauthierlift.com\/wordpress\/?s={search_term_string}\"},\"query-input\":{\"@type\":\"PropertyValueSpecification\",\"valueRequired\":true,\"valueName\":\"search_term_string\"}}],\"inLanguage\":\"fr-FR\"},{\"@type\":\"Organization\",\"@id\":\"https:\/\/gauthierlift.com\/wordpress\/#organization\",\"name\":\"Deval Chariots \u00c9l\u00e9vateurs\",\"url\":\"https:\/\/gauthierlift.com\/wordpress\/\",\"logo\":{\"@type\":\"ImageObject\",\"inLanguage\":\"fr-FR\",\"@id\":\"https:\/\/gauthierlift.com\/wordpress\/#\/schema\/logo\/image\/\",\"url\":\"https:\/\/gauthierlift.com\/wordpress\/wp-content\/uploads\/2015\/08\/deval-logo-inverted1.png\",\"contentUrl\":\"https:\/\/gauthierlift.com\/wordpress\/wp-content\/uploads\/2015\/08\/deval-logo-inverted1.png\",\"width\":268,\"height\":76,\"caption\":\"Deval Chariots \u00c9l\u00e9vateurs\"},\"image\":{\"@id\":\"https:\/\/gauthierlift.com\/wordpress\/#\/schema\/logo\/image\/\"}}]}<\/script>\n<!-- \/ Yoast SEO plugin. -->","yoast_head_json":{"title":"\u00c9valuation, entretien, r\u00e9paration - Gauthier Chariots \u00c9l\u00e9vateurs","description":"Pour une \u00e9valuation, un entretien pr\u00e9ventif ou une r\u00e9paration, faites appel \u00e0 Gauthier Chariots \u00c9l\u00e9vateurs! Nos techniciens sp\u00e9cialis\u00e9s sauront vous offrir un service exceptionnel, que ce soit dans nos ateliers ou directement \u00e0 votre entreprise gr\u00e2ce \u00e0 nos multiples unit\u00e9s de service.","robots":{"index":"index","follow":"follow","max-snippet":"max-snippet:-1","max-image-preview":"max-image-preview:large","max-video-preview":"max-video-preview:-1"},"canonical":"https:\/\/gauthierlift.com\/wordpress\/evaluation-entretien-reparation\/","og_locale":"fr_FR","og_type":"article","og_title":"\u00c9valuation, entretien, r\u00e9paration - Gauthier Chariots \u00c9l\u00e9vateurs","og_description":"Pour une \u00e9valuation, un entretien pr\u00e9ventif ou une r\u00e9paration, faites appel \u00e0 Gauthier Chariots \u00c9l\u00e9vateurs! Nos techniciens sp\u00e9cialis\u00e9s sauront vous offrir un service exceptionnel, que ce soit dans nos ateliers ou directement \u00e0 votre entreprise gr\u00e2ce \u00e0 nos multiples unit\u00e9s de service.","og_url":"https:\/\/gauthierlift.com\/wordpress\/evaluation-entretien-reparation\/","og_site_name":"Gauthier Chariots \u00c9l\u00e9vateurs","article_modified_time":"2024-02-16T14:03:11+00:00","twitter_card":"summary_large_image","twitter_misc":{"Dur\u00e9e de lecture estim\u00e9e":"1 minute"},"schema":{"@context":"https:\/\/schema.org","@graph":[{"@type":"WebPage","@id":"https:\/\/gauthierlift.com\/wordpress\/evaluation-entretien-reparation\/","url":"https:\/\/gauthierlift.com\/wordpress\/evaluation-entretien-reparation\/","name":"\u00c9valuation, entretien, r\u00e9paration - Gauthier Chariots \u00c9l\u00e9vateurs","isPartOf":{"@id":"https:\/\/gauthierlift.com\/wordpress\/#website"},"datePublished":"2015-10-16T14:01:45+00:00","dateModified":"2024-02-16T14:03:11+00:00","description":"Pour une \u00e9valuation, un entretien pr\u00e9ventif ou une r\u00e9paration, faites appel \u00e0 Gauthier Chariots \u00c9l\u00e9vateurs! Nos techniciens sp\u00e9cialis\u00e9s sauront vous offrir un service exceptionnel, que ce soit dans nos ateliers ou directement \u00e0 votre entreprise gr\u00e2ce \u00e0 nos multiples unit\u00e9s de service.","breadcrumb":{"@id":"https:\/\/gauthierlift.com\/wordpress\/evaluation-entretien-reparation\/#breadcrumb"},"inLanguage":"fr-FR","potentialAction":[{"@type":"ReadAction","target":["https:\/\/gauthierlift.com\/wordpress\/evaluation-entretien-reparation\/"]}]},{"@type":"BreadcrumbList","@id":"https:\/\/gauthierlift.com\/wordpress\/evaluation-entretien-reparation\/#breadcrumb","itemListElement":[{"@type":"ListItem","position":1,"name":"Accueil","item":"https:\/\/gauthierlift.com\/wordpress\/"},{"@type":"ListItem","position":2,"name":"\u00c9valuation, entretien, r\u00e9paration"}]},{"@type":"WebSite","@id":"https:\/\/gauthierlift.com\/wordpress\/#website","url":"https:\/\/gauthierlift.com\/wordpress\/","name":"Gauthier Chariots \u00c9l\u00e9vateurs","description":"Achat, location et r\u00e9paration de chariots Hyundai, Clark et Load Lifter","publisher":{"@id":"https:\/\/gauthierlift.com\/wordpress\/#organization"},"potentialAction":[{"@type":"SearchAction","target":{"@type":"EntryPoint","urlTemplate":"https:\/\/gauthierlift.com\/wordpress\/?s={search_term_string}"},"query-input":{"@type":"PropertyValueSpecification","valueRequired":true,"valueName":"search_term_string"}}],"inLanguage":"fr-FR"},{"@type":"Organization","@id":"https:\/\/gauthierlift.com\/wordpress\/#organization","name":"Deval Chariots \u00c9l\u00e9vateurs","url":"https:\/\/gauthierlift.com\/wordpress\/","logo":{"@type":"ImageObject","inLanguage":"fr-FR","@id":"https:\/\/gauthierlift.com\/wordpress\/#\/schema\/logo\/image\/","url":"https:\/\/gauthierlift.com\/wordpress\/wp-content\/uploads\/2015\/08\/deval-logo-inverted1.png","contentUrl":"https:\/\/gauthierlift.com\/wordpress\/wp-content\/uploads\/2015\/08\/deval-logo-inverted1.png","width":268,"height":76,"caption":"Deval Chariots \u00c9l\u00e9vateurs"},"image":{"@id":"https:\/\/gauthierlift.com\/wordpress\/#\/schema\/logo\/image\/"}}]}},"_links":{"self":[{"href":"https:\/\/gauthierlift.com\/wordpress\/wp-json\/wp\/v2\/pages\/506","targetHints":{"allow":["GET"]}}],"collection":[{"href":"https:\/\/gauthierlift.com\/wordpress\/wp-json\/wp\/v2\/pages"}],"about":[{"href":"https:\/\/gauthierlift.com\/wordpress\/wp-json\/wp\/v2\/types\/page"}],"author":[{"embeddable":true,"href":"https:\/\/gauthierlift.com\/wordpress\/wp-json\/wp\/v2\/users\/1"}],"replies":[{"embeddable":true,"href":"https:\/\/gauthierlift.com\/wordpress\/wp-json\/wp\/v2\/comments?post=506"}],"version-history":[{"count":11,"href":"https:\/\/gauthierlift.com\/wordpress\/wp-json\/wp\/v2\/pages\/506\/revisions"}],"predecessor-version":[{"id":4949,"href":"https:\/\/gauthierlift.com\/wordpress\/wp-json\/wp\/v2\/pages\/506\/revisions\/4949"}],"wp:attachment":[{"href":"https:\/\/gauthierlift.com\/wordpress\/wp-json\/wp\/v2\/media?parent=506"}],"curies":[{"name":"wp","href":"https:\/\/api.w.org\/{rel}","templated":true}]}}