{"id":512,"date":"2015-10-16T15:01:45","date_gmt":"2015-10-16T14:01:45","guid":{"rendered":"http:\/\/gauthierlift.com\/wordpress\/en\/mesure-des-emanations\/"},"modified":"2016-03-24T20:59:22","modified_gmt":"2016-03-24T19:59:22","slug":"measurement-of-emissions","status":"publish","type":"page","link":"https:\/\/gauthierlift.com\/wordpress\/en\/measurement-of-emissions\/","title":{"rendered":"Measurement of emissions"},"content":{"rendered":"<p><span style=\"font-family: Roboto;\">Carbon monoxide (CO), also called the \u201csilent killer\u201d, is a colourless, odourless and tasteless toxic gas. Yet, the use of internal combustion forklifts is one of the main sources of carbon monoxide exposure. To protect your staff, it is therefore essential to ensure that your internal combustion forklifts meet the minimum applicable standards.<\/span><\/p>\n<p><span style=\"font-family: Roboto;\">Our mechanics are all competent and not only possess the equipment needed to verify the safety of your lifting devices required by law, but also the authority to produce the corresponding inspection report:<\/span><\/p>\n<ul>\n<li><span style=\"font-family: Roboto;\">Measurement protocol of the 4 gases: carbon monoxide (CO), carbon dioxide (CO<sub>2<\/sub>), oxygen (O<sub>2<\/sub>), hydrocarbons (HC);<\/span><\/li>\n<li><span style=\"font-family: Roboto;\">Carburetion adjustment to comply with the standards;<\/span><\/li>\n<li><span style=\"font-family: Roboto;\">Saving of the inspection report:<\/span>\n<ul>\n<li><span style=\"font-family: Roboto;\">Work description;<\/span><\/li>\n<li><span style=\"font-family: Roboto;\">List of parts changed;<\/span><\/li>\n<li><span style=\"font-family: Roboto;\">Results of pre- and post-work analyses.<\/span><\/li>\n<\/ul>\n<\/li>\n<\/ul>\n","protected":false},"excerpt":{"rendered":"Carbon monoxide (CO), also called the \u201csilent killer\u201d, is a colourless, odourless and tasteless toxic gas. Yet, the use of internal combustion forklifts is one of the main sources of carbon monoxide exposure. To protect your staff, it is therefore essential to ensure that your internal combustion forklifts meet the minimum applicable standards. Our mechanics&#8230;<br><br><a class=\"view-article\" href=\"https:\/\/gauthierlift.com\/wordpress\/en\/measurement-of-emissions\/\">Voir l&rsquo;article<\/a>","protected":false},"author":1,"featured_media":0,"parent":0,"menu_order":0,"comment_status":"closed","ping_status":"closed","template":"","meta":{"footnotes":""},"class_list":["post-512","page","type-page","status-publish","hentry"],"yoast_head":"<!-- This site is optimized with the Yoast SEO plugin v26.6 - https:\/\/yoast.com\/wordpress\/plugins\/seo\/ -->\n<title>Measurement of emissions - Gauthier Chariots \u00c9l\u00e9vateurs<\/title>\n<meta name=\"robots\" content=\"index, follow, max-snippet:-1, max-image-preview:large, max-video-preview:-1\" \/>\n<link rel=\"canonical\" href=\"https:\/\/gauthierlift.com\/wordpress\/measurement-of-emissions\/\" \/>\n<meta property=\"og:locale\" content=\"fr_FR\" \/>\n<meta property=\"og:type\" content=\"article\" \/>\n<meta property=\"og:title\" content=\"Measurement of emissions - Gauthier Chariots \u00c9l\u00e9vateurs\" \/>\n<meta property=\"og:description\" content=\"Carbon monoxide (CO), also called the \u201csilent killer\u201d, is a colourless, odourless and tasteless toxic gas. Yet, the use of internal combustion forklifts is one of the main sources of carbon monoxide exposure. To protect your staff, it is therefore essential to ensure that your internal combustion forklifts meet the minimum applicable standards. Our mechanics...Voir l&#039;article\" \/>\n<meta property=\"og:url\" content=\"https:\/\/gauthierlift.com\/wordpress\/en\/measurement-of-emissions\/\" \/>\n<meta property=\"og:site_name\" content=\"Gauthier Chariots \u00c9l\u00e9vateurs\" \/>\n<meta property=\"article:modified_time\" content=\"2016-03-24T19:59:22+00:00\" \/>\n<meta name=\"twitter:card\" content=\"summary_large_image\" \/>\n<meta name=\"twitter:label1\" content=\"Dur\u00e9e de lecture estim\u00e9e\" \/>\n\t<meta name=\"twitter:data1\" content=\"1 minute\" \/>\n<script type=\"application\/ld+json\" class=\"yoast-schema-graph\">{\"@context\":\"https:\/\/schema.org\",\"@graph\":[{\"@type\":\"WebPage\",\"@id\":\"https:\/\/gauthierlift.com\/wordpress\/en\/measurement-of-emissions\/\",\"url\":\"https:\/\/gauthierlift.com\/wordpress\/en\/measurement-of-emissions\/\",\"name\":\"Measurement of emissions - Gauthier Chariots \u00c9l\u00e9vateurs\",\"isPartOf\":{\"@id\":\"https:\/\/gauthierlift.com\/wordpress\/#website\"},\"datePublished\":\"2015-10-16T14:01:45+00:00\",\"dateModified\":\"2016-03-24T19:59:22+00:00\",\"breadcrumb\":{\"@id\":\"https:\/\/gauthierlift.com\/wordpress\/en\/measurement-of-emissions\/#breadcrumb\"},\"inLanguage\":\"fr-FR\",\"potentialAction\":[{\"@type\":\"ReadAction\",\"target\":[\"https:\/\/gauthierlift.com\/wordpress\/en\/measurement-of-emissions\/\"]}]},{\"@type\":\"BreadcrumbList\",\"@id\":\"https:\/\/gauthierlift.com\/wordpress\/en\/measurement-of-emissions\/#breadcrumb\",\"itemListElement\":[{\"@type\":\"ListItem\",\"position\":1,\"name\":\"Accueil\",\"item\":\"https:\/\/gauthierlift.com\/wordpress\/\"},{\"@type\":\"ListItem\",\"position\":2,\"name\":\"Measurement of emissions\"}]},{\"@type\":\"WebSite\",\"@id\":\"https:\/\/gauthierlift.com\/wordpress\/#website\",\"url\":\"https:\/\/gauthierlift.com\/wordpress\/\",\"name\":\"Gauthier Chariots \u00c9l\u00e9vateurs\",\"description\":\"Achat, location et r\u00e9paration de chariots Hyundai, Clark et Load Lifter\",\"publisher\":{\"@id\":\"https:\/\/gauthierlift.com\/wordpress\/#organization\"},\"potentialAction\":[{\"@type\":\"SearchAction\",\"target\":{\"@type\":\"EntryPoint\",\"urlTemplate\":\"https:\/\/gauthierlift.com\/wordpress\/?s={search_term_string}\"},\"query-input\":{\"@type\":\"PropertyValueSpecification\",\"valueRequired\":true,\"valueName\":\"search_term_string\"}}],\"inLanguage\":\"fr-FR\"},{\"@type\":\"Organization\",\"@id\":\"https:\/\/gauthierlift.com\/wordpress\/#organization\",\"name\":\"Deval Chariots \u00c9l\u00e9vateurs\",\"url\":\"https:\/\/gauthierlift.com\/wordpress\/\",\"logo\":{\"@type\":\"ImageObject\",\"inLanguage\":\"fr-FR\",\"@id\":\"https:\/\/gauthierlift.com\/wordpress\/#\/schema\/logo\/image\/\",\"url\":\"https:\/\/gauthierlift.com\/wordpress\/wp-content\/uploads\/2015\/08\/deval-logo-inverted1.png\",\"contentUrl\":\"https:\/\/gauthierlift.com\/wordpress\/wp-content\/uploads\/2015\/08\/deval-logo-inverted1.png\",\"width\":268,\"height\":76,\"caption\":\"Deval Chariots \u00c9l\u00e9vateurs\"},\"image\":{\"@id\":\"https:\/\/gauthierlift.com\/wordpress\/#\/schema\/logo\/image\/\"}}]}<\/script>\n<!-- \/ Yoast SEO plugin. -->","yoast_head_json":{"title":"Measurement of emissions - Gauthier Chariots \u00c9l\u00e9vateurs","robots":{"index":"index","follow":"follow","max-snippet":"max-snippet:-1","max-image-preview":"max-image-preview:large","max-video-preview":"max-video-preview:-1"},"canonical":"https:\/\/gauthierlift.com\/wordpress\/measurement-of-emissions\/","og_locale":"fr_FR","og_type":"article","og_title":"Measurement of emissions - Gauthier Chariots \u00c9l\u00e9vateurs","og_description":"Carbon monoxide (CO), also called the \u201csilent killer\u201d, is a colourless, odourless and tasteless toxic gas. Yet, the use of internal combustion forklifts is one of the main sources of carbon monoxide exposure. To protect your staff, it is therefore essential to ensure that your internal combustion forklifts meet the minimum applicable standards. Our mechanics...Voir l'article","og_url":"https:\/\/gauthierlift.com\/wordpress\/en\/measurement-of-emissions\/","og_site_name":"Gauthier Chariots \u00c9l\u00e9vateurs","article_modified_time":"2016-03-24T19:59:22+00:00","twitter_card":"summary_large_image","twitter_misc":{"Dur\u00e9e de lecture estim\u00e9e":"1 minute"},"schema":{"@context":"https:\/\/schema.org","@graph":[{"@type":"WebPage","@id":"https:\/\/gauthierlift.com\/wordpress\/en\/measurement-of-emissions\/","url":"https:\/\/gauthierlift.com\/wordpress\/en\/measurement-of-emissions\/","name":"Measurement of emissions - Gauthier Chariots \u00c9l\u00e9vateurs","isPartOf":{"@id":"https:\/\/gauthierlift.com\/wordpress\/#website"},"datePublished":"2015-10-16T14:01:45+00:00","dateModified":"2016-03-24T19:59:22+00:00","breadcrumb":{"@id":"https:\/\/gauthierlift.com\/wordpress\/en\/measurement-of-emissions\/#breadcrumb"},"inLanguage":"fr-FR","potentialAction":[{"@type":"ReadAction","target":["https:\/\/gauthierlift.com\/wordpress\/en\/measurement-of-emissions\/"]}]},{"@type":"BreadcrumbList","@id":"https:\/\/gauthierlift.com\/wordpress\/en\/measurement-of-emissions\/#breadcrumb","itemListElement":[{"@type":"ListItem","position":1,"name":"Accueil","item":"https:\/\/gauthierlift.com\/wordpress\/"},{"@type":"ListItem","position":2,"name":"Measurement of emissions"}]},{"@type":"WebSite","@id":"https:\/\/gauthierlift.com\/wordpress\/#website","url":"https:\/\/gauthierlift.com\/wordpress\/","name":"Gauthier Chariots \u00c9l\u00e9vateurs","description":"Achat, location et r\u00e9paration de chariots Hyundai, Clark et Load Lifter","publisher":{"@id":"https:\/\/gauthierlift.com\/wordpress\/#organization"},"potentialAction":[{"@type":"SearchAction","target":{"@type":"EntryPoint","urlTemplate":"https:\/\/gauthierlift.com\/wordpress\/?s={search_term_string}"},"query-input":{"@type":"PropertyValueSpecification","valueRequired":true,"valueName":"search_term_string"}}],"inLanguage":"fr-FR"},{"@type":"Organization","@id":"https:\/\/gauthierlift.com\/wordpress\/#organization","name":"Deval Chariots \u00c9l\u00e9vateurs","url":"https:\/\/gauthierlift.com\/wordpress\/","logo":{"@type":"ImageObject","inLanguage":"fr-FR","@id":"https:\/\/gauthierlift.com\/wordpress\/#\/schema\/logo\/image\/","url":"https:\/\/gauthierlift.com\/wordpress\/wp-content\/uploads\/2015\/08\/deval-logo-inverted1.png","contentUrl":"https:\/\/gauthierlift.com\/wordpress\/wp-content\/uploads\/2015\/08\/deval-logo-inverted1.png","width":268,"height":76,"caption":"Deval Chariots \u00c9l\u00e9vateurs"},"image":{"@id":"https:\/\/gauthierlift.com\/wordpress\/#\/schema\/logo\/image\/"}}]}},"_links":{"self":[{"href":"https:\/\/gauthierlift.com\/wordpress\/wp-json\/wp\/v2\/pages\/512","targetHints":{"allow":["GET"]}}],"collection":[{"href":"https:\/\/gauthierlift.com\/wordpress\/wp-json\/wp\/v2\/pages"}],"about":[{"href":"https:\/\/gauthierlift.com\/wordpress\/wp-json\/wp\/v2\/types\/page"}],"author":[{"embeddable":true,"href":"https:\/\/gauthierlift.com\/wordpress\/wp-json\/wp\/v2\/users\/1"}],"replies":[{"embeddable":true,"href":"https:\/\/gauthierlift.com\/wordpress\/wp-json\/wp\/v2\/comments?post=512"}],"version-history":[{"count":11,"href":"https:\/\/gauthierlift.com\/wordpress\/wp-json\/wp\/v2\/pages\/512\/revisions"}],"predecessor-version":[{"id":646,"href":"https:\/\/gauthierlift.com\/wordpress\/wp-json\/wp\/v2\/pages\/512\/revisions\/646"}],"wp:attachment":[{"href":"https:\/\/gauthierlift.com\/wordpress\/wp-json\/wp\/v2\/media?parent=512"}],"curies":[{"name":"wp","href":"https:\/\/api.w.org\/{rel}","templated":true}]}}